{"id":4285,"date":"2024-03-18T10:54:38","date_gmt":"2024-03-18T08:54:38","guid":{"rendered":"https:\/\/ecotextile.dev2.sdhost.eu\/?post_type=product&#038;p=4285"},"modified":"2025-03-29T20:34:46","modified_gmt":"2025-03-29T18:34:46","slug":"elvin-punane","status":"publish","type":"product","link":"https:\/\/ecotextile.eu\/ru\/product\/elvin-punane\/","title":{"rendered":"ELVIN (\u043a\u0440\u0430\u0441\u043d\u044b\u0439), \u043d\u0430\u0431\u043e\u0440 \u043a\u0443\u0445\u043e\u043d\u043d\u044b\u0445 \u043f\u043e\u043b\u043e\u0442\u0435\u043d\u0435\u0446 2 \u0432 1 \u0432 \u043f\u043e\u0434\u0430\u0440\u043e\u0447\u043d\u043e\u0439 \u0443\u043f\u0430\u043a\u043e\u0432\u043a\u0435."},"content":{"rendered":"<p>\u041d\u0430\u0431\u043e\u0440 \u043a\u0443\u0445\u043e\u043d\u043d\u044b\u0445 \u043f\u043e\u043b\u043e\u0442\u0435\u043d\u0435\u0446\u00a0 ELVIN 2 \u0432 1, \u0438\u0437\u0433\u043e\u0442\u043e\u0432\u043b\u0435\u043d\u044b \u0438\u0437 100% \u043e\u0440\u0433\u0430\u043d\u0438\u0447\u0435\u0441\u043a\u043e\u0433\u043e \u0445\u043b\u043e\u043f\u043a\u0430,\u00a0 \u0432\u044b\u0440\u0430\u0449\u0435\u043d\u043d\u043e\u0433\u043e \u0431\u0435\u0437 \u0438\u0441\u043f\u043e\u043b\u044c\u0437\u043e\u0432\u0430\u043d\u0438\u044f \u0445\u0438\u043c\u0438\u0447\u0435\u0441\u043a\u0438\u0445 \u0443\u0434\u043e\u0431\u0440\u0435\u043d\u0438\u0439 \u0438 \u043f\u0435\u0441\u0442\u0438\u0446\u0438\u0434\u043e\u0432, \u0447\u0442\u043e \u043f\u043e\u0434\u0442\u0432\u0435\u0440\u0436\u0434\u0430\u0435\u0442\u0441\u044f \u043d\u0430\u043b\u0438\u0447\u0438\u0435\u043c \u0441\u0435\u0440\u0442\u0438\u0444\u0438\u043a\u0430\u0442\u043e\u0432. \u041e\u0431\u043b\u0430\u0434\u0430\u044e\u0442 \u043c\u044f\u0433\u043a\u043e\u0441\u0442\u044c\u044e \u0438 \u0432\u043f\u0438\u0442\u044b\u0432\u0430\u044e\u0449\u0435\u0439 \u0441\u043f\u043e\u0441\u043e\u0431\u043d\u043e\u0441\u0442\u044c\u044e, \u0441\u043e\u0445\u0440\u0430\u043d\u044f\u044f \u043f\u0440\u0438 \u044d\u0442\u043e\u043c \u043f\u0440\u043e\u0447\u043d\u043e\u0441\u0442\u044c \u0438 \u0434\u043e\u043b\u0433\u043e\u0432\u0435\u0447\u043d\u043e\u0441\u0442\u044c. \u041a\u0440\u0430\u0441\u0438\u0432\u0430\u044f \u043f\u043e\u0434\u0430\u0440\u043e\u0447\u043d\u0430\u044f \u0443\u043f\u0430\u043a\u043e\u0432\u043a\u0430.<\/p>\n<p><strong>\u041a\u043e\u043c\u043f\u043b\u0435\u043a\u0442\u0430\u0446\u0438\u044f:<\/strong><\/p>\n<ul>\n<li>2 \u0448\u0442. : \u043f\u043e\u043b\u043e\u0442\u0435\u043d\u0446\u0430 40\u00d760 \u0441\u043c<\/li>\n<li>1 \u0448\u0442. : \u043f\u043e\u0434\u0430\u0440\u043e\u0447\u043d\u0430\u044f \u0443\u043f\u0430\u043a\u043e\u0432\u043a\u0430<\/li>\n<\/ul>\n","protected":false},"excerpt":{"rendered":"<p><strong><a class=\"hover-zoom\" href=\"https:\/\/ecotextile.eu\/ru\/tuup\/naturalnye-tovary\/\" target=\"_blank\" rel=\"noopener\"><img decoding=\"async\" class=\"alignnone wp-image-9964 lazyloaded\" src=\"https:\/\/ecotextile.eu\/wp-content\/uploads\/2024\/12\/ecotextile.png\" alt=\"\" width=\"50\" height=\"46\" data-src=\"https:\/\/ecotextile.eu\/wp-content\/uploads\/2024\/12\/ecotextile.png\" \/><\/a> \u00a0 \u00a0 <a class=\"hover-zoom\" href=\"https:\/\/ecotextile.eu\/ru\/gift-ideas\/\" target=\"_blank\" rel=\"noopener\"><img decoding=\"async\" class=\"alignnone size-full wp-image-12379 ls-is-cached lazyloaded\" src=\"https:\/\/ecotextile.eu\/wp-content\/uploads\/2024\/06\/gift-box1.png\" alt=\"\" width=\"40\" height=\"40\" data-src=\"https:\/\/ecotextile.eu\/wp-content\/uploads\/2024\/06\/gift-box1.png\" \/><\/a>\u00a0 \u00a0 \u00a0 <a class=\"hover-zoom\" href=\"https:\/\/ecotextile.eu\/ru\/tuup\/eko-tovary\/\" target=\"_blank\" rel=\"noopener\"><img decoding=\"async\" class=\"alignnone wp-image-9964 lazyloaded\" src=\"https:\/\/ecotextile.eu\/wp-content\/uploads\/2024\/06\/ecotextile-eco.png\" alt=\"\" width=\"50\" height=\"46\" data-src=\"https:\/\/ecotextile.eu\/wp-content\/uploads\/2024\/12\/ecotextile.png\" \/><\/a><\/strong><br \/>\n<strong>100% \u043e\u0440\u0433\u0430\u043d\u0438\u0447\u0435\u0441\u043a\u0438\u0439 \u0445\u043b\u043e\u043f\u043e\u043a.<\/strong><\/p>\n<div class=\"woocommerce-product-details__short-description\">\n<ul>\n<li><strong>\u041a\u043e\u043c\u043f\u043b\u0435\u043a\u0442\u0430\u0446\u0438\u044f: <\/strong>2 \u043f\u043e\u043b\u043e\u0442\u0435\u043d\u0446\u0430<\/li>\n<li><strong>\u0420\u0430\u0437\u043c\u0435\u0440:<\/strong> 40\u00d760 \u0441\u043c<\/li>\n<li><strong>\u0421\u043e\u0441\u0442\u0430\u0432:<\/strong>\u00a0100% \u044d\u043a\u043e \u0445\u043b\u043e\u043f\u043e\u043a<\/li>\n<li><strong>\u0426\u0432\u0435\u0442:<\/strong> \u043a\u0440\u0430\u0441\u043d\u044b\u0439<\/li>\n<li><strong><a href=\"https:\/\/ecotextile.eu\/ru\/delivery-and-payment\/\" target=\"_blank\" rel=\"noopener\">\u0414\u043e\u0441\u0442\u0430\u0432\u043a\u0430<\/a>:<\/strong>\u00a0\u0411\u0435\u0441\u043f\u043b\u0430\u0442\u043d\u043e \u043e\u0442 30\u20ac* (<a href=\"https:\/\/ecotextile.eu\/ru\/delivery-and-payment\/\" target=\"_blank\" rel=\"noopener\">\u0441\u043c\u043e\u0442\u0440\u0438\u0442\u0435 \u0434\u043b\u044f \u0441\u0432\u043e\u0435\u0433\u043e \u0440\u0435\u0433\u0438\u043e\u043d\u0430<\/a>)<\/li>\n<li><a href=\"https:\/\/ecotextile.eu\/ru\/okosertifikaadid\/\" target=\"_blank\" rel=\"noopener\"><strong>\u042d\u043a\u043e\u043b\u043e\u0433\u0438\u0447\u0435\u0441\u043a\u0438\u0439 \u0441\u0435\u0440\u0442\u0438\u0444\u0438\u043a\u0430\u0442:<\/strong><\/a><\/li>\n<\/ul>\n<p><img decoding=\"async\" class=\"alignnone wp-image-2472 lazyload\" data-src=\"https:\/\/ecotextile.eu\/wp-content\/uploads\/2024\/02\/setificat-300x52.webp\" alt=\"\" width=\"375\" height=\"65\" data-srcset=\"https:\/\/ecotextile.eu\/wp-content\/uploads\/2024\/02\/setificat-300x52.webp 300w, https:\/\/ecotextile.eu\/wp-content\/uploads\/2024\/02\/setificat-600x105.webp 600w, https:\/\/ecotextile.eu\/wp-content\/uploads\/2024\/02\/setificat.webp 652w\" data-sizes=\"(max-width: 375px) 100vw, 375px\" src=\"data:image\/gif;base64,R0lGODlhAQABAAAAACH5BAEKAAEALAAAAAABAAEAAAICTAEAOw==\" style=\"--smush-placeholder-width: 375px; --smush-placeholder-aspect-ratio: 375\/65;\" \/><\/p>\n<\/div>\n","protected":false},"featured_media":4288,"comment_status":"closed","ping_status":"closed","template":"","meta":{"_acf_changed":false,"om_disable_all_campaigns":false,"_monsterinsights_skip_tracking":false,"_monsterinsights_sitenote_active":false,"_monsterinsights_sitenote_note":"","_monsterinsights_sitenote_category":0,"_uf_show_specific_survey":0,"_uf_disable_surveys":false},"product_brand":[],"product_cat":[48,367,133,71,349,73],"product_tag":[],"class_list":{"0":"post-4285","1":"product","2":"type-product","3":"status-publish","4":"has-post-thumbnail","6":"product_cat-uncategorized-ru","7":"product_cat-komplekty-polotenec","8":"product_cat-kuhonnye-polotenca","9":"product_cat-novinki","10":"product_cat-podarki-dlya-zhenschin","11":"product_cat-polotenca","12":"pa_brand-ecocotton-ru","13":"pa_koostis-hlopok","14":"pa_pakend-stilnaya-podarochnaya-upakovka","15":"pa_suurus-6040-ru","16":"pa_tuup-vse-tovary","17":"pa_tuup-naturalnye-tovary","18":"pa_tuup-eko-tovary","19":"pa_varv-belyy","20":"pa_varv-krasnyy","22":"first","23":"instock","24":"shipping-taxable","25":"purchasable","26":"product-type-simple"},"acf":[],"yoast_head":"<!-- This site is optimized with the Yoast SEO Premium plugin v24.7 (Yoast SEO v27.2) - https:\/\/yoast.com\/product\/yoast-seo-premium-wordpress\/ -->\n<title>ELVIN (\u043a\u0440\u0430\u0441\u043d\u044b\u0439), \u043d\u0430\u0431\u043e\u0440 \u043a\u0443\u0445\u043e\u043d\u043d\u044b\u0445 \u043f\u043e\u043b\u043e\u0442\u0435\u043d\u0435\u0446 2 \u0432 1 \u0432 \u043f\u043e\u0434\u0430\u0440\u043e\u0447\u043d\u043e\u0439 \u0443\u043f\u0430\u043a\u043e\u0432\u043a\u0435. | Ecotextile.EU<\/title>\n<meta name=\"description\" content=\". Tarne \u00fcle Euroopa, \u00f6ko-sertifikaadid ja turvaline kassaprotsess. Premium naturaalsed materjalid ja kauakestev kvaliteet.\" \/>\n<meta name=\"robots\" content=\"index, follow, max-snippet:-1, max-image-preview:large, max-video-preview:-1\" \/>\n<link rel=\"canonical\" href=\"https:\/\/ecotextile.eu\/ru\/product\/elvin-punane\/\" \/>\n<meta property=\"og:locale\" content=\"ru_RU\" \/>\n<meta property=\"og:type\" content=\"article\" \/>\n<meta property=\"og:title\" content=\"ELVIN (\u043a\u0440\u0430\u0441\u043d\u044b\u0439), \u043d\u0430\u0431\u043e\u0440 \u043a\u0443\u0445\u043e\u043d\u043d\u044b\u0445 \u043f\u043e\u043b\u043e\u0442\u0435\u043d\u0435\u0446 2 \u0432 1 \u0432 \u043f\u043e\u0434\u0430\u0440\u043e\u0447\u043d\u043e\u0439 \u0443\u043f\u0430\u043a\u043e\u0432\u043a\u0435. | Ecotextile.EU\" \/>\n<meta property=\"og:description\" content=\". Tarne \u00fcle Euroopa, \u00f6ko-sertifikaadid ja turvaline kassaprotsess. Premium naturaalsed materjalid ja kauakestev kvaliteet.\" \/>\n<meta property=\"og:url\" content=\"https:\/\/ecotextile.eu\/ru\/product\/elvin-punane\/\" \/>\n<meta property=\"og:site_name\" content=\"EcoTextile\" \/>\n<meta property=\"article:publisher\" content=\"https:\/\/www.facebook.com\/profile.php?id=61560592331035\" \/>\n<meta property=\"article:modified_time\" content=\"2025-03-29T18:34:46+00:00\" \/>\n<meta property=\"og:image\" content=\"https:\/\/ecotextile.eu\/wp-content\/uploads\/2024\/03\/ELVIN.webp\" \/>\n\t<meta property=\"og:image:width\" content=\"853\" \/>\n\t<meta property=\"og:image:height\" content=\"1280\" \/>\n\t<meta property=\"og:image:type\" content=\"image\/webp\" \/>\n<meta name=\"twitter:card\" content=\"summary_large_image\" \/>\n<meta name=\"twitter:label1\" content=\"\u041f\u0440\u0438\u043c\u0435\u0440\u043d\u043e\u0435 \u0432\u0440\u0435\u043c\u044f \u0434\u043b\u044f \u0447\u0442\u0435\u043d\u0438\u044f\" \/>\n\t<meta name=\"twitter:data1\" content=\"1 \u043c\u0438\u043d\u0443\u0442\u0430\" \/>\n<script type=\"application\/ld+json\" class=\"yoast-schema-graph\">{\"@context\":\"https:\/\/schema.org\",\"@graph\":[{\"@type\":\"WebPage\",\"@id\":\"https:\/\/ecotextile.eu\/ru\/product\/elvin-punane\/\",\"url\":\"https:\/\/ecotextile.eu\/ru\/product\/elvin-punane\/\",\"name\":\"ELVIN (\u043a\u0440\u0430\u0441\u043d\u044b\u0439), \u043d\u0430\u0431\u043e\u0440 \u043a\u0443\u0445\u043e\u043d\u043d\u044b\u0445 \u043f\u043e\u043b\u043e\u0442\u0435\u043d\u0435\u0446 2 \u0432 1 \u0432 \u043f\u043e\u0434\u0430\u0440\u043e\u0447\u043d\u043e\u0439 \u0443\u043f\u0430\u043a\u043e\u0432\u043a\u0435. | Ecotextile.EU\",\"isPartOf\":{\"@id\":\"https:\/\/ecotextile.eu\/ru\/#website\"},\"primaryImageOfPage\":{\"@id\":\"https:\/\/ecotextile.eu\/ru\/product\/elvin-punane\/#primaryimage\"},\"image\":{\"@id\":\"https:\/\/ecotextile.eu\/ru\/product\/elvin-punane\/#primaryimage\"},\"thumbnailUrl\":\"https:\/\/ecotextile.eu\/wp-content\/uploads\/2024\/03\/ELVIN.webp\",\"datePublished\":\"2024-03-18T08:54:38+00:00\",\"dateModified\":\"2025-03-29T18:34:46+00:00\",\"description\":\". Tarne \u00fcle Euroopa, \u00f6ko-sertifikaadid ja turvaline kassaprotsess. Premium naturaalsed materjalid ja kauakestev kvaliteet.\",\"breadcrumb\":{\"@id\":\"https:\/\/ecotextile.eu\/ru\/product\/elvin-punane\/#breadcrumb\"},\"inLanguage\":\"ru-RU\",\"potentialAction\":[{\"@type\":\"ReadAction\",\"target\":[\"https:\/\/ecotextile.eu\/ru\/product\/elvin-punane\/\"]}]},{\"@type\":\"ImageObject\",\"inLanguage\":\"ru-RU\",\"@id\":\"https:\/\/ecotextile.eu\/ru\/product\/elvin-punane\/#primaryimage\",\"url\":\"https:\/\/ecotextile.eu\/wp-content\/uploads\/2024\/03\/ELVIN.webp\",\"contentUrl\":\"https:\/\/ecotextile.eu\/wp-content\/uploads\/2024\/03\/ELVIN.webp\",\"width\":853,\"height\":1280},{\"@type\":\"BreadcrumbList\",\"@id\":\"https:\/\/ecotextile.eu\/ru\/product\/elvin-punane\/#breadcrumb\",\"itemListElement\":[{\"@type\":\"ListItem\",\"position\":1,\"name\":\"\u0413\u043b\u0430\u0432\u043d\u0430\u044f \u0441\u0442\u0440\u0430\u043d\u0438\u0446\u0430\",\"item\":\"https:\/\/ecotextile.eu\/ru\/\"},{\"@type\":\"ListItem\",\"position\":2,\"name\":\"\u041c\u0430\u0433\u0430\u0437\u0438\u043d\",\"item\":\"https:\/\/ecotextile.eu\/ru\/shop\/\"},{\"@type\":\"ListItem\",\"position\":3,\"name\":\"ELVIN (\u043a\u0440\u0430\u0441\u043d\u044b\u0439), \u043d\u0430\u0431\u043e\u0440 \u043a\u0443\u0445\u043e\u043d\u043d\u044b\u0445 \u043f\u043e\u043b\u043e\u0442\u0435\u043d\u0435\u0446 2 \u0432 1 \u0432 \u043f\u043e\u0434\u0430\u0440\u043e\u0447\u043d\u043e\u0439 \u0443\u043f\u0430\u043a\u043e\u0432\u043a\u0435.\"}]},{\"@type\":\"WebSite\",\"@id\":\"https:\/\/ecotextile.eu\/ru\/#website\",\"url\":\"https:\/\/ecotextile.eu\/ru\/\",\"name\":\"Ecotextile.EU\",\"description\":\"\",\"publisher\":{\"@id\":\"https:\/\/ecotextile.eu\/ru\/#organization\"},\"alternateName\":\"Ecotextile.EU\",\"potentialAction\":[{\"@type\":\"SearchAction\",\"target\":{\"@type\":\"EntryPoint\",\"urlTemplate\":\"https:\/\/ecotextile.eu\/ru\/?s={search_term_string}\"},\"query-input\":{\"@type\":\"PropertyValueSpecification\",\"valueRequired\":true,\"valueName\":\"search_term_string\"}}],\"inLanguage\":\"ru-RU\"},{\"@type\":\"Organization\",\"@id\":\"https:\/\/ecotextile.eu\/ru\/#organization\",\"name\":\"ECOTEXTILE\",\"alternateName\":\"Ecotextile.EU\",\"url\":\"https:\/\/ecotextile.eu\/ru\/\",\"logo\":{\"@type\":\"ImageObject\",\"inLanguage\":\"ru-RU\",\"@id\":\"https:\/\/ecotextile.eu\/ru\/#\/schema\/logo\/image\/\",\"url\":\"https:\/\/ecotextile.eu\/wp-content\/uploads\/2025\/07\/ecotextile-logo2.png\",\"contentUrl\":\"https:\/\/ecotextile.eu\/wp-content\/uploads\/2025\/07\/ecotextile-logo2.png\",\"width\":512,\"height\":512,\"caption\":\"ECOTEXTILE\"},\"image\":{\"@id\":\"https:\/\/ecotextile.eu\/ru\/#\/schema\/logo\/image\/\"},\"sameAs\":[\"https:\/\/www.facebook.com\/profile.php?id=61560592331035\",\"https:\/\/www.instagram.com\/ecotextile_elit\/\",\"https:\/\/www.tiktok.com\/@ecotextile.eu\",\"https:\/\/www.youtube.com\/channel\/UC6hBdz6IiDwoOP-n89o4_Rg\"],\"description\":\"Online pood EcoTextile pakub voodipesu, r\u00e4tikuid, pleede, hommikumantleid, koduriided ja riided. Tooted on valmistatud orgaanilistest kangastest: puuvill, lina, bambus, satiin ja kanep. Ecotextile'i n\u00e4idistesaal asub Peetris, seda saab k\u00fclastada eelneval kokkuleppel.\",\"email\":\"info@ecotextile.eu\",\"legalName\":\"ECOTEXTILE O\u00dc\",\"foundingDate\":\"2024-01-12\",\"numberOfEmployees\":{\"@type\":\"QuantitativeValue\",\"minValue\":\"1\",\"maxValue\":\"10\"}}]}<\/script>\n<!-- \/ Yoast SEO Premium plugin. -->","yoast_head_json":{"title":"ELVIN (\u043a\u0440\u0430\u0441\u043d\u044b\u0439), \u043d\u0430\u0431\u043e\u0440 \u043a\u0443\u0445\u043e\u043d\u043d\u044b\u0445 \u043f\u043e\u043b\u043e\u0442\u0435\u043d\u0435\u0446 2 \u0432 1 \u0432 \u043f\u043e\u0434\u0430\u0440\u043e\u0447\u043d\u043e\u0439 \u0443\u043f\u0430\u043a\u043e\u0432\u043a\u0435. | Ecotextile.EU","description":". Tarne \u00fcle Euroopa, \u00f6ko-sertifikaadid ja turvaline kassaprotsess. Premium naturaalsed materjalid ja kauakestev kvaliteet.","robots":{"index":"index","follow":"follow","max-snippet":"max-snippet:-1","max-image-preview":"max-image-preview:large","max-video-preview":"max-video-preview:-1"},"canonical":"https:\/\/ecotextile.eu\/ru\/product\/elvin-punane\/","og_locale":"ru_RU","og_type":"article","og_title":"ELVIN (\u043a\u0440\u0430\u0441\u043d\u044b\u0439), \u043d\u0430\u0431\u043e\u0440 \u043a\u0443\u0445\u043e\u043d\u043d\u044b\u0445 \u043f\u043e\u043b\u043e\u0442\u0435\u043d\u0435\u0446 2 \u0432 1 \u0432 \u043f\u043e\u0434\u0430\u0440\u043e\u0447\u043d\u043e\u0439 \u0443\u043f\u0430\u043a\u043e\u0432\u043a\u0435. | Ecotextile.EU","og_description":". Tarne \u00fcle Euroopa, \u00f6ko-sertifikaadid ja turvaline kassaprotsess. Premium naturaalsed materjalid ja kauakestev kvaliteet.","og_url":"https:\/\/ecotextile.eu\/ru\/product\/elvin-punane\/","og_site_name":"EcoTextile","article_publisher":"https:\/\/www.facebook.com\/profile.php?id=61560592331035","article_modified_time":"2025-03-29T18:34:46+00:00","og_image":[{"width":853,"height":1280,"url":"https:\/\/ecotextile.eu\/wp-content\/uploads\/2024\/03\/ELVIN.webp","type":"image\/webp"}],"twitter_card":"summary_large_image","twitter_misc":{"\u041f\u0440\u0438\u043c\u0435\u0440\u043d\u043e\u0435 \u0432\u0440\u0435\u043c\u044f \u0434\u043b\u044f \u0447\u0442\u0435\u043d\u0438\u044f":"1 \u043c\u0438\u043d\u0443\u0442\u0430"},"schema":{"@context":"https:\/\/schema.org","@graph":[{"@type":"WebPage","@id":"https:\/\/ecotextile.eu\/ru\/product\/elvin-punane\/","url":"https:\/\/ecotextile.eu\/ru\/product\/elvin-punane\/","name":"ELVIN (\u043a\u0440\u0430\u0441\u043d\u044b\u0439), \u043d\u0430\u0431\u043e\u0440 \u043a\u0443\u0445\u043e\u043d\u043d\u044b\u0445 \u043f\u043e\u043b\u043e\u0442\u0435\u043d\u0435\u0446 2 \u0432 1 \u0432 \u043f\u043e\u0434\u0430\u0440\u043e\u0447\u043d\u043e\u0439 \u0443\u043f\u0430\u043a\u043e\u0432\u043a\u0435. | Ecotextile.EU","isPartOf":{"@id":"https:\/\/ecotextile.eu\/ru\/#website"},"primaryImageOfPage":{"@id":"https:\/\/ecotextile.eu\/ru\/product\/elvin-punane\/#primaryimage"},"image":{"@id":"https:\/\/ecotextile.eu\/ru\/product\/elvin-punane\/#primaryimage"},"thumbnailUrl":"https:\/\/ecotextile.eu\/wp-content\/uploads\/2024\/03\/ELVIN.webp","datePublished":"2024-03-18T08:54:38+00:00","dateModified":"2025-03-29T18:34:46+00:00","description":". Tarne \u00fcle Euroopa, \u00f6ko-sertifikaadid ja turvaline kassaprotsess. Premium naturaalsed materjalid ja kauakestev kvaliteet.","breadcrumb":{"@id":"https:\/\/ecotextile.eu\/ru\/product\/elvin-punane\/#breadcrumb"},"inLanguage":"ru-RU","potentialAction":[{"@type":"ReadAction","target":["https:\/\/ecotextile.eu\/ru\/product\/elvin-punane\/"]}]},{"@type":"ImageObject","inLanguage":"ru-RU","@id":"https:\/\/ecotextile.eu\/ru\/product\/elvin-punane\/#primaryimage","url":"https:\/\/ecotextile.eu\/wp-content\/uploads\/2024\/03\/ELVIN.webp","contentUrl":"https:\/\/ecotextile.eu\/wp-content\/uploads\/2024\/03\/ELVIN.webp","width":853,"height":1280},{"@type":"BreadcrumbList","@id":"https:\/\/ecotextile.eu\/ru\/product\/elvin-punane\/#breadcrumb","itemListElement":[{"@type":"ListItem","position":1,"name":"\u0413\u043b\u0430\u0432\u043d\u0430\u044f \u0441\u0442\u0440\u0430\u043d\u0438\u0446\u0430","item":"https:\/\/ecotextile.eu\/ru\/"},{"@type":"ListItem","position":2,"name":"\u041c\u0430\u0433\u0430\u0437\u0438\u043d","item":"https:\/\/ecotextile.eu\/ru\/shop\/"},{"@type":"ListItem","position":3,"name":"ELVIN (\u043a\u0440\u0430\u0441\u043d\u044b\u0439), \u043d\u0430\u0431\u043e\u0440 \u043a\u0443\u0445\u043e\u043d\u043d\u044b\u0445 \u043f\u043e\u043b\u043e\u0442\u0435\u043d\u0435\u0446 2 \u0432 1 \u0432 \u043f\u043e\u0434\u0430\u0440\u043e\u0447\u043d\u043e\u0439 \u0443\u043f\u0430\u043a\u043e\u0432\u043a\u0435."}]},{"@type":"WebSite","@id":"https:\/\/ecotextile.eu\/ru\/#website","url":"https:\/\/ecotextile.eu\/ru\/","name":"Ecotextile.EU","description":"","publisher":{"@id":"https:\/\/ecotextile.eu\/ru\/#organization"},"alternateName":"Ecotextile.EU","potentialAction":[{"@type":"SearchAction","target":{"@type":"EntryPoint","urlTemplate":"https:\/\/ecotextile.eu\/ru\/?s={search_term_string}"},"query-input":{"@type":"PropertyValueSpecification","valueRequired":true,"valueName":"search_term_string"}}],"inLanguage":"ru-RU"},{"@type":"Organization","@id":"https:\/\/ecotextile.eu\/ru\/#organization","name":"ECOTEXTILE","alternateName":"Ecotextile.EU","url":"https:\/\/ecotextile.eu\/ru\/","logo":{"@type":"ImageObject","inLanguage":"ru-RU","@id":"https:\/\/ecotextile.eu\/ru\/#\/schema\/logo\/image\/","url":"https:\/\/ecotextile.eu\/wp-content\/uploads\/2025\/07\/ecotextile-logo2.png","contentUrl":"https:\/\/ecotextile.eu\/wp-content\/uploads\/2025\/07\/ecotextile-logo2.png","width":512,"height":512,"caption":"ECOTEXTILE"},"image":{"@id":"https:\/\/ecotextile.eu\/ru\/#\/schema\/logo\/image\/"},"sameAs":["https:\/\/www.facebook.com\/profile.php?id=61560592331035","https:\/\/www.instagram.com\/ecotextile_elit\/","https:\/\/www.tiktok.com\/@ecotextile.eu","https:\/\/www.youtube.com\/channel\/UC6hBdz6IiDwoOP-n89o4_Rg"],"description":"Online pood EcoTextile pakub voodipesu, r\u00e4tikuid, pleede, hommikumantleid, koduriided ja riided. Tooted on valmistatud orgaanilistest kangastest: puuvill, lina, bambus, satiin ja kanep. Ecotextile'i n\u00e4idistesaal asub Peetris, seda saab k\u00fclastada eelneval kokkuleppel.","email":"info@ecotextile.eu","legalName":"ECOTEXTILE O\u00dc","foundingDate":"2024-01-12","numberOfEmployees":{"@type":"QuantitativeValue","minValue":"1","maxValue":"10"}}]}},"_links":{"self":[{"href":"https:\/\/ecotextile.eu\/ru\/wp-json\/wp\/v2\/product\/4285","targetHints":{"allow":["GET"]}}],"collection":[{"href":"https:\/\/ecotextile.eu\/ru\/wp-json\/wp\/v2\/product"}],"about":[{"href":"https:\/\/ecotextile.eu\/ru\/wp-json\/wp\/v2\/types\/product"}],"replies":[{"embeddable":true,"href":"https:\/\/ecotextile.eu\/ru\/wp-json\/wp\/v2\/comments?post=4285"}],"version-history":[{"count":2,"href":"https:\/\/ecotextile.eu\/ru\/wp-json\/wp\/v2\/product\/4285\/revisions"}],"predecessor-version":[{"id":13104,"href":"https:\/\/ecotextile.eu\/ru\/wp-json\/wp\/v2\/product\/4285\/revisions\/13104"}],"wp:featuredmedia":[{"embeddable":true,"href":"https:\/\/ecotextile.eu\/ru\/wp-json\/wp\/v2\/media\/4288"}],"wp:attachment":[{"href":"https:\/\/ecotextile.eu\/ru\/wp-json\/wp\/v2\/media?parent=4285"}],"wp:term":[{"taxonomy":"product_brand","embeddable":true,"href":"https:\/\/ecotextile.eu\/ru\/wp-json\/wp\/v2\/product_brand?post=4285"},{"taxonomy":"product_cat","embeddable":true,"href":"https:\/\/ecotextile.eu\/ru\/wp-json\/wp\/v2\/product_cat?post=4285"},{"taxonomy":"product_tag","embeddable":true,"href":"https:\/\/ecotextile.eu\/ru\/wp-json\/wp\/v2\/product_tag?post=4285"}],"curies":[{"name":"wp","href":"https:\/\/api.w.org\/{rel}","templated":true}]}}