{"id":3875,"date":"2024-03-15T13:36:20","date_gmt":"2024-03-15T11:36:20","guid":{"rendered":"https:\/\/ecotextile.dev2.sdhost.eu\/?post_type=product&#038;p=3875"},"modified":"2025-11-12T12:05:16","modified_gmt":"2025-11-12T10:05:16","slug":"muna-bordo","status":"publish","type":"product","link":"https:\/\/ecotextile.eu\/ru\/product\/muna-bordo\/","title":{"rendered":"\u041f\u043b\u0435\u0434 MUNA (\u0431\u043e\u0440\u0434\u043e\/\u0430\u043d\u0442\u0440\u0430\u0446\u0438\u0442)"},"content":{"rendered":"<p>\u041f\u043b\u0435\u0434\u044b\u00a0 MUNA \u0438\u0437\u0433\u043e\u0442\u043e\u0432\u043b\u0435\u043d\u044b \u0438\u0437 100% \u043e\u0440\u0433\u0430\u043d\u0438\u0447\u0435\u0441\u043a\u043e\u0433\u043e \u0445\u043b\u043e\u043f\u043a\u0430 (\u043c\u0443\u0441\u043b\u0438\u043d), \u043b\u0435\u0433\u043a\u0438\u0435 \u0438 \u0434\u044b\u0448\u0430\u0449\u0438\u0435, \u043e\u0431\u0435\u0441\u043f\u0435\u0447\u0438\u0432\u0430\u044e\u0442 \u043a\u043e\u043c\u0444\u043e\u0440\u0442 \u0432 \u0440\u0430\u0437\u043d\u044b\u0435 \u0432\u0440\u0435\u043c\u0435\u043d\u0430 \u0433\u043e\u0434\u0430. \u041a\u0440\u043e\u043c\u0435 \u0442\u043e\u0433\u043e, \u043e\u043d\u0438 \u043f\u0440\u043e\u0447\u043d\u044b\u0435 \u0438 \u043b\u0435\u0433\u043a\u043e \u0441\u0442\u0438\u0440\u0430\u044e\u0442\u0441\u044f, \u0447\u0442\u043e \u0434\u0435\u043b\u0430\u0435\u0442 \u0438\u0445 \u043f\u0440\u0430\u043a\u0442\u0438\u0447\u043d\u044b\u043c\u0438 \u0434\u043b\u044f \u043f\u043e\u0432\u0441\u0435\u0434\u043d\u0435\u0432\u043d\u043e\u0433\u043e \u0438\u0441\u043f\u043e\u043b\u044c\u0437\u043e\u0432\u0430\u043d\u0438\u044f. \u0422\u043e\u0432\u0430\u0440 \u0443\u043f\u0430\u043a\u043e\u0432\u0430\u043d \u0432 \u043a\u043e\u0440\u043e\u0431\u043a\u0443 \u0438\u0437 \u043a\u0440\u0430\u0444\u0442\u043e\u0432\u043e\u0433\u043e \u043a\u0430\u0440\u0442\u043e\u043d\u0430.<\/p>\n<p>&nbsp;<\/p>\n","protected":false},"excerpt":{"rendered":"<div class=\"woocommerce-product-details__short-description\"><strong><a class=\"hover-zoom\" href=\"https:\/\/ecotextile.eu\/ru\/tuup\/naturalnye-tovary\/\" target=\"_blank\" rel=\"noopener\"><img decoding=\"async\" class=\"alignnone wp-image-9964 lazyloaded\" src=\"https:\/\/ecotextile.eu\/wp-content\/uploads\/2024\/12\/ecotextile.png\" alt=\"\" width=\"50\" height=\"46\" data-src=\"https:\/\/ecotextile.eu\/wp-content\/uploads\/2024\/12\/ecotextile.png\" \/><\/a> \u00a0 \u00a0 <a class=\"hover-zoom\" href=\"https:\/\/ecotextile.eu\/ru\/gift-ideas\/\" target=\"_blank\" rel=\"noopener\"><img decoding=\"async\" class=\"alignnone size-full wp-image-12379 ls-is-cached lazyloaded\" src=\"https:\/\/ecotextile.eu\/wp-content\/uploads\/2024\/06\/gift-box1.png\" alt=\"\" width=\"40\" height=\"40\" data-src=\"https:\/\/ecotextile.eu\/wp-content\/uploads\/2024\/06\/gift-box1.png\" \/><\/a>\u00a0 \u00a0 \u00a0 <a class=\"hover-zoom\" href=\"https:\/\/ecotextile.eu\/ru\/tuup\/eko-tovary\/\" target=\"_blank\" rel=\"noopener\"><img decoding=\"async\" class=\"alignnone wp-image-9964 lazyloaded\" src=\"https:\/\/ecotextile.eu\/wp-content\/uploads\/2024\/06\/ecotextile-eco.png\" alt=\"\" width=\"50\" height=\"46\" data-src=\"https:\/\/ecotextile.eu\/wp-content\/uploads\/2024\/12\/ecotextile.png\" \/><\/a><\/strong><br \/>\n<strong>100% \u043e\u0440\u0433\u0430\u043d\u0438\u0447\u0435\u0441\u043a\u0438\u0439\u00a0 \u0445\u043b\u043e\u043f\u043e\u043a \u043c\u0443\u0441\u043b\u0438\u043d.\u00a0<\/strong><\/p>\n<ul>\n<li><strong>\u041d\u0430\u0438\u043c\u0435\u043d\u043e\u0432\u0430\u043d\u0438\u0435:<\/strong>\u00a0MUNA<\/li>\n<li><strong>\u0420\u0430\u0437\u043c\u0435\u0440:<\/strong> 160\u0445240 \u0441\u043c<\/li>\n<li><strong>\u0421\u043e\u0441\u0442\u0430\u0432:<\/strong>\u00a0100% \u044d\u043a\u043e \u0445\u043b\u043e\u043f\u043e\u043a \u043c\u0443\u0441\u043b\u0438\u043d<\/li>\n<li><strong>\u0426\u0432\u0435\u0442:<\/strong> \u0431\u043e\u0440\u0434\u043e\/\u0430\u043d\u0442\u0440\u0430\u0446\u0438\u0442<\/li>\n<li><strong><a href=\"https:\/\/ecotextile.eu\/ru\/delivery-and-payment\/\" target=\"_blank\" rel=\"noopener\">\u0414\u043e\u0441\u0442\u0430\u0432\u043a\u0430<\/a>:<\/strong>\u00a0\u0411\u0435\u0441\u043f\u043b\u0430\u0442\u043d\u043e \u043e\u0442 30\u20ac* (<a href=\"https:\/\/ecotextile.eu\/ru\/delivery-and-payment\/\" target=\"_blank\" rel=\"noopener\">\u0441\u043c\u043e\u0442\u0440\u0438\u0442\u0435 \u0434\u043b\u044f \u0441\u0432\u043e\u0435\u0433\u043e \u0440\u0435\u0433\u0438\u043e\u043d\u0430<\/a>)<\/li>\n<li><a href=\"https:\/\/ecotextile.eu\/ru\/okosertifikaadid\/\" target=\"_blank\" rel=\"noopener\"><strong>\u042d\u043a\u043e\u043b\u043e\u0433\u0438\u0447\u0435\u0441\u043a\u0438\u0435 \u0441\u0435\u0440\u0442\u0438\u0444\u0438\u043a\u0430\u0442\u044b:<\/strong><\/a><\/li>\n<\/ul>\n<p><img decoding=\"async\" class=\"alignnone wp-image-2472 lazyload\" data-src=\"https:\/\/ecotextile.eu\/wp-content\/uploads\/2024\/02\/setificat-300x52.webp\" alt=\"\" width=\"375\" height=\"65\" data-srcset=\"https:\/\/ecotextile.eu\/wp-content\/uploads\/2024\/02\/setificat-300x52.webp 300w, https:\/\/ecotextile.eu\/wp-content\/uploads\/2024\/02\/setificat-600x105.webp 600w, https:\/\/ecotextile.eu\/wp-content\/uploads\/2024\/02\/setificat.webp 652w\" data-sizes=\"(max-width: 375px) 100vw, 375px\" src=\"data:image\/gif;base64,R0lGODlhAQABAAAAACH5BAEKAAEALAAAAAABAAEAAAICTAEAOw==\" style=\"--smush-placeholder-width: 375px; --smush-placeholder-aspect-ratio: 375\/65;\" \/><\/p>\n<\/div>\n","protected":false},"featured_media":3878,"comment_status":"closed","ping_status":"closed","template":"","meta":{"_acf_changed":false,"om_disable_all_campaigns":false,"_monsterinsights_skip_tracking":false,"_monsterinsights_sitenote_active":false,"_monsterinsights_sitenote_note":"","_monsterinsights_sitenote_category":0,"_uf_show_specific_survey":0,"_uf_disable_surveys":false},"product_brand":[],"product_cat":[48,349,68],"product_tag":[],"class_list":{"0":"post-3875","1":"product","2":"type-product","3":"status-publish","4":"has-post-thumbnail","6":"product_cat-uncategorized-ru","7":"product_cat-podarki-dlya-zhenschin","8":"product_cat-pokryvala","9":"pa_brand-ecocotton-ru","10":"pa_koostis-muslin","11":"pa_koostis-hlopok","12":"pa_pakend-stilnaya-podarochnaya-upakovka","13":"pa_suurus-160240-ru","14":"pa_tuup-vse-tovary","15":"pa_tuup-naturalnye-tovary","16":"pa_tuup-eko-tovary","17":"pa_varv-antracit","18":"pa_varv-bordovyy","19":"pa_varv-seryy","21":"first","22":"instock","23":"sale","24":"shipping-taxable","25":"purchasable","26":"product-type-simple"},"acf":[],"yoast_head":"<!-- This site is optimized with the Yoast SEO Premium plugin v24.7 (Yoast SEO v27.2) - https:\/\/yoast.com\/product\/yoast-seo-premium-wordpress\/ -->\n<title>\u041f\u043b\u0435\u0434 MUNA (\u0431\u043e\u0440\u0434\u043e\/\u0430\u043d\u0442\u0440\u0430\u0446\u0438\u0442) | Ecotextile.EU<\/title>\n<meta name=\"description\" content=\". Tarne \u00fcle Euroopa, \u00f6ko-sertifikaadid ja turvaline kassaprotsess. Premium naturaalsed materjalid ja kauakestev kvaliteet.\" \/>\n<meta name=\"robots\" content=\"index, follow, max-snippet:-1, max-image-preview:large, max-video-preview:-1\" \/>\n<link rel=\"canonical\" href=\"https:\/\/ecotextile.eu\/ru\/product\/muna-bordo\/\" \/>\n<meta property=\"og:locale\" content=\"ru_RU\" \/>\n<meta property=\"og:type\" content=\"article\" \/>\n<meta property=\"og:title\" content=\"\u041f\u043b\u0435\u0434 MUNA (\u0431\u043e\u0440\u0434\u043e\/\u0430\u043d\u0442\u0440\u0430\u0446\u0438\u0442) | Ecotextile.EU\" \/>\n<meta property=\"og:description\" content=\". Tarne \u00fcle Euroopa, \u00f6ko-sertifikaadid ja turvaline kassaprotsess. Premium naturaalsed materjalid ja kauakestev kvaliteet.\" \/>\n<meta property=\"og:url\" content=\"https:\/\/ecotextile.eu\/ru\/product\/muna-bordo\/\" \/>\n<meta property=\"og:site_name\" content=\"EcoTextile\" \/>\n<meta property=\"article:publisher\" content=\"https:\/\/www.facebook.com\/profile.php?id=61560592331035\" \/>\n<meta property=\"article:modified_time\" content=\"2025-11-12T10:05:16+00:00\" \/>\n<meta property=\"og:image\" content=\"https:\/\/ecotextile.eu\/wp-content\/uploads\/2024\/03\/MUNA2.webp\" \/>\n\t<meta property=\"og:image:width\" content=\"540\" \/>\n\t<meta property=\"og:image:height\" content=\"810\" \/>\n\t<meta property=\"og:image:type\" content=\"image\/webp\" \/>\n<meta name=\"twitter:card\" content=\"summary_large_image\" \/>\n<meta name=\"twitter:label1\" content=\"\u041f\u0440\u0438\u043c\u0435\u0440\u043d\u043e\u0435 \u0432\u0440\u0435\u043c\u044f \u0434\u043b\u044f \u0447\u0442\u0435\u043d\u0438\u044f\" \/>\n\t<meta name=\"twitter:data1\" content=\"1 \u043c\u0438\u043d\u0443\u0442\u0430\" \/>\n<script type=\"application\/ld+json\" class=\"yoast-schema-graph\">{\"@context\":\"https:\/\/schema.org\",\"@graph\":[{\"@type\":\"WebPage\",\"@id\":\"https:\/\/ecotextile.eu\/ru\/product\/muna-bordo\/\",\"url\":\"https:\/\/ecotextile.eu\/ru\/product\/muna-bordo\/\",\"name\":\"\u041f\u043b\u0435\u0434 MUNA (\u0431\u043e\u0440\u0434\u043e\/\u0430\u043d\u0442\u0440\u0430\u0446\u0438\u0442) | Ecotextile.EU\",\"isPartOf\":{\"@id\":\"https:\/\/ecotextile.eu\/ru\/#website\"},\"primaryImageOfPage\":{\"@id\":\"https:\/\/ecotextile.eu\/ru\/product\/muna-bordo\/#primaryimage\"},\"image\":{\"@id\":\"https:\/\/ecotextile.eu\/ru\/product\/muna-bordo\/#primaryimage\"},\"thumbnailUrl\":\"https:\/\/ecotextile.eu\/wp-content\/uploads\/2024\/03\/MUNA2.webp\",\"datePublished\":\"2024-03-15T11:36:20+00:00\",\"dateModified\":\"2025-11-12T10:05:16+00:00\",\"description\":\". Tarne \u00fcle Euroopa, \u00f6ko-sertifikaadid ja turvaline kassaprotsess. Premium naturaalsed materjalid ja kauakestev kvaliteet.\",\"breadcrumb\":{\"@id\":\"https:\/\/ecotextile.eu\/ru\/product\/muna-bordo\/#breadcrumb\"},\"inLanguage\":\"ru-RU\",\"potentialAction\":[{\"@type\":\"ReadAction\",\"target\":[\"https:\/\/ecotextile.eu\/ru\/product\/muna-bordo\/\"]}]},{\"@type\":\"ImageObject\",\"inLanguage\":\"ru-RU\",\"@id\":\"https:\/\/ecotextile.eu\/ru\/product\/muna-bordo\/#primaryimage\",\"url\":\"https:\/\/ecotextile.eu\/wp-content\/uploads\/2024\/03\/MUNA2.webp\",\"contentUrl\":\"https:\/\/ecotextile.eu\/wp-content\/uploads\/2024\/03\/MUNA2.webp\",\"width\":540,\"height\":810},{\"@type\":\"BreadcrumbList\",\"@id\":\"https:\/\/ecotextile.eu\/ru\/product\/muna-bordo\/#breadcrumb\",\"itemListElement\":[{\"@type\":\"ListItem\",\"position\":1,\"name\":\"\u0413\u043b\u0430\u0432\u043d\u0430\u044f \u0441\u0442\u0440\u0430\u043d\u0438\u0446\u0430\",\"item\":\"https:\/\/ecotextile.eu\/ru\/\"},{\"@type\":\"ListItem\",\"position\":2,\"name\":\"\u041c\u0430\u0433\u0430\u0437\u0438\u043d\",\"item\":\"https:\/\/ecotextile.eu\/ru\/shop\/\"},{\"@type\":\"ListItem\",\"position\":3,\"name\":\"\u041f\u043b\u0435\u0434 MUNA (\u0431\u043e\u0440\u0434\u043e\/\u0430\u043d\u0442\u0440\u0430\u0446\u0438\u0442)\"}]},{\"@type\":\"WebSite\",\"@id\":\"https:\/\/ecotextile.eu\/ru\/#website\",\"url\":\"https:\/\/ecotextile.eu\/ru\/\",\"name\":\"Ecotextile.EU\",\"description\":\"\",\"publisher\":{\"@id\":\"https:\/\/ecotextile.eu\/ru\/#organization\"},\"alternateName\":\"Ecotextile.EU\",\"potentialAction\":[{\"@type\":\"SearchAction\",\"target\":{\"@type\":\"EntryPoint\",\"urlTemplate\":\"https:\/\/ecotextile.eu\/ru\/?s={search_term_string}\"},\"query-input\":{\"@type\":\"PropertyValueSpecification\",\"valueRequired\":true,\"valueName\":\"search_term_string\"}}],\"inLanguage\":\"ru-RU\"},{\"@type\":\"Organization\",\"@id\":\"https:\/\/ecotextile.eu\/ru\/#organization\",\"name\":\"ECOTEXTILE\",\"alternateName\":\"Ecotextile.EU\",\"url\":\"https:\/\/ecotextile.eu\/ru\/\",\"logo\":{\"@type\":\"ImageObject\",\"inLanguage\":\"ru-RU\",\"@id\":\"https:\/\/ecotextile.eu\/ru\/#\/schema\/logo\/image\/\",\"url\":\"https:\/\/ecotextile.eu\/wp-content\/uploads\/2025\/07\/ecotextile-logo2.png\",\"contentUrl\":\"https:\/\/ecotextile.eu\/wp-content\/uploads\/2025\/07\/ecotextile-logo2.png\",\"width\":512,\"height\":512,\"caption\":\"ECOTEXTILE\"},\"image\":{\"@id\":\"https:\/\/ecotextile.eu\/ru\/#\/schema\/logo\/image\/\"},\"sameAs\":[\"https:\/\/www.facebook.com\/profile.php?id=61560592331035\",\"https:\/\/www.instagram.com\/ecotextile_elit\/\",\"https:\/\/www.tiktok.com\/@ecotextile.eu\",\"https:\/\/www.youtube.com\/channel\/UC6hBdz6IiDwoOP-n89o4_Rg\"],\"description\":\"Online pood EcoTextile pakub voodipesu, r\u00e4tikuid, pleede, hommikumantleid, koduriided ja riided. Tooted on valmistatud orgaanilistest kangastest: puuvill, lina, bambus, satiin ja kanep. Ecotextile'i n\u00e4idistesaal asub Peetris, seda saab k\u00fclastada eelneval kokkuleppel.\",\"email\":\"info@ecotextile.eu\",\"legalName\":\"ECOTEXTILE O\u00dc\",\"foundingDate\":\"2024-01-12\",\"numberOfEmployees\":{\"@type\":\"QuantitativeValue\",\"minValue\":\"1\",\"maxValue\":\"10\"}}]}<\/script>\n<!-- \/ Yoast SEO Premium plugin. -->","yoast_head_json":{"title":"\u041f\u043b\u0435\u0434 MUNA (\u0431\u043e\u0440\u0434\u043e\/\u0430\u043d\u0442\u0440\u0430\u0446\u0438\u0442) | Ecotextile.EU","description":". Tarne \u00fcle Euroopa, \u00f6ko-sertifikaadid ja turvaline kassaprotsess. Premium naturaalsed materjalid ja kauakestev kvaliteet.","robots":{"index":"index","follow":"follow","max-snippet":"max-snippet:-1","max-image-preview":"max-image-preview:large","max-video-preview":"max-video-preview:-1"},"canonical":"https:\/\/ecotextile.eu\/ru\/product\/muna-bordo\/","og_locale":"ru_RU","og_type":"article","og_title":"\u041f\u043b\u0435\u0434 MUNA (\u0431\u043e\u0440\u0434\u043e\/\u0430\u043d\u0442\u0440\u0430\u0446\u0438\u0442) | Ecotextile.EU","og_description":". Tarne \u00fcle Euroopa, \u00f6ko-sertifikaadid ja turvaline kassaprotsess. Premium naturaalsed materjalid ja kauakestev kvaliteet.","og_url":"https:\/\/ecotextile.eu\/ru\/product\/muna-bordo\/","og_site_name":"EcoTextile","article_publisher":"https:\/\/www.facebook.com\/profile.php?id=61560592331035","article_modified_time":"2025-11-12T10:05:16+00:00","og_image":[{"width":540,"height":810,"url":"https:\/\/ecotextile.eu\/wp-content\/uploads\/2024\/03\/MUNA2.webp","type":"image\/webp"}],"twitter_card":"summary_large_image","twitter_misc":{"\u041f\u0440\u0438\u043c\u0435\u0440\u043d\u043e\u0435 \u0432\u0440\u0435\u043c\u044f \u0434\u043b\u044f \u0447\u0442\u0435\u043d\u0438\u044f":"1 \u043c\u0438\u043d\u0443\u0442\u0430"},"schema":{"@context":"https:\/\/schema.org","@graph":[{"@type":"WebPage","@id":"https:\/\/ecotextile.eu\/ru\/product\/muna-bordo\/","url":"https:\/\/ecotextile.eu\/ru\/product\/muna-bordo\/","name":"\u041f\u043b\u0435\u0434 MUNA (\u0431\u043e\u0440\u0434\u043e\/\u0430\u043d\u0442\u0440\u0430\u0446\u0438\u0442) | Ecotextile.EU","isPartOf":{"@id":"https:\/\/ecotextile.eu\/ru\/#website"},"primaryImageOfPage":{"@id":"https:\/\/ecotextile.eu\/ru\/product\/muna-bordo\/#primaryimage"},"image":{"@id":"https:\/\/ecotextile.eu\/ru\/product\/muna-bordo\/#primaryimage"},"thumbnailUrl":"https:\/\/ecotextile.eu\/wp-content\/uploads\/2024\/03\/MUNA2.webp","datePublished":"2024-03-15T11:36:20+00:00","dateModified":"2025-11-12T10:05:16+00:00","description":". Tarne \u00fcle Euroopa, \u00f6ko-sertifikaadid ja turvaline kassaprotsess. Premium naturaalsed materjalid ja kauakestev kvaliteet.","breadcrumb":{"@id":"https:\/\/ecotextile.eu\/ru\/product\/muna-bordo\/#breadcrumb"},"inLanguage":"ru-RU","potentialAction":[{"@type":"ReadAction","target":["https:\/\/ecotextile.eu\/ru\/product\/muna-bordo\/"]}]},{"@type":"ImageObject","inLanguage":"ru-RU","@id":"https:\/\/ecotextile.eu\/ru\/product\/muna-bordo\/#primaryimage","url":"https:\/\/ecotextile.eu\/wp-content\/uploads\/2024\/03\/MUNA2.webp","contentUrl":"https:\/\/ecotextile.eu\/wp-content\/uploads\/2024\/03\/MUNA2.webp","width":540,"height":810},{"@type":"BreadcrumbList","@id":"https:\/\/ecotextile.eu\/ru\/product\/muna-bordo\/#breadcrumb","itemListElement":[{"@type":"ListItem","position":1,"name":"\u0413\u043b\u0430\u0432\u043d\u0430\u044f \u0441\u0442\u0440\u0430\u043d\u0438\u0446\u0430","item":"https:\/\/ecotextile.eu\/ru\/"},{"@type":"ListItem","position":2,"name":"\u041c\u0430\u0433\u0430\u0437\u0438\u043d","item":"https:\/\/ecotextile.eu\/ru\/shop\/"},{"@type":"ListItem","position":3,"name":"\u041f\u043b\u0435\u0434 MUNA (\u0431\u043e\u0440\u0434\u043e\/\u0430\u043d\u0442\u0440\u0430\u0446\u0438\u0442)"}]},{"@type":"WebSite","@id":"https:\/\/ecotextile.eu\/ru\/#website","url":"https:\/\/ecotextile.eu\/ru\/","name":"Ecotextile.EU","description":"","publisher":{"@id":"https:\/\/ecotextile.eu\/ru\/#organization"},"alternateName":"Ecotextile.EU","potentialAction":[{"@type":"SearchAction","target":{"@type":"EntryPoint","urlTemplate":"https:\/\/ecotextile.eu\/ru\/?s={search_term_string}"},"query-input":{"@type":"PropertyValueSpecification","valueRequired":true,"valueName":"search_term_string"}}],"inLanguage":"ru-RU"},{"@type":"Organization","@id":"https:\/\/ecotextile.eu\/ru\/#organization","name":"ECOTEXTILE","alternateName":"Ecotextile.EU","url":"https:\/\/ecotextile.eu\/ru\/","logo":{"@type":"ImageObject","inLanguage":"ru-RU","@id":"https:\/\/ecotextile.eu\/ru\/#\/schema\/logo\/image\/","url":"https:\/\/ecotextile.eu\/wp-content\/uploads\/2025\/07\/ecotextile-logo2.png","contentUrl":"https:\/\/ecotextile.eu\/wp-content\/uploads\/2025\/07\/ecotextile-logo2.png","width":512,"height":512,"caption":"ECOTEXTILE"},"image":{"@id":"https:\/\/ecotextile.eu\/ru\/#\/schema\/logo\/image\/"},"sameAs":["https:\/\/www.facebook.com\/profile.php?id=61560592331035","https:\/\/www.instagram.com\/ecotextile_elit\/","https:\/\/www.tiktok.com\/@ecotextile.eu","https:\/\/www.youtube.com\/channel\/UC6hBdz6IiDwoOP-n89o4_Rg"],"description":"Online pood EcoTextile pakub voodipesu, r\u00e4tikuid, pleede, hommikumantleid, koduriided ja riided. Tooted on valmistatud orgaanilistest kangastest: puuvill, lina, bambus, satiin ja kanep. Ecotextile'i n\u00e4idistesaal asub Peetris, seda saab k\u00fclastada eelneval kokkuleppel.","email":"info@ecotextile.eu","legalName":"ECOTEXTILE O\u00dc","foundingDate":"2024-01-12","numberOfEmployees":{"@type":"QuantitativeValue","minValue":"1","maxValue":"10"}}]}},"_links":{"self":[{"href":"https:\/\/ecotextile.eu\/ru\/wp-json\/wp\/v2\/product\/3875","targetHints":{"allow":["GET"]}}],"collection":[{"href":"https:\/\/ecotextile.eu\/ru\/wp-json\/wp\/v2\/product"}],"about":[{"href":"https:\/\/ecotextile.eu\/ru\/wp-json\/wp\/v2\/types\/product"}],"replies":[{"embeddable":true,"href":"https:\/\/ecotextile.eu\/ru\/wp-json\/wp\/v2\/comments?post=3875"}],"version-history":[{"count":3,"href":"https:\/\/ecotextile.eu\/ru\/wp-json\/wp\/v2\/product\/3875\/revisions"}],"predecessor-version":[{"id":29038,"href":"https:\/\/ecotextile.eu\/ru\/wp-json\/wp\/v2\/product\/3875\/revisions\/29038"}],"wp:featuredmedia":[{"embeddable":true,"href":"https:\/\/ecotextile.eu\/ru\/wp-json\/wp\/v2\/media\/3878"}],"wp:attachment":[{"href":"https:\/\/ecotextile.eu\/ru\/wp-json\/wp\/v2\/media?parent=3875"}],"wp:term":[{"taxonomy":"product_brand","embeddable":true,"href":"https:\/\/ecotextile.eu\/ru\/wp-json\/wp\/v2\/product_brand?post=3875"},{"taxonomy":"product_cat","embeddable":true,"href":"https:\/\/ecotextile.eu\/ru\/wp-json\/wp\/v2\/product_cat?post=3875"},{"taxonomy":"product_tag","embeddable":true,"href":"https:\/\/ecotextile.eu\/ru\/wp-json\/wp\/v2\/product_tag?post=3875"}],"curies":[{"name":"wp","href":"https:\/\/api.w.org\/{rel}","templated":true}]}}