{"id":3997,"date":"2024-03-15T15:34:28","date_gmt":"2024-03-15T13:34:28","guid":{"rendered":"https:\/\/ecotextile.dev2.sdhost.eu\/?post_type=product&#038;p=3997"},"modified":"2025-05-02T08:11:43","modified_gmt":"2025-05-02T05:11:43","slug":"miya","status":"publish","type":"product","link":"https:\/\/ecotextile.eu\/en\/product\/miya\/","title":{"rendered":"Bath Towel MIYA"},"content":{"rendered":"<p>The towels MIYA are made from 100% organic cotton, grown without the use of chemical fertilizers and pesticides, as evidenced by certificates. They are soft and absorbent while maintaining strength and durability.<\/p>\n","protected":false},"excerpt":{"rendered":"<div class=\"woocommerce-product-details__short-description\"><strong><a class=\"hover-zoom\" href=\"https:\/\/ecotextile.eu\/en\/tuup\/natural-product\/\" target=\"_blank\" rel=\"noopener\"><img decoding=\"async\" class=\"alignnone wp-image-9964 lazyloaded\" src=\"https:\/\/ecotextile.eu\/wp-content\/uploads\/2024\/12\/ecotextile.png\" alt=\"\" width=\"50\" height=\"46\" data-src=\"https:\/\/ecotextile.eu\/wp-content\/uploads\/2024\/12\/ecotextile.png\" \/><\/a> \u00a0 \u00a0 <a class=\"hover-zoom\" href=\"https:\/\/ecotextile.eu\/en\/gift-ideas\/\" target=\"_blank\" rel=\"noopener\"><img decoding=\"async\" class=\"alignnone size-full wp-image-12379 ls-is-cached lazyloaded\" src=\"https:\/\/ecotextile.eu\/wp-content\/uploads\/2024\/06\/gift-box1.png\" alt=\"\" width=\"40\" height=\"40\" data-src=\"https:\/\/ecotextile.eu\/wp-content\/uploads\/2024\/06\/gift-box1.png\" \/><\/a>\u00a0 \u00a0 \u00a0 <a class=\"hover-zoom\" target=\"_blank\" rel=\"noopener\"><img decoding=\"async\" class=\"alignnone wp-image-9964 lazyloaded\" src=\"https:\/\/ecotextile.eu\/wp-content\/uploads\/2024\/06\/ecotextile-eco.png\" alt=\"\" width=\"50\" height=\"46\" data-src=\"https:\/\/ecotextile.eu\/wp-content\/uploads\/2024\/12\/ecotextile.png\" \/><\/a><\/strong><br \/>\n<strong>100% organic cotton.\u00a0<\/strong><\/p>\n<ul>\n<li><strong>Model: <\/strong>MIYA<\/li>\n<li><strong>Size:<\/strong> 80\u00d7150 cm<\/li>\n<li><strong>Composition:<\/strong> 100% eco cotton<\/li>\n<li><strong>Color:<\/strong> Graphite<\/li>\n<li><strong><a href=\"https:\/\/ecotextile.eu\/en\/delivery-and-payment\/\" target=\"_blank\" rel=\"noopener\">Delivery<\/a>:<\/strong>\u00a0free from \u20ac30*(<a href=\"https:\/\/ecotextile.eu\/en\/delivery-and-payment\/\" target=\"_blank\" rel=\"noopener\">Check for your region<\/a>)<\/li>\n<li><a href=\"https:\/\/ecotextile.eu\/en\/okosertifikaadid\/\" target=\"_blank\" rel=\"noopener\"><strong>Eco certificate:<\/strong><\/a><\/li>\n<\/ul>\n<p><img decoding=\"async\" class=\"alignnone wp-image-2472 lazyload\" data-src=\"https:\/\/ecotextile.eu\/wp-content\/uploads\/2024\/02\/setificat-300x52.webp\" alt=\"\" width=\"374\" height=\"65\" data-srcset=\"https:\/\/ecotextile.eu\/wp-content\/uploads\/2024\/02\/setificat-300x52.webp 300w, https:\/\/ecotextile.eu\/wp-content\/uploads\/2024\/02\/setificat-600x105.webp 600w, https:\/\/ecotextile.eu\/wp-content\/uploads\/2024\/02\/setificat.webp 652w\" data-sizes=\"(max-width: 374px) 100vw, 374px\" src=\"data:image\/gif;base64,R0lGODlhAQABAAAAACH5BAEKAAEALAAAAAABAAEAAAICTAEAOw==\" style=\"--smush-placeholder-width: 374px; --smush-placeholder-aspect-ratio: 374\/65;\" \/><\/p>\n<\/div>\n","protected":false},"featured_media":15012,"comment_status":"closed","ping_status":"closed","template":"","meta":{"_acf_changed":false,"om_disable_all_campaigns":false,"_monsterinsights_skip_tracking":false,"_monsterinsights_sitenote_active":false,"_monsterinsights_sitenote_note":"","_monsterinsights_sitenote_category":0,"_uf_show_specific_survey":0,"_uf_disable_surveys":false},"product_brand":[],"product_cat":[15,238,322,328,469,365,25],"product_tag":[],"class_list":{"0":"post-3997","1":"product","2":"type-product","3":"status-publish","4":"has-post-thumbnail","6":"product_cat-uncategorized","7":"product_cat-bath-towels","8":"product_cat-gifts","9":"product_cat-gifts-for-men","10":"product_cat-jacquard-towels","11":"product_cat-terry-towels","12":"product_cat-towels","13":"pa_brand-ecocotton-en","14":"pa_koostis-cotton","15":"pa_suurus-80150-en","16":"pa_tuup-all-product","17":"pa_tuup-eco-products","18":"pa_tuup-natural-product","19":"pa_varv-antrasit","20":"pa_varv-grey","22":"first","23":"instock","24":"shipping-taxable","25":"purchasable","26":"product-type-simple"},"acf":[],"yoast_head":"<!-- This site is optimized with the Yoast SEO Premium plugin v24.7 (Yoast SEO v27.2) - https:\/\/yoast.com\/product\/yoast-seo-premium-wordpress\/ -->\n<title>Bath Towel MIYA | Ecotextile.EU<\/title>\n<meta name=\"description\" content=\". Tarne \u00fcle Euroopa, \u00f6ko-sertifikaadid ja turvaline kassaprotsess. Premium naturaalsed materjalid ja kauakestev kvaliteet.\" \/>\n<meta name=\"robots\" content=\"index, follow, max-snippet:-1, max-image-preview:large, max-video-preview:-1\" \/>\n<link rel=\"canonical\" href=\"https:\/\/ecotextile.eu\/en\/product\/miya\/\" \/>\n<meta property=\"og:locale\" content=\"en_US\" \/>\n<meta property=\"og:type\" content=\"article\" \/>\n<meta property=\"og:title\" content=\"Bath Towel MIYA | Ecotextile.EU\" \/>\n<meta property=\"og:description\" content=\". Tarne \u00fcle Euroopa, \u00f6ko-sertifikaadid ja turvaline kassaprotsess. Premium naturaalsed materjalid ja kauakestev kvaliteet.\" \/>\n<meta property=\"og:url\" content=\"https:\/\/ecotextile.eu\/en\/product\/miya\/\" \/>\n<meta property=\"og:site_name\" content=\"EcoTextile\" \/>\n<meta property=\"article:publisher\" content=\"https:\/\/www.facebook.com\/profile.php?id=61560592331035\" \/>\n<meta property=\"article:modified_time\" content=\"2025-05-02T05:11:43+00:00\" \/>\n<meta property=\"og:image\" content=\"https:\/\/ecotextile.eu\/wp-content\/uploads\/2024\/03\/MIYA9.webp\" \/>\n\t<meta property=\"og:image:width\" content=\"540\" \/>\n\t<meta property=\"og:image:height\" content=\"810\" \/>\n\t<meta property=\"og:image:type\" content=\"image\/webp\" \/>\n<meta name=\"twitter:card\" content=\"summary_large_image\" \/>\n<meta name=\"twitter:label1\" content=\"Est. reading time\" \/>\n\t<meta name=\"twitter:data1\" content=\"1 minute\" \/>\n<script type=\"application\/ld+json\" class=\"yoast-schema-graph\">{\"@context\":\"https:\/\/schema.org\",\"@graph\":[{\"@type\":\"WebPage\",\"@id\":\"https:\/\/ecotextile.eu\/en\/product\/miya\/\",\"url\":\"https:\/\/ecotextile.eu\/en\/product\/miya\/\",\"name\":\"Bath Towel MIYA | Ecotextile.EU\",\"isPartOf\":{\"@id\":\"https:\/\/ecotextile.eu\/en\/#website\"},\"primaryImageOfPage\":{\"@id\":\"https:\/\/ecotextile.eu\/en\/product\/miya\/#primaryimage\"},\"image\":{\"@id\":\"https:\/\/ecotextile.eu\/en\/product\/miya\/#primaryimage\"},\"thumbnailUrl\":\"https:\/\/ecotextile.eu\/wp-content\/uploads\/2024\/03\/MIYA9.webp\",\"datePublished\":\"2024-03-15T13:34:28+00:00\",\"dateModified\":\"2025-05-02T05:11:43+00:00\",\"description\":\". Tarne \u00fcle Euroopa, \u00f6ko-sertifikaadid ja turvaline kassaprotsess. Premium naturaalsed materjalid ja kauakestev kvaliteet.\",\"breadcrumb\":{\"@id\":\"https:\/\/ecotextile.eu\/en\/product\/miya\/#breadcrumb\"},\"inLanguage\":\"en-US\",\"potentialAction\":[{\"@type\":\"ReadAction\",\"target\":[\"https:\/\/ecotextile.eu\/en\/product\/miya\/\"]}]},{\"@type\":\"ImageObject\",\"inLanguage\":\"en-US\",\"@id\":\"https:\/\/ecotextile.eu\/en\/product\/miya\/#primaryimage\",\"url\":\"https:\/\/ecotextile.eu\/wp-content\/uploads\/2024\/03\/MIYA9.webp\",\"contentUrl\":\"https:\/\/ecotextile.eu\/wp-content\/uploads\/2024\/03\/MIYA9.webp\",\"width\":540,\"height\":810},{\"@type\":\"BreadcrumbList\",\"@id\":\"https:\/\/ecotextile.eu\/en\/product\/miya\/#breadcrumb\",\"itemListElement\":[{\"@type\":\"ListItem\",\"position\":1,\"name\":\"\u0413\u043b\u0430\u0432\u043d\u0430\u044f \u0441\u0442\u0440\u0430\u043d\u0438\u0446\u0430\",\"item\":\"https:\/\/ecotextile.eu\/en\/\"},{\"@type\":\"ListItem\",\"position\":2,\"name\":\"Shop\",\"item\":\"https:\/\/ecotextile.eu\/shop\/\"},{\"@type\":\"ListItem\",\"position\":3,\"name\":\"Bath Towel MIYA\"}]},{\"@type\":\"WebSite\",\"@id\":\"https:\/\/ecotextile.eu\/en\/#website\",\"url\":\"https:\/\/ecotextile.eu\/en\/\",\"name\":\"Ecotextile.EU\",\"description\":\"\",\"publisher\":{\"@id\":\"https:\/\/ecotextile.eu\/en\/#organization\"},\"alternateName\":\"Ecotextile.EU\",\"potentialAction\":[{\"@type\":\"SearchAction\",\"target\":{\"@type\":\"EntryPoint\",\"urlTemplate\":\"https:\/\/ecotextile.eu\/en\/?s={search_term_string}\"},\"query-input\":{\"@type\":\"PropertyValueSpecification\",\"valueRequired\":true,\"valueName\":\"search_term_string\"}}],\"inLanguage\":\"en-US\"},{\"@type\":\"Organization\",\"@id\":\"https:\/\/ecotextile.eu\/en\/#organization\",\"name\":\"ECOTEXTILE\",\"alternateName\":\"Ecotextile.EU\",\"url\":\"https:\/\/ecotextile.eu\/en\/\",\"logo\":{\"@type\":\"ImageObject\",\"inLanguage\":\"en-US\",\"@id\":\"https:\/\/ecotextile.eu\/en\/#\/schema\/logo\/image\/\",\"url\":\"https:\/\/ecotextile.eu\/wp-content\/uploads\/2025\/07\/ecotextile-logo2.png\",\"contentUrl\":\"https:\/\/ecotextile.eu\/wp-content\/uploads\/2025\/07\/ecotextile-logo2.png\",\"width\":512,\"height\":512,\"caption\":\"ECOTEXTILE\"},\"image\":{\"@id\":\"https:\/\/ecotextile.eu\/en\/#\/schema\/logo\/image\/\"},\"sameAs\":[\"https:\/\/www.facebook.com\/profile.php?id=61560592331035\",\"https:\/\/www.instagram.com\/ecotextile_elit\/\",\"https:\/\/www.tiktok.com\/@ecotextile.eu\",\"https:\/\/www.youtube.com\/channel\/UC6hBdz6IiDwoOP-n89o4_Rg\"],\"description\":\"Online pood EcoTextile pakub voodipesu, r\u00e4tikuid, pleede, hommikumantleid, koduriided ja riided. Tooted on valmistatud orgaanilistest kangastest: puuvill, lina, bambus, satiin ja kanep. Ecotextile'i n\u00e4idistesaal asub Peetris, seda saab k\u00fclastada eelneval kokkuleppel.\",\"email\":\"info@ecotextile.eu\",\"legalName\":\"ECOTEXTILE O\u00dc\",\"foundingDate\":\"2024-01-12\",\"numberOfEmployees\":{\"@type\":\"QuantitativeValue\",\"minValue\":\"1\",\"maxValue\":\"10\"}}]}<\/script>\n<!-- \/ Yoast SEO Premium plugin. -->","yoast_head_json":{"title":"Bath Towel MIYA | Ecotextile.EU","description":". Tarne \u00fcle Euroopa, \u00f6ko-sertifikaadid ja turvaline kassaprotsess. Premium naturaalsed materjalid ja kauakestev kvaliteet.","robots":{"index":"index","follow":"follow","max-snippet":"max-snippet:-1","max-image-preview":"max-image-preview:large","max-video-preview":"max-video-preview:-1"},"canonical":"https:\/\/ecotextile.eu\/en\/product\/miya\/","og_locale":"en_US","og_type":"article","og_title":"Bath Towel MIYA | Ecotextile.EU","og_description":". Tarne \u00fcle Euroopa, \u00f6ko-sertifikaadid ja turvaline kassaprotsess. Premium naturaalsed materjalid ja kauakestev kvaliteet.","og_url":"https:\/\/ecotextile.eu\/en\/product\/miya\/","og_site_name":"EcoTextile","article_publisher":"https:\/\/www.facebook.com\/profile.php?id=61560592331035","article_modified_time":"2025-05-02T05:11:43+00:00","og_image":[{"width":540,"height":810,"url":"https:\/\/ecotextile.eu\/wp-content\/uploads\/2024\/03\/MIYA9.webp","type":"image\/webp"}],"twitter_card":"summary_large_image","twitter_misc":{"Est. reading time":"1 minute"},"schema":{"@context":"https:\/\/schema.org","@graph":[{"@type":"WebPage","@id":"https:\/\/ecotextile.eu\/en\/product\/miya\/","url":"https:\/\/ecotextile.eu\/en\/product\/miya\/","name":"Bath Towel MIYA | Ecotextile.EU","isPartOf":{"@id":"https:\/\/ecotextile.eu\/en\/#website"},"primaryImageOfPage":{"@id":"https:\/\/ecotextile.eu\/en\/product\/miya\/#primaryimage"},"image":{"@id":"https:\/\/ecotextile.eu\/en\/product\/miya\/#primaryimage"},"thumbnailUrl":"https:\/\/ecotextile.eu\/wp-content\/uploads\/2024\/03\/MIYA9.webp","datePublished":"2024-03-15T13:34:28+00:00","dateModified":"2025-05-02T05:11:43+00:00","description":". Tarne \u00fcle Euroopa, \u00f6ko-sertifikaadid ja turvaline kassaprotsess. Premium naturaalsed materjalid ja kauakestev kvaliteet.","breadcrumb":{"@id":"https:\/\/ecotextile.eu\/en\/product\/miya\/#breadcrumb"},"inLanguage":"en-US","potentialAction":[{"@type":"ReadAction","target":["https:\/\/ecotextile.eu\/en\/product\/miya\/"]}]},{"@type":"ImageObject","inLanguage":"en-US","@id":"https:\/\/ecotextile.eu\/en\/product\/miya\/#primaryimage","url":"https:\/\/ecotextile.eu\/wp-content\/uploads\/2024\/03\/MIYA9.webp","contentUrl":"https:\/\/ecotextile.eu\/wp-content\/uploads\/2024\/03\/MIYA9.webp","width":540,"height":810},{"@type":"BreadcrumbList","@id":"https:\/\/ecotextile.eu\/en\/product\/miya\/#breadcrumb","itemListElement":[{"@type":"ListItem","position":1,"name":"\u0413\u043b\u0430\u0432\u043d\u0430\u044f \u0441\u0442\u0440\u0430\u043d\u0438\u0446\u0430","item":"https:\/\/ecotextile.eu\/en\/"},{"@type":"ListItem","position":2,"name":"Shop","item":"https:\/\/ecotextile.eu\/shop\/"},{"@type":"ListItem","position":3,"name":"Bath Towel MIYA"}]},{"@type":"WebSite","@id":"https:\/\/ecotextile.eu\/en\/#website","url":"https:\/\/ecotextile.eu\/en\/","name":"Ecotextile.EU","description":"","publisher":{"@id":"https:\/\/ecotextile.eu\/en\/#organization"},"alternateName":"Ecotextile.EU","potentialAction":[{"@type":"SearchAction","target":{"@type":"EntryPoint","urlTemplate":"https:\/\/ecotextile.eu\/en\/?s={search_term_string}"},"query-input":{"@type":"PropertyValueSpecification","valueRequired":true,"valueName":"search_term_string"}}],"inLanguage":"en-US"},{"@type":"Organization","@id":"https:\/\/ecotextile.eu\/en\/#organization","name":"ECOTEXTILE","alternateName":"Ecotextile.EU","url":"https:\/\/ecotextile.eu\/en\/","logo":{"@type":"ImageObject","inLanguage":"en-US","@id":"https:\/\/ecotextile.eu\/en\/#\/schema\/logo\/image\/","url":"https:\/\/ecotextile.eu\/wp-content\/uploads\/2025\/07\/ecotextile-logo2.png","contentUrl":"https:\/\/ecotextile.eu\/wp-content\/uploads\/2025\/07\/ecotextile-logo2.png","width":512,"height":512,"caption":"ECOTEXTILE"},"image":{"@id":"https:\/\/ecotextile.eu\/en\/#\/schema\/logo\/image\/"},"sameAs":["https:\/\/www.facebook.com\/profile.php?id=61560592331035","https:\/\/www.instagram.com\/ecotextile_elit\/","https:\/\/www.tiktok.com\/@ecotextile.eu","https:\/\/www.youtube.com\/channel\/UC6hBdz6IiDwoOP-n89o4_Rg"],"description":"Online pood EcoTextile pakub voodipesu, r\u00e4tikuid, pleede, hommikumantleid, koduriided ja riided. Tooted on valmistatud orgaanilistest kangastest: puuvill, lina, bambus, satiin ja kanep. Ecotextile'i n\u00e4idistesaal asub Peetris, seda saab k\u00fclastada eelneval kokkuleppel.","email":"info@ecotextile.eu","legalName":"ECOTEXTILE O\u00dc","foundingDate":"2024-01-12","numberOfEmployees":{"@type":"QuantitativeValue","minValue":"1","maxValue":"10"}}]}},"_links":{"self":[{"href":"https:\/\/ecotextile.eu\/en\/wp-json\/wp\/v2\/product\/3997","targetHints":{"allow":["GET"]}}],"collection":[{"href":"https:\/\/ecotextile.eu\/en\/wp-json\/wp\/v2\/product"}],"about":[{"href":"https:\/\/ecotextile.eu\/en\/wp-json\/wp\/v2\/types\/product"}],"replies":[{"embeddable":true,"href":"https:\/\/ecotextile.eu\/en\/wp-json\/wp\/v2\/comments?post=3997"}],"version-history":[{"count":2,"href":"https:\/\/ecotextile.eu\/en\/wp-json\/wp\/v2\/product\/3997\/revisions"}],"predecessor-version":[{"id":15020,"href":"https:\/\/ecotextile.eu\/en\/wp-json\/wp\/v2\/product\/3997\/revisions\/15020"}],"wp:featuredmedia":[{"embeddable":true,"href":"https:\/\/ecotextile.eu\/en\/wp-json\/wp\/v2\/media\/15012"}],"wp:attachment":[{"href":"https:\/\/ecotextile.eu\/en\/wp-json\/wp\/v2\/media?parent=3997"}],"wp:term":[{"taxonomy":"product_brand","embeddable":true,"href":"https:\/\/ecotextile.eu\/en\/wp-json\/wp\/v2\/product_brand?post=3997"},{"taxonomy":"product_cat","embeddable":true,"href":"https:\/\/ecotextile.eu\/en\/wp-json\/wp\/v2\/product_cat?post=3997"},{"taxonomy":"product_tag","embeddable":true,"href":"https:\/\/ecotextile.eu\/en\/wp-json\/wp\/v2\/product_tag?post=3997"}],"curies":[{"name":"wp","href":"https:\/\/api.w.org\/{rel}","templated":true}]}}