{"id":3967,"date":"2024-03-15T15:17:17","date_gmt":"2024-03-15T13:17:17","guid":{"rendered":"https:\/\/ecotextile.dev2.sdhost.eu\/?post_type=product&#038;p=3967"},"modified":"2025-03-31T08:12:25","modified_gmt":"2025-03-31T05:12:25","slug":"pure-komplekt-beez","status":"publish","type":"product","link":"https:\/\/ecotextile.eu\/en\/product\/pure-komplekt-beez\/","title":{"rendered":"Set of Towels in Gift Box PURE (Beige)"},"content":{"rendered":"<div class=\"flex max-w-full flex-col flex-grow\">\n<div class=\"min-h-[20px] text-message flex w-full flex-col items-end gap-2 whitespace-pre-wrap break-words [.text-message+&amp;]:mt-5 overflow-x-auto\" dir=\"auto\" data-message-author-role=\"assistant\" data-message-id=\"e75e091e-09ed-47b5-a0a1-4e1c0a731a7d\">\n<div class=\"flex w-full flex-col gap-1 empty:hidden first:pt-[3px]\">\n<div class=\"markdown prose w-full break-words dark:prose-invert light\">\n<p><strong>PURE Towel Set: Eco-friendliness and Style in a Gift Box<\/strong><\/p>\n<p>Are you looking for a high-quality and eco-friendly set of towels in gift box? The PURE set is the perfect combination of refined style, care for nature, and unparalleled comfort.<\/p>\n<p><strong>Advantages of the PURE set:<\/strong><\/p>\n<ul>\n<li><strong>Organic Cotton:<\/strong> The PURE towels are made from 100% organic cotton, grown without chemicals or pesticides. Certified by international standards, they are safe for your health and environmentally friendly.<\/li>\n<li><strong>Softness and Comfort:<\/strong> This set of towels in gift box is remarkably soft and maintains its gentle texture even after multiple washes, providing you with daily comfort.<\/li>\n<li><strong>High Absorbency:<\/strong> The PURE towels quickly and effectively absorb moisture, ensuring you feel dry and comfortable after a shower or bath.<\/li>\n<li><strong>Durability:<\/strong> The PURE towels retain their strength, shape, and elegant appearance even with frequent use. Care recommendations can be found in the &#8220;EcoStyle&#8221; magazine on \u00a0<a href=\"https:\/\/ecotextile.eu\/en\/care-for-terry-towels\/\" target=\"_blank\" rel=\"noopener\">towel care<\/a>.<\/li>\n<\/ul>\n<p>The PURE set of towels comes in stylish packaging, making it an excellent gift for any occasion. Visit our <a href=\"https:\/\/www.google.com\/maps\/place\/EcoTextile\/@59.3987458,24.8269973,17z\/data=!3m1!4b1!4m6!3m5!1s0x4692ebe13364c3df:0xaaf62acfac36e9b8!8m2!3d59.3987458!4d24.8269973!16s%2Fg%2F11y3vdl5w7?entry=ttu\" target=\"_blank\" rel=\"noopener\">EcoTextile showroom<\/a> in Peetri (a suburb of Tallinn) to personally assess the quality of the towels and select other stylish and eco-friendly products.<\/p>\n<p><strong>Add elegance and eco-friendliness to your bathroom\u2014purchase the PURE towel set today!<\/strong><\/p>\n<\/div>\n<\/div>\n<\/div>\n<\/div>\n<p><strong>Contents:<\/strong><\/p>\n<ul>\n<li>1 pc.: 30\u00d750 cm<\/li>\n<li>1 pc.: 50\u00d790 cm<\/li>\n<li>1 pc.: 80\u00d7150 cm<\/li>\n<li>1 pc.: Gift packaging<\/li>\n<\/ul>\n","protected":false},"excerpt":{"rendered":"<p><strong><a class=\"hover-zoom\" href=\"https:\/\/ecotextile.eu\/en\/tuup\/natural-product\/\" target=\"_blank\" rel=\"noopener\"><img decoding=\"async\" class=\"alignnone wp-image-9964 lazyloaded\" src=\"https:\/\/ecotextile.eu\/wp-content\/uploads\/2024\/12\/ecotextile.png\" alt=\"\" width=\"50\" height=\"46\" data-src=\"https:\/\/ecotextile.eu\/wp-content\/uploads\/2024\/12\/ecotextile.png\" \/><\/a> \u00a0 \u00a0 <a class=\"hover-zoom\" href=\"https:\/\/ecotextile.eu\/en\/gift-ideas\/\" target=\"_blank\" rel=\"noopener\"><img decoding=\"async\" class=\"alignnone size-full wp-image-12379 ls-is-cached lazyloaded\" src=\"https:\/\/ecotextile.eu\/wp-content\/uploads\/2024\/06\/gift-box1.png\" alt=\"\" width=\"40\" height=\"40\" data-src=\"https:\/\/ecotextile.eu\/wp-content\/uploads\/2024\/06\/gift-box1.png\" \/><\/a>\u00a0 \u00a0 \u00a0 <a class=\"hover-zoom\" target=\"_blank\" rel=\"noopener\"><img decoding=\"async\" class=\"alignnone wp-image-9964 lazyloaded\" src=\"https:\/\/ecotextile.eu\/wp-content\/uploads\/2024\/06\/ecotextile-eco.png\" alt=\"\" width=\"50\" height=\"46\" data-src=\"https:\/\/ecotextile.eu\/wp-content\/uploads\/2024\/12\/ecotextile.png\" \/><\/a><\/strong><br \/>\n<strong>100% organic cotton.\u00a0<\/strong><\/p>\n<ul>\n<li><strong>Model:\u00a0<\/strong>PURE<\/li>\n<li><strong>Size:<\/strong> 30\u00d750 cm, 50\u00d790 cm, 80\u00d7150 cm<\/li>\n<li><strong>Composition:<\/strong> 100% eco cotton<\/li>\n<li><strong>Color: <\/strong>Beige<\/li>\n<li><strong><a href=\"https:\/\/ecotextile.eu\/en\/delivery-and-payment\/\" target=\"_blank\" rel=\"noopener\">Delivery<\/a>:<\/strong>\u00a0free from \u20ac30*(<a href=\"https:\/\/ecotextile.eu\/en\/delivery-and-payment\/\" target=\"_blank\" rel=\"noopener\">Check for your region<\/a>)<\/li>\n<li><a href=\"https:\/\/ecotextile.eu\/en\/okosertifikaadid\/\" target=\"_blank\" rel=\"noopener\"><strong>Eco certificate:<\/strong><\/a><\/li>\n<\/ul>\n<p><img decoding=\"async\" class=\"alignnone wp-image-2472 lazyload\" data-src=\"https:\/\/ecotextile.eu\/wp-content\/uploads\/2024\/02\/setificat-300x52.webp\" alt=\"\" width=\"374\" height=\"65\" data-srcset=\"https:\/\/ecotextile.eu\/wp-content\/uploads\/2024\/02\/setificat-300x52.webp 300w, https:\/\/ecotextile.eu\/wp-content\/uploads\/2024\/02\/setificat-600x105.webp 600w, https:\/\/ecotextile.eu\/wp-content\/uploads\/2024\/02\/setificat.webp 652w\" data-sizes=\"(max-width: 374px) 100vw, 374px\" src=\"data:image\/gif;base64,R0lGODlhAQABAAAAACH5BAEKAAEALAAAAAABAAEAAAICTAEAOw==\" style=\"--smush-placeholder-width: 374px; --smush-placeholder-aspect-ratio: 374\/65;\" \/><\/p>\n","protected":false},"featured_media":3970,"comment_status":"closed","ping_status":"closed","template":"","meta":{"_acf_changed":false,"om_disable_all_campaigns":false,"_monsterinsights_skip_tracking":false,"_monsterinsights_sitenote_active":false,"_monsterinsights_sitenote_note":"","_monsterinsights_sitenote_category":0,"_uf_show_specific_survey":0,"_uf_disable_surveys":false},"product_brand":[],"product_cat":[15,238,322,328,350,31,365,368,25],"product_tag":[],"class_list":{"0":"post-3967","1":"product","2":"type-product","3":"status-publish","4":"has-post-thumbnail","6":"product_cat-uncategorized","7":"product_cat-bath-towels","8":"product_cat-gifts","9":"product_cat-gifts-for-men","10":"product_cat-gifts-for-women","11":"product_cat-new-collection","12":"product_cat-terry-towels","13":"product_cat-towel-sets","14":"product_cat-towels","15":"pa_brand-ecocotton-en","16":"pa_koostis-cotton","17":"pa_pakend-stylish-gift-packaging","18":"pa_suurus-30x50-en","19":"pa_suurus-5090-en","20":"pa_suurus-80150-en","21":"pa_tuup-all-product","22":"pa_tuup-eco-products","23":"pa_tuup-natural-product","24":"pa_varv-beige","26":"first","27":"instock","28":"shipping-taxable","29":"purchasable","30":"product-type-simple"},"acf":[],"yoast_head":"<!-- This site is optimized with the Yoast SEO Premium plugin v24.7 (Yoast SEO v27.2) - https:\/\/yoast.com\/product\/yoast-seo-premium-wordpress\/ -->\n<title>Set of Towels in Gift Box PURE (Beige) | Ecotextile.EU<\/title>\n<meta name=\"description\" content=\"\ud83c\udf3f EcoTextile \ud83c\udf3f Set of towels in gif box \ud83c\udf3f Eco cotton \ud83c\udf3f Choice of colors \ud83c\udf3f Fast shipping \ud83c\udf3f Delivery within the European Union\" \/>\n<meta name=\"robots\" content=\"index, follow, max-snippet:-1, max-image-preview:large, max-video-preview:-1\" \/>\n<link rel=\"canonical\" href=\"https:\/\/ecotextile.eu\/en\/product\/pure-komplekt-beez\/\" \/>\n<meta property=\"og:locale\" content=\"en_US\" \/>\n<meta property=\"og:type\" content=\"article\" \/>\n<meta property=\"og:title\" content=\"Set of Towels in Gift Box PURE (Beige) | Ecotextile.EU\" \/>\n<meta property=\"og:description\" content=\"\ud83c\udf3f EcoTextile \ud83c\udf3f Set of towels in gif box \ud83c\udf3f Eco cotton \ud83c\udf3f Choice of colors \ud83c\udf3f Fast shipping \ud83c\udf3f Delivery within the European Union\" \/>\n<meta property=\"og:url\" content=\"https:\/\/ecotextile.eu\/en\/product\/pure-komplekt-beez\/\" \/>\n<meta property=\"og:site_name\" content=\"EcoTextile\" \/>\n<meta property=\"article:publisher\" content=\"https:\/\/www.facebook.com\/profile.php?id=61560592331035\" \/>\n<meta property=\"article:modified_time\" content=\"2025-03-31T05:12:25+00:00\" \/>\n<meta property=\"og:image\" content=\"https:\/\/ecotextile.eu\/wp-content\/uploads\/2024\/03\/PURE9.webp\" \/>\n\t<meta property=\"og:image:width\" content=\"853\" \/>\n\t<meta property=\"og:image:height\" content=\"1280\" \/>\n\t<meta property=\"og:image:type\" content=\"image\/webp\" \/>\n<meta name=\"twitter:card\" content=\"summary_large_image\" \/>\n<meta name=\"twitter:description\" content=\"\ud83c\udf3f EcoTextile \ud83c\udf3f Set of towels in gif box \ud83c\udf3f Eco cotton \ud83c\udf3f Choice of colors \ud83c\udf3f Fast shipping \ud83c\udf3f Delivery within the European Union\" \/>\n<meta name=\"twitter:label1\" content=\"Est. reading time\" \/>\n\t<meta name=\"twitter:data1\" content=\"2 minutes\" \/>\n<script type=\"application\/ld+json\" class=\"yoast-schema-graph\">{\"@context\":\"https:\/\/schema.org\",\"@graph\":[{\"@type\":\"WebPage\",\"@id\":\"https:\/\/ecotextile.eu\/en\/product\/pure-komplekt-beez\/\",\"url\":\"https:\/\/ecotextile.eu\/en\/product\/pure-komplekt-beez\/\",\"name\":\"Set of Towels in Gift Box PURE (Beige) | Ecotextile.EU\",\"isPartOf\":{\"@id\":\"https:\/\/ecotextile.eu\/en\/#website\"},\"primaryImageOfPage\":{\"@id\":\"https:\/\/ecotextile.eu\/en\/product\/pure-komplekt-beez\/#primaryimage\"},\"image\":{\"@id\":\"https:\/\/ecotextile.eu\/en\/product\/pure-komplekt-beez\/#primaryimage\"},\"thumbnailUrl\":\"https:\/\/ecotextile.eu\/wp-content\/uploads\/2024\/03\/PURE9.webp\",\"datePublished\":\"2024-03-15T13:17:17+00:00\",\"dateModified\":\"2025-03-31T05:12:25+00:00\",\"description\":\"\ud83c\udf3f EcoTextile \ud83c\udf3f Set of towels in gif box \ud83c\udf3f Eco cotton \ud83c\udf3f Choice of colors \ud83c\udf3f Fast shipping \ud83c\udf3f Delivery within the European Union\",\"breadcrumb\":{\"@id\":\"https:\/\/ecotextile.eu\/en\/product\/pure-komplekt-beez\/#breadcrumb\"},\"inLanguage\":\"en-US\",\"potentialAction\":[{\"@type\":\"ReadAction\",\"target\":[\"https:\/\/ecotextile.eu\/en\/product\/pure-komplekt-beez\/\"]}]},{\"@type\":\"ImageObject\",\"inLanguage\":\"en-US\",\"@id\":\"https:\/\/ecotextile.eu\/en\/product\/pure-komplekt-beez\/#primaryimage\",\"url\":\"https:\/\/ecotextile.eu\/wp-content\/uploads\/2024\/03\/PURE9.webp\",\"contentUrl\":\"https:\/\/ecotextile.eu\/wp-content\/uploads\/2024\/03\/PURE9.webp\",\"width\":853,\"height\":1280},{\"@type\":\"BreadcrumbList\",\"@id\":\"https:\/\/ecotextile.eu\/en\/product\/pure-komplekt-beez\/#breadcrumb\",\"itemListElement\":[{\"@type\":\"ListItem\",\"position\":1,\"name\":\"\u0413\u043b\u0430\u0432\u043d\u0430\u044f \u0441\u0442\u0440\u0430\u043d\u0438\u0446\u0430\",\"item\":\"https:\/\/ecotextile.eu\/en\/\"},{\"@type\":\"ListItem\",\"position\":2,\"name\":\"Shop\",\"item\":\"https:\/\/ecotextile.eu\/shop\/\"},{\"@type\":\"ListItem\",\"position\":3,\"name\":\"Set of Towels in Gift Box PURE (Beige)\"}]},{\"@type\":\"WebSite\",\"@id\":\"https:\/\/ecotextile.eu\/en\/#website\",\"url\":\"https:\/\/ecotextile.eu\/en\/\",\"name\":\"Ecotextile.EU\",\"description\":\"\",\"publisher\":{\"@id\":\"https:\/\/ecotextile.eu\/en\/#organization\"},\"alternateName\":\"Ecotextile.EU\",\"potentialAction\":[{\"@type\":\"SearchAction\",\"target\":{\"@type\":\"EntryPoint\",\"urlTemplate\":\"https:\/\/ecotextile.eu\/en\/?s={search_term_string}\"},\"query-input\":{\"@type\":\"PropertyValueSpecification\",\"valueRequired\":true,\"valueName\":\"search_term_string\"}}],\"inLanguage\":\"en-US\"},{\"@type\":\"Organization\",\"@id\":\"https:\/\/ecotextile.eu\/en\/#organization\",\"name\":\"ECOTEXTILE\",\"alternateName\":\"Ecotextile.EU\",\"url\":\"https:\/\/ecotextile.eu\/en\/\",\"logo\":{\"@type\":\"ImageObject\",\"inLanguage\":\"en-US\",\"@id\":\"https:\/\/ecotextile.eu\/en\/#\/schema\/logo\/image\/\",\"url\":\"https:\/\/ecotextile.eu\/wp-content\/uploads\/2025\/07\/ecotextile-logo2.png\",\"contentUrl\":\"https:\/\/ecotextile.eu\/wp-content\/uploads\/2025\/07\/ecotextile-logo2.png\",\"width\":512,\"height\":512,\"caption\":\"ECOTEXTILE\"},\"image\":{\"@id\":\"https:\/\/ecotextile.eu\/en\/#\/schema\/logo\/image\/\"},\"sameAs\":[\"https:\/\/www.facebook.com\/profile.php?id=61560592331035\",\"https:\/\/www.instagram.com\/ecotextile_elit\/\",\"https:\/\/www.tiktok.com\/@ecotextile.eu\",\"https:\/\/www.youtube.com\/channel\/UC6hBdz6IiDwoOP-n89o4_Rg\"],\"description\":\"Online pood EcoTextile pakub voodipesu, r\u00e4tikuid, pleede, hommikumantleid, koduriided ja riided. Tooted on valmistatud orgaanilistest kangastest: puuvill, lina, bambus, satiin ja kanep. Ecotextile'i n\u00e4idistesaal asub Peetris, seda saab k\u00fclastada eelneval kokkuleppel.\",\"email\":\"info@ecotextile.eu\",\"legalName\":\"ECOTEXTILE O\u00dc\",\"foundingDate\":\"2024-01-12\",\"numberOfEmployees\":{\"@type\":\"QuantitativeValue\",\"minValue\":\"1\",\"maxValue\":\"10\"}}]}<\/script>\n<!-- \/ Yoast SEO Premium plugin. -->","yoast_head_json":{"title":"Set of Towels in Gift Box PURE (Beige) | Ecotextile.EU","description":"\ud83c\udf3f EcoTextile \ud83c\udf3f Set of towels in gif box \ud83c\udf3f Eco cotton \ud83c\udf3f Choice of colors \ud83c\udf3f Fast shipping \ud83c\udf3f Delivery within the European Union","robots":{"index":"index","follow":"follow","max-snippet":"max-snippet:-1","max-image-preview":"max-image-preview:large","max-video-preview":"max-video-preview:-1"},"canonical":"https:\/\/ecotextile.eu\/en\/product\/pure-komplekt-beez\/","og_locale":"en_US","og_type":"article","og_title":"Set of Towels in Gift Box PURE (Beige) | Ecotextile.EU","og_description":"\ud83c\udf3f EcoTextile \ud83c\udf3f Set of towels in gif box \ud83c\udf3f Eco cotton \ud83c\udf3f Choice of colors \ud83c\udf3f Fast shipping \ud83c\udf3f Delivery within the European Union","og_url":"https:\/\/ecotextile.eu\/en\/product\/pure-komplekt-beez\/","og_site_name":"EcoTextile","article_publisher":"https:\/\/www.facebook.com\/profile.php?id=61560592331035","article_modified_time":"2025-03-31T05:12:25+00:00","og_image":[{"width":853,"height":1280,"url":"https:\/\/ecotextile.eu\/wp-content\/uploads\/2024\/03\/PURE9.webp","type":"image\/webp"}],"twitter_card":"summary_large_image","twitter_description":"\ud83c\udf3f EcoTextile \ud83c\udf3f Set of towels in gif box \ud83c\udf3f Eco cotton \ud83c\udf3f Choice of colors \ud83c\udf3f Fast shipping \ud83c\udf3f Delivery within the European Union","twitter_misc":{"Est. reading time":"2 minutes"},"schema":{"@context":"https:\/\/schema.org","@graph":[{"@type":"WebPage","@id":"https:\/\/ecotextile.eu\/en\/product\/pure-komplekt-beez\/","url":"https:\/\/ecotextile.eu\/en\/product\/pure-komplekt-beez\/","name":"Set of Towels in Gift Box PURE (Beige) | Ecotextile.EU","isPartOf":{"@id":"https:\/\/ecotextile.eu\/en\/#website"},"primaryImageOfPage":{"@id":"https:\/\/ecotextile.eu\/en\/product\/pure-komplekt-beez\/#primaryimage"},"image":{"@id":"https:\/\/ecotextile.eu\/en\/product\/pure-komplekt-beez\/#primaryimage"},"thumbnailUrl":"https:\/\/ecotextile.eu\/wp-content\/uploads\/2024\/03\/PURE9.webp","datePublished":"2024-03-15T13:17:17+00:00","dateModified":"2025-03-31T05:12:25+00:00","description":"\ud83c\udf3f EcoTextile \ud83c\udf3f Set of towels in gif box \ud83c\udf3f Eco cotton \ud83c\udf3f Choice of colors \ud83c\udf3f Fast shipping \ud83c\udf3f Delivery within the European Union","breadcrumb":{"@id":"https:\/\/ecotextile.eu\/en\/product\/pure-komplekt-beez\/#breadcrumb"},"inLanguage":"en-US","potentialAction":[{"@type":"ReadAction","target":["https:\/\/ecotextile.eu\/en\/product\/pure-komplekt-beez\/"]}]},{"@type":"ImageObject","inLanguage":"en-US","@id":"https:\/\/ecotextile.eu\/en\/product\/pure-komplekt-beez\/#primaryimage","url":"https:\/\/ecotextile.eu\/wp-content\/uploads\/2024\/03\/PURE9.webp","contentUrl":"https:\/\/ecotextile.eu\/wp-content\/uploads\/2024\/03\/PURE9.webp","width":853,"height":1280},{"@type":"BreadcrumbList","@id":"https:\/\/ecotextile.eu\/en\/product\/pure-komplekt-beez\/#breadcrumb","itemListElement":[{"@type":"ListItem","position":1,"name":"\u0413\u043b\u0430\u0432\u043d\u0430\u044f \u0441\u0442\u0440\u0430\u043d\u0438\u0446\u0430","item":"https:\/\/ecotextile.eu\/en\/"},{"@type":"ListItem","position":2,"name":"Shop","item":"https:\/\/ecotextile.eu\/shop\/"},{"@type":"ListItem","position":3,"name":"Set of Towels in Gift Box PURE (Beige)"}]},{"@type":"WebSite","@id":"https:\/\/ecotextile.eu\/en\/#website","url":"https:\/\/ecotextile.eu\/en\/","name":"Ecotextile.EU","description":"","publisher":{"@id":"https:\/\/ecotextile.eu\/en\/#organization"},"alternateName":"Ecotextile.EU","potentialAction":[{"@type":"SearchAction","target":{"@type":"EntryPoint","urlTemplate":"https:\/\/ecotextile.eu\/en\/?s={search_term_string}"},"query-input":{"@type":"PropertyValueSpecification","valueRequired":true,"valueName":"search_term_string"}}],"inLanguage":"en-US"},{"@type":"Organization","@id":"https:\/\/ecotextile.eu\/en\/#organization","name":"ECOTEXTILE","alternateName":"Ecotextile.EU","url":"https:\/\/ecotextile.eu\/en\/","logo":{"@type":"ImageObject","inLanguage":"en-US","@id":"https:\/\/ecotextile.eu\/en\/#\/schema\/logo\/image\/","url":"https:\/\/ecotextile.eu\/wp-content\/uploads\/2025\/07\/ecotextile-logo2.png","contentUrl":"https:\/\/ecotextile.eu\/wp-content\/uploads\/2025\/07\/ecotextile-logo2.png","width":512,"height":512,"caption":"ECOTEXTILE"},"image":{"@id":"https:\/\/ecotextile.eu\/en\/#\/schema\/logo\/image\/"},"sameAs":["https:\/\/www.facebook.com\/profile.php?id=61560592331035","https:\/\/www.instagram.com\/ecotextile_elit\/","https:\/\/www.tiktok.com\/@ecotextile.eu","https:\/\/www.youtube.com\/channel\/UC6hBdz6IiDwoOP-n89o4_Rg"],"description":"Online pood EcoTextile pakub voodipesu, r\u00e4tikuid, pleede, hommikumantleid, koduriided ja riided. Tooted on valmistatud orgaanilistest kangastest: puuvill, lina, bambus, satiin ja kanep. Ecotextile'i n\u00e4idistesaal asub Peetris, seda saab k\u00fclastada eelneval kokkuleppel.","email":"info@ecotextile.eu","legalName":"ECOTEXTILE O\u00dc","foundingDate":"2024-01-12","numberOfEmployees":{"@type":"QuantitativeValue","minValue":"1","maxValue":"10"}}]}},"_links":{"self":[{"href":"https:\/\/ecotextile.eu\/en\/wp-json\/wp\/v2\/product\/3967","targetHints":{"allow":["GET"]}}],"collection":[{"href":"https:\/\/ecotextile.eu\/en\/wp-json\/wp\/v2\/product"}],"about":[{"href":"https:\/\/ecotextile.eu\/en\/wp-json\/wp\/v2\/types\/product"}],"replies":[{"embeddable":true,"href":"https:\/\/ecotextile.eu\/en\/wp-json\/wp\/v2\/comments?post=3967"}],"version-history":[{"count":2,"href":"https:\/\/ecotextile.eu\/en\/wp-json\/wp\/v2\/product\/3967\/revisions"}],"predecessor-version":[{"id":13229,"href":"https:\/\/ecotextile.eu\/en\/wp-json\/wp\/v2\/product\/3967\/revisions\/13229"}],"wp:featuredmedia":[{"embeddable":true,"href":"https:\/\/ecotextile.eu\/en\/wp-json\/wp\/v2\/media\/3970"}],"wp:attachment":[{"href":"https:\/\/ecotextile.eu\/en\/wp-json\/wp\/v2\/media?parent=3967"}],"wp:term":[{"taxonomy":"product_brand","embeddable":true,"href":"https:\/\/ecotextile.eu\/en\/wp-json\/wp\/v2\/product_brand?post=3967"},{"taxonomy":"product_cat","embeddable":true,"href":"https:\/\/ecotextile.eu\/en\/wp-json\/wp\/v2\/product_cat?post=3967"},{"taxonomy":"product_tag","embeddable":true,"href":"https:\/\/ecotextile.eu\/en\/wp-json\/wp\/v2\/product_tag?post=3967"}],"curies":[{"name":"wp","href":"https:\/\/api.w.org\/{rel}","templated":true}]}}