{"id":3948,"date":"2024-03-15T14:46:23","date_gmt":"2024-03-15T12:46:23","guid":{"rendered":"https:\/\/ecotextile.dev2.sdhost.eu\/?post_type=product&#038;p=3948"},"modified":"2025-05-02T08:07:09","modified_gmt":"2025-05-02T05:07:09","slug":"pure-komplekt-antratsiit","status":"publish","type":"product","link":"https:\/\/ecotextile.eu\/en\/product\/pure-komplekt-antratsiit\/","title":{"rendered":"Set of Bath Towels PURE 3-in-1. Gift Box"},"content":{"rendered":"<div class=\"flex max-w-full flex-col flex-grow\">\n<div class=\"min-h-[20px] text-message flex w-full flex-col items-end gap-2 whitespace-pre-wrap break-words [.text-message+&amp;]:mt-5 overflow-x-auto\" dir=\"auto\" data-message-author-role=\"assistant\" data-message-id=\"f5e6443d-1649-4093-9385-309bae38785f\">\n<div class=\"flex w-full flex-col gap-1 empty:hidden first:pt-[3px]\">\n<div class=\"markdown prose w-full break-words dark:prose-invert light\"><strong>Set of Bath Towels PURE \u2013 Luxury and Comfort from 100% Organic Cotton<\/strong><\/div>\n<\/div>\n<\/div>\n<\/div>\n<div class=\"mt-1 flex gap-3 empty:hidden -ml-2\">\n<div class=\"items-center justify-start rounded-xl p-1 flex\">\n<div class=\"flex items-center\">\n<div class=\"flex items-center pb-0\">\n<p>Are you looking for the perfect set of bath towels that combines eco-friendliness and high quality? The PURE set is exactly what you need. Made from 100% organic cotton, these towels guarantee softness, exceptional absorbency, and durability.<\/p>\n<p><strong>Why Choose the PURE Set of Towels?<\/strong><\/p>\n<p><strong>Organic Cotton:<\/strong> The PURE set of towels is made from cotton grown without chemical fertilizers and pesticides. This is confirmed by international certifications, ensuring the safety and eco-friendliness of the product.<\/p>\n<p><strong>Incredible Softness:<\/strong> The towels are not only pleasant to the touch but also retain their softness even after multiple washes. We recommend reading the <a href=\"https:\/\/ecotextile.eu\/en\/care-for-terry-towels\/\" target=\"_blank\" rel=\"noopener\">article on towel care<\/a> in the &#8220;EcoStyle&#8221; magazine.<\/p>\n<p><strong>Excellent Absorbency:<\/strong> The bath towels quickly absorb moisture, providing you with a comfortable feeling after a shower or bath.<\/p>\n<p><strong>Durability:<\/strong> The towels maintain their strength and appearance even after frequent use.<\/p>\n<p>Treat yourself or your loved ones to the comfort and care of the PURE set of bath towels. Packaged in a beautiful gift box, these towels make a great gift for any occasion. You can always visit the <a href=\"https:\/\/www.google.com\/maps\/place\/EcoTextile\/@59.3987458,24.8269973,17z\/data=!3m1!4b1!4m6!3m5!1s0x4692ebe13364c3df:0xaaf62acfac36e9b8!8m2!3d59.3987458!4d24.8269973!16s%2Fg%2F11y3vdl5w7?entry=ttu\" target=\"_blank\" rel=\"noopener\">EcoTextile showroom<\/a> in Peetri (a suburb of Tallinn) to confirm your choice or find something else.<\/p>\n<p>Don&#8217;t miss the chance to indulge yourself and your loved ones with true quality\u2014choose the PURE set of bath towels today!<\/p>\n<\/div>\n<\/div>\n<\/div>\n<\/div>\n<p><strong>Contents:<\/strong><\/p>\n<ul>\n<li>1 pc.: 30&#215;50 cm<\/li>\n<li>1 pc.: 50&#215;90 cm<\/li>\n<li>1 pc.: 80&#215;150 cm<\/li>\n<li>1 pc.: Gift packaging<\/li>\n<\/ul>\n","protected":false},"excerpt":{"rendered":"<div class=\"woocommerce-product-details__short-description\"><strong><a class=\"hover-zoom\" href=\"https:\/\/ecotextile.eu\/en\/tuup\/natural-product\/\" target=\"_blank\" rel=\"noopener\"><img decoding=\"async\" class=\"alignnone wp-image-9964 lazyloaded\" src=\"https:\/\/ecotextile.eu\/wp-content\/uploads\/2024\/12\/ecotextile.png\" alt=\"\" width=\"50\" height=\"46\" data-src=\"https:\/\/ecotextile.eu\/wp-content\/uploads\/2024\/12\/ecotextile.png\" \/><\/a> \u00a0 \u00a0 <a class=\"hover-zoom\" href=\"https:\/\/ecotextile.eu\/en\/gift-ideas\/\" target=\"_blank\" rel=\"noopener\"><img decoding=\"async\" class=\"alignnone size-full wp-image-12379 ls-is-cached lazyloaded\" src=\"https:\/\/ecotextile.eu\/wp-content\/uploads\/2024\/06\/gift-box1.png\" alt=\"\" width=\"40\" height=\"40\" data-src=\"https:\/\/ecotextile.eu\/wp-content\/uploads\/2024\/06\/gift-box1.png\" \/><\/a>\u00a0 \u00a0 \u00a0 <a class=\"hover-zoom\" target=\"_blank\" rel=\"noopener\"><img decoding=\"async\" class=\"alignnone wp-image-9964 lazyloaded\" src=\"https:\/\/ecotextile.eu\/wp-content\/uploads\/2024\/06\/ecotextile-eco.png\" alt=\"\" width=\"50\" height=\"46\" data-src=\"https:\/\/ecotextile.eu\/wp-content\/uploads\/2024\/12\/ecotextile.png\" \/><\/a><\/strong><br \/>\n<strong>100% organic cotton.\u00a0<\/strong><\/p>\n<ul>\n<li><strong>Model: <\/strong>PURE<\/li>\n<li><strong>Size:<\/strong> 30\u00d750 cm, 50\u00d790 cm, 80\u00d7150 cm<\/li>\n<li><strong>Composition:<\/strong> 100% eco cotton<\/li>\n<li><strong>Color:<\/strong> Anthracite<\/li>\n<li><strong><a href=\"https:\/\/ecotextile.eu\/en\/delivery-and-payment\/\" target=\"_blank\" rel=\"noopener\">Delivery<\/a>:<\/strong>\u00a0free from \u20ac30*(<a href=\"https:\/\/ecotextile.eu\/en\/delivery-and-payment\/\" target=\"_blank\" rel=\"noopener\">Check for your region<\/a>)<\/li>\n<li><a href=\"https:\/\/ecotextile.eu\/en\/okosertifikaadid\/\" target=\"_blank\" rel=\"noopener\"><strong>Eco certificate:<\/strong><\/a><\/li>\n<\/ul>\n<p><img decoding=\"async\" class=\"alignnone wp-image-2472 lazyload\" data-src=\"https:\/\/ecotextile.eu\/wp-content\/uploads\/2024\/02\/setificat-300x52.webp\" alt=\"\" width=\"374\" height=\"65\" data-srcset=\"https:\/\/ecotextile.eu\/wp-content\/uploads\/2024\/02\/setificat-300x52.webp 300w, https:\/\/ecotextile.eu\/wp-content\/uploads\/2024\/02\/setificat-600x105.webp 600w, https:\/\/ecotextile.eu\/wp-content\/uploads\/2024\/02\/setificat.webp 652w\" data-sizes=\"(max-width: 374px) 100vw, 374px\" src=\"data:image\/gif;base64,R0lGODlhAQABAAAAACH5BAEKAAEALAAAAAABAAEAAAICTAEAOw==\" style=\"--smush-placeholder-width: 374px; --smush-placeholder-aspect-ratio: 374\/65;\" \/><\/p>\n<\/div>\n","protected":false},"featured_media":3953,"comment_status":"closed","ping_status":"closed","template":"","meta":{"_acf_changed":false,"om_disable_all_campaigns":false,"_monsterinsights_skip_tracking":false,"_monsterinsights_sitenote_active":false,"_monsterinsights_sitenote_note":"","_monsterinsights_sitenote_category":0,"_uf_show_specific_survey":0,"_uf_disable_surveys":false},"product_brand":[],"product_cat":[15,238,322,328,31,365,368,25],"product_tag":[],"class_list":{"0":"post-3948","1":"product","2":"type-product","3":"status-publish","4":"has-post-thumbnail","6":"product_cat-uncategorized","7":"product_cat-bath-towels","8":"product_cat-gifts","9":"product_cat-gifts-for-men","10":"product_cat-new-collection","11":"product_cat-terry-towels","12":"product_cat-towel-sets","13":"product_cat-towels","14":"pa_brand-ecocotton-en","15":"pa_koostis-cotton","16":"pa_pakend-stylish-gift-packaging","17":"pa_suurus-30x50-en","18":"pa_suurus-5090-en","19":"pa_suurus-80150-en","20":"pa_tuup-all-product","21":"pa_tuup-eco-products","22":"pa_tuup-natural-product","23":"pa_varv-antrasit","24":"pa_varv-grey","26":"first","27":"instock","28":"shipping-taxable","29":"purchasable","30":"product-type-simple"},"acf":[],"yoast_head":"<!-- This site is optimized with the Yoast SEO Premium plugin v24.7 (Yoast SEO v27.2) - https:\/\/yoast.com\/product\/yoast-seo-premium-wordpress\/ -->\n<title>Set of Bath Towels PURE 3-in-1 |100% eco cotton | EcoTextile<\/title>\n<meta name=\"description\" content=\"\ud83c\udf3fBuy a Gift\ud83c\udf3f Set of Bath Towels \ud83c\udf3f Eco Cotton \ud83c\udf3f EcoTextile\ud83c\udf3f Wide Selection of Colors \ud83c\udf3f High-Quality Range \ud83c\udf3f Fast Shipping\" \/>\n<meta name=\"robots\" content=\"index, follow, max-snippet:-1, max-image-preview:large, max-video-preview:-1\" \/>\n<link rel=\"canonical\" href=\"https:\/\/ecotextile.eu\/en\/product\/pure-komplekt-antratsiit\/\" \/>\n<meta property=\"og:locale\" content=\"en_US\" \/>\n<meta property=\"og:type\" content=\"article\" \/>\n<meta property=\"og:title\" content=\"Set of Bath Towels PURE 3-in-1 | 100% eco cotton | EcoTextile\" \/>\n<meta property=\"og:description\" content=\"\ud83c\udf3fBuy a Gift\ud83c\udf3f Set of Bath Towels \ud83c\udf3f Eco Cotton \ud83c\udf3f EcoTextile\ud83c\udf3f Wide Selection of Colors \ud83c\udf3f High-Quality Range \ud83c\udf3f Fast Shipping\" \/>\n<meta property=\"og:url\" content=\"https:\/\/ecotextile.eu\/en\/product\/pure-komplekt-antratsiit\/\" \/>\n<meta property=\"og:site_name\" content=\"EcoTextile\" \/>\n<meta property=\"article:publisher\" content=\"https:\/\/www.facebook.com\/profile.php?id=61560592331035\" \/>\n<meta property=\"article:modified_time\" content=\"2025-05-02T05:07:09+00:00\" \/>\n<meta property=\"og:image\" content=\"https:\/\/ecotextile.eu\/wp-content\/uploads\/2024\/03\/PURE17.webp\" \/>\n\t<meta property=\"og:image:width\" content=\"853\" \/>\n\t<meta property=\"og:image:height\" content=\"1280\" \/>\n\t<meta property=\"og:image:type\" content=\"image\/webp\" \/>\n<meta name=\"twitter:card\" content=\"summary_large_image\" \/>\n<meta name=\"twitter:title\" content=\"Set of Bath Towels PURE 3-in-1 | 100% eco cotton | EcoTextile\" \/>\n<meta name=\"twitter:description\" content=\"\ud83c\udf3fBuy a Gift\ud83c\udf3f Set of Bath Towels \ud83c\udf3f Eco Cotton \ud83c\udf3f EcoTextile\ud83c\udf3f Wide Selection of Colors \ud83c\udf3f High-Quality Range \ud83c\udf3f Fast Shipping\" \/>\n<meta name=\"twitter:label1\" content=\"Est. reading time\" \/>\n\t<meta name=\"twitter:data1\" content=\"2 minutes\" \/>\n<script type=\"application\/ld+json\" class=\"yoast-schema-graph\">{\"@context\":\"https:\/\/schema.org\",\"@graph\":[{\"@type\":\"WebPage\",\"@id\":\"https:\/\/ecotextile.eu\/en\/product\/pure-komplekt-antratsiit\/\",\"url\":\"https:\/\/ecotextile.eu\/en\/product\/pure-komplekt-antratsiit\/\",\"name\":\"Set of Bath Towels PURE 3-in-1 |100% eco cotton | EcoTextile\",\"isPartOf\":{\"@id\":\"https:\/\/ecotextile.eu\/en\/#website\"},\"primaryImageOfPage\":{\"@id\":\"https:\/\/ecotextile.eu\/en\/product\/pure-komplekt-antratsiit\/#primaryimage\"},\"image\":{\"@id\":\"https:\/\/ecotextile.eu\/en\/product\/pure-komplekt-antratsiit\/#primaryimage\"},\"thumbnailUrl\":\"https:\/\/ecotextile.eu\/wp-content\/uploads\/2024\/03\/PURE17.webp\",\"datePublished\":\"2024-03-15T12:46:23+00:00\",\"dateModified\":\"2025-05-02T05:07:09+00:00\",\"description\":\"\ud83c\udf3fBuy a Gift\ud83c\udf3f Set of Bath Towels \ud83c\udf3f Eco Cotton \ud83c\udf3f EcoTextile\ud83c\udf3f Wide Selection of Colors \ud83c\udf3f High-Quality Range \ud83c\udf3f Fast Shipping\",\"breadcrumb\":{\"@id\":\"https:\/\/ecotextile.eu\/en\/product\/pure-komplekt-antratsiit\/#breadcrumb\"},\"inLanguage\":\"en-US\",\"potentialAction\":[{\"@type\":\"ReadAction\",\"target\":[\"https:\/\/ecotextile.eu\/en\/product\/pure-komplekt-antratsiit\/\"]}]},{\"@type\":\"ImageObject\",\"inLanguage\":\"en-US\",\"@id\":\"https:\/\/ecotextile.eu\/en\/product\/pure-komplekt-antratsiit\/#primaryimage\",\"url\":\"https:\/\/ecotextile.eu\/wp-content\/uploads\/2024\/03\/PURE17.webp\",\"contentUrl\":\"https:\/\/ecotextile.eu\/wp-content\/uploads\/2024\/03\/PURE17.webp\",\"width\":853,\"height\":1280},{\"@type\":\"BreadcrumbList\",\"@id\":\"https:\/\/ecotextile.eu\/en\/product\/pure-komplekt-antratsiit\/#breadcrumb\",\"itemListElement\":[{\"@type\":\"ListItem\",\"position\":1,\"name\":\"\u0413\u043b\u0430\u0432\u043d\u0430\u044f \u0441\u0442\u0440\u0430\u043d\u0438\u0446\u0430\",\"item\":\"https:\/\/ecotextile.eu\/en\/\"},{\"@type\":\"ListItem\",\"position\":2,\"name\":\"Shop\",\"item\":\"https:\/\/ecotextile.eu\/shop\/\"},{\"@type\":\"ListItem\",\"position\":3,\"name\":\"Set of Bath Towels PURE 3-in-1. Gift Box\"}]},{\"@type\":\"WebSite\",\"@id\":\"https:\/\/ecotextile.eu\/en\/#website\",\"url\":\"https:\/\/ecotextile.eu\/en\/\",\"name\":\"Ecotextile.EU\",\"description\":\"\",\"publisher\":{\"@id\":\"https:\/\/ecotextile.eu\/en\/#organization\"},\"alternateName\":\"Ecotextile.EU\",\"potentialAction\":[{\"@type\":\"SearchAction\",\"target\":{\"@type\":\"EntryPoint\",\"urlTemplate\":\"https:\/\/ecotextile.eu\/en\/?s={search_term_string}\"},\"query-input\":{\"@type\":\"PropertyValueSpecification\",\"valueRequired\":true,\"valueName\":\"search_term_string\"}}],\"inLanguage\":\"en-US\"},{\"@type\":\"Organization\",\"@id\":\"https:\/\/ecotextile.eu\/en\/#organization\",\"name\":\"ECOTEXTILE\",\"alternateName\":\"Ecotextile.EU\",\"url\":\"https:\/\/ecotextile.eu\/en\/\",\"logo\":{\"@type\":\"ImageObject\",\"inLanguage\":\"en-US\",\"@id\":\"https:\/\/ecotextile.eu\/en\/#\/schema\/logo\/image\/\",\"url\":\"https:\/\/ecotextile.eu\/wp-content\/uploads\/2025\/07\/ecotextile-logo2.png\",\"contentUrl\":\"https:\/\/ecotextile.eu\/wp-content\/uploads\/2025\/07\/ecotextile-logo2.png\",\"width\":512,\"height\":512,\"caption\":\"ECOTEXTILE\"},\"image\":{\"@id\":\"https:\/\/ecotextile.eu\/en\/#\/schema\/logo\/image\/\"},\"sameAs\":[\"https:\/\/www.facebook.com\/profile.php?id=61560592331035\",\"https:\/\/www.instagram.com\/ecotextile_elit\/\",\"https:\/\/www.tiktok.com\/@ecotextile.eu\",\"https:\/\/www.youtube.com\/channel\/UC6hBdz6IiDwoOP-n89o4_Rg\"],\"description\":\"Online pood EcoTextile pakub voodipesu, r\u00e4tikuid, pleede, hommikumantleid, koduriided ja riided. Tooted on valmistatud orgaanilistest kangastest: puuvill, lina, bambus, satiin ja kanep. Ecotextile'i n\u00e4idistesaal asub Peetris, seda saab k\u00fclastada eelneval kokkuleppel.\",\"email\":\"info@ecotextile.eu\",\"legalName\":\"ECOTEXTILE O\u00dc\",\"foundingDate\":\"2024-01-12\",\"numberOfEmployees\":{\"@type\":\"QuantitativeValue\",\"minValue\":\"1\",\"maxValue\":\"10\"}}]}<\/script>\n<!-- \/ Yoast SEO Premium plugin. -->","yoast_head_json":{"title":"Set of Bath Towels PURE 3-in-1 |100% eco cotton | EcoTextile","description":"\ud83c\udf3fBuy a Gift\ud83c\udf3f Set of Bath Towels \ud83c\udf3f Eco Cotton \ud83c\udf3f EcoTextile\ud83c\udf3f Wide Selection of Colors \ud83c\udf3f High-Quality Range \ud83c\udf3f Fast Shipping","robots":{"index":"index","follow":"follow","max-snippet":"max-snippet:-1","max-image-preview":"max-image-preview:large","max-video-preview":"max-video-preview:-1"},"canonical":"https:\/\/ecotextile.eu\/en\/product\/pure-komplekt-antratsiit\/","og_locale":"en_US","og_type":"article","og_title":"Set of Bath Towels PURE 3-in-1 | 100% eco cotton | EcoTextile","og_description":"\ud83c\udf3fBuy a Gift\ud83c\udf3f Set of Bath Towels \ud83c\udf3f Eco Cotton \ud83c\udf3f EcoTextile\ud83c\udf3f Wide Selection of Colors \ud83c\udf3f High-Quality Range \ud83c\udf3f Fast Shipping","og_url":"https:\/\/ecotextile.eu\/en\/product\/pure-komplekt-antratsiit\/","og_site_name":"EcoTextile","article_publisher":"https:\/\/www.facebook.com\/profile.php?id=61560592331035","article_modified_time":"2025-05-02T05:07:09+00:00","og_image":[{"width":853,"height":1280,"url":"https:\/\/ecotextile.eu\/wp-content\/uploads\/2024\/03\/PURE17.webp","type":"image\/webp"}],"twitter_card":"summary_large_image","twitter_title":"Set of Bath Towels PURE 3-in-1 | 100% eco cotton | EcoTextile","twitter_description":"\ud83c\udf3fBuy a Gift\ud83c\udf3f Set of Bath Towels \ud83c\udf3f Eco Cotton \ud83c\udf3f EcoTextile\ud83c\udf3f Wide Selection of Colors \ud83c\udf3f High-Quality Range \ud83c\udf3f Fast Shipping","twitter_misc":{"Est. reading time":"2 minutes"},"schema":{"@context":"https:\/\/schema.org","@graph":[{"@type":"WebPage","@id":"https:\/\/ecotextile.eu\/en\/product\/pure-komplekt-antratsiit\/","url":"https:\/\/ecotextile.eu\/en\/product\/pure-komplekt-antratsiit\/","name":"Set of Bath Towels PURE 3-in-1 |100% eco cotton | EcoTextile","isPartOf":{"@id":"https:\/\/ecotextile.eu\/en\/#website"},"primaryImageOfPage":{"@id":"https:\/\/ecotextile.eu\/en\/product\/pure-komplekt-antratsiit\/#primaryimage"},"image":{"@id":"https:\/\/ecotextile.eu\/en\/product\/pure-komplekt-antratsiit\/#primaryimage"},"thumbnailUrl":"https:\/\/ecotextile.eu\/wp-content\/uploads\/2024\/03\/PURE17.webp","datePublished":"2024-03-15T12:46:23+00:00","dateModified":"2025-05-02T05:07:09+00:00","description":"\ud83c\udf3fBuy a Gift\ud83c\udf3f Set of Bath Towels \ud83c\udf3f Eco Cotton \ud83c\udf3f EcoTextile\ud83c\udf3f Wide Selection of Colors \ud83c\udf3f High-Quality Range \ud83c\udf3f Fast Shipping","breadcrumb":{"@id":"https:\/\/ecotextile.eu\/en\/product\/pure-komplekt-antratsiit\/#breadcrumb"},"inLanguage":"en-US","potentialAction":[{"@type":"ReadAction","target":["https:\/\/ecotextile.eu\/en\/product\/pure-komplekt-antratsiit\/"]}]},{"@type":"ImageObject","inLanguage":"en-US","@id":"https:\/\/ecotextile.eu\/en\/product\/pure-komplekt-antratsiit\/#primaryimage","url":"https:\/\/ecotextile.eu\/wp-content\/uploads\/2024\/03\/PURE17.webp","contentUrl":"https:\/\/ecotextile.eu\/wp-content\/uploads\/2024\/03\/PURE17.webp","width":853,"height":1280},{"@type":"BreadcrumbList","@id":"https:\/\/ecotextile.eu\/en\/product\/pure-komplekt-antratsiit\/#breadcrumb","itemListElement":[{"@type":"ListItem","position":1,"name":"\u0413\u043b\u0430\u0432\u043d\u0430\u044f \u0441\u0442\u0440\u0430\u043d\u0438\u0446\u0430","item":"https:\/\/ecotextile.eu\/en\/"},{"@type":"ListItem","position":2,"name":"Shop","item":"https:\/\/ecotextile.eu\/shop\/"},{"@type":"ListItem","position":3,"name":"Set of Bath Towels PURE 3-in-1. Gift Box"}]},{"@type":"WebSite","@id":"https:\/\/ecotextile.eu\/en\/#website","url":"https:\/\/ecotextile.eu\/en\/","name":"Ecotextile.EU","description":"","publisher":{"@id":"https:\/\/ecotextile.eu\/en\/#organization"},"alternateName":"Ecotextile.EU","potentialAction":[{"@type":"SearchAction","target":{"@type":"EntryPoint","urlTemplate":"https:\/\/ecotextile.eu\/en\/?s={search_term_string}"},"query-input":{"@type":"PropertyValueSpecification","valueRequired":true,"valueName":"search_term_string"}}],"inLanguage":"en-US"},{"@type":"Organization","@id":"https:\/\/ecotextile.eu\/en\/#organization","name":"ECOTEXTILE","alternateName":"Ecotextile.EU","url":"https:\/\/ecotextile.eu\/en\/","logo":{"@type":"ImageObject","inLanguage":"en-US","@id":"https:\/\/ecotextile.eu\/en\/#\/schema\/logo\/image\/","url":"https:\/\/ecotextile.eu\/wp-content\/uploads\/2025\/07\/ecotextile-logo2.png","contentUrl":"https:\/\/ecotextile.eu\/wp-content\/uploads\/2025\/07\/ecotextile-logo2.png","width":512,"height":512,"caption":"ECOTEXTILE"},"image":{"@id":"https:\/\/ecotextile.eu\/en\/#\/schema\/logo\/image\/"},"sameAs":["https:\/\/www.facebook.com\/profile.php?id=61560592331035","https:\/\/www.instagram.com\/ecotextile_elit\/","https:\/\/www.tiktok.com\/@ecotextile.eu","https:\/\/www.youtube.com\/channel\/UC6hBdz6IiDwoOP-n89o4_Rg"],"description":"Online pood EcoTextile pakub voodipesu, r\u00e4tikuid, pleede, hommikumantleid, koduriided ja riided. Tooted on valmistatud orgaanilistest kangastest: puuvill, lina, bambus, satiin ja kanep. Ecotextile'i n\u00e4idistesaal asub Peetris, seda saab k\u00fclastada eelneval kokkuleppel.","email":"info@ecotextile.eu","legalName":"ECOTEXTILE O\u00dc","foundingDate":"2024-01-12","numberOfEmployees":{"@type":"QuantitativeValue","minValue":"1","maxValue":"10"}}]}},"_links":{"self":[{"href":"https:\/\/ecotextile.eu\/en\/wp-json\/wp\/v2\/product\/3948","targetHints":{"allow":["GET"]}}],"collection":[{"href":"https:\/\/ecotextile.eu\/en\/wp-json\/wp\/v2\/product"}],"about":[{"href":"https:\/\/ecotextile.eu\/en\/wp-json\/wp\/v2\/types\/product"}],"replies":[{"embeddable":true,"href":"https:\/\/ecotextile.eu\/en\/wp-json\/wp\/v2\/comments?post=3948"}],"version-history":[{"count":3,"href":"https:\/\/ecotextile.eu\/en\/wp-json\/wp\/v2\/product\/3948\/revisions"}],"predecessor-version":[{"id":15021,"href":"https:\/\/ecotextile.eu\/en\/wp-json\/wp\/v2\/product\/3948\/revisions\/15021"}],"wp:featuredmedia":[{"embeddable":true,"href":"https:\/\/ecotextile.eu\/en\/wp-json\/wp\/v2\/media\/3953"}],"wp:attachment":[{"href":"https:\/\/ecotextile.eu\/en\/wp-json\/wp\/v2\/media?parent=3948"}],"wp:term":[{"taxonomy":"product_brand","embeddable":true,"href":"https:\/\/ecotextile.eu\/en\/wp-json\/wp\/v2\/product_brand?post=3948"},{"taxonomy":"product_cat","embeddable":true,"href":"https:\/\/ecotextile.eu\/en\/wp-json\/wp\/v2\/product_cat?post=3948"},{"taxonomy":"product_tag","embeddable":true,"href":"https:\/\/ecotextile.eu\/en\/wp-json\/wp\/v2\/product_tag?post=3948"}],"curies":[{"name":"wp","href":"https:\/\/api.w.org\/{rel}","templated":true}]}}