{"id":3854,"date":"2024-03-15T13:24:45","date_gmt":"2024-03-15T11:24:45","guid":{"rendered":"https:\/\/ecotextile.dev2.sdhost.eu\/?post_type=product&#038;p=3854"},"modified":"2025-11-12T11:39:00","modified_gmt":"2025-11-12T09:39:00","slug":"muna","status":"publish","type":"product","link":"https:\/\/ecotextile.eu\/en\/product\/muna\/","title":{"rendered":"MUNA Muslin Bedspread (Reversible)"},"content":{"rendered":"<p><strong>MUNA Muslin Bedspread: Style and Comfort in Your Bedroom<\/strong><\/p>\n<p>Looking for the perfect Muslin Bedspread that delights your eyes and brings comfort? Then you\u2019ll love our Bedspread made from 100% eco-friendly cotton!<\/p>\n<p><strong>Advantages of our Bedspread:<\/strong><\/p>\n<ul>\n<li>Reversible: Choose your preferred color for the day\u2014sunny yellow or elegant anthracite.<\/li>\n<li>Versatile: Fits any interior, adding coziness and style.<\/li>\n<li>Soft and pleasant to touch: Made from natural cotton, it\u2019s skin-friendly and hypoallergenic.<\/li>\n<li>Light and airy: Muslin is a fine yet durable fabric, making the coverlet both lightweight and long-lasting.<\/li>\n<li>Eco-friendly: We care about nature, so we use only natural materials.<\/li>\n<\/ul>\n<p>If you like this fabric, be sure to check out the <a href=\"https:\/\/ecotextile.eu\/en\/product-category\/muslin-bed-linen\/\" target=\"_blank\" rel=\"noopener\">muslin bedding<\/a> page. EcoTextile offers bedding made from this eco-friendly fabric.<\/p>\n<p>Our Bedspread is certified, ensuring high quality and safety. The product is packed in craft cardboard packaging. You can purchase it in our online store or at our <a href=\"https:\/\/www.google.com\/maps\/place\/EcoTextile\/@59.3987458,24.8269973,17z\/data=!4m6!3m5!1s0x4692ebe13364c3df:0xaaf62acfac36e9b8!8m2!3d59.3987458!4d24.8269973!16s%2Fg%2F11y3vdl5w7?entry=ttu\" target=\"_blank\" rel=\"noopener\">showroom<\/a> near Tallinn. You\u2019ll have the opportunity to see and appreciate all the advantages of this unique product. Don\u2019t miss the chance to make your bedroom cozy by purchasing our Muslin Bedspread!<\/p>\n<p>&nbsp;<\/p>\n","protected":false},"excerpt":{"rendered":"<div class=\"woocommerce-product-details__short-description\"><strong><a class=\"hover-zoom\" href=\"https:\/\/ecotextile.eu\/en\/tuup\/natural-product\/\" target=\"_blank\" rel=\"noopener\"><img decoding=\"async\" class=\"alignnone wp-image-9964 lazyloaded\" src=\"https:\/\/ecotextile.eu\/wp-content\/uploads\/2024\/12\/ecotextile.png\" alt=\"\" width=\"50\" height=\"46\" data-src=\"https:\/\/ecotextile.eu\/wp-content\/uploads\/2024\/12\/ecotextile.png\" \/><\/a> \u00a0 \u00a0 <a class=\"hover-zoom\" href=\"https:\/\/ecotextile.eu\/en\/gift-ideas\/\" target=\"_blank\" rel=\"noopener\"><img decoding=\"async\" class=\"alignnone size-full wp-image-12379 ls-is-cached lazyloaded\" src=\"https:\/\/ecotextile.eu\/wp-content\/uploads\/2024\/06\/gift-box1.png\" alt=\"\" width=\"40\" height=\"40\" data-src=\"https:\/\/ecotextile.eu\/wp-content\/uploads\/2024\/06\/gift-box1.png\" \/><\/a>\u00a0 \u00a0 \u00a0 <a class=\"hover-zoom\" target=\"_blank\" rel=\"noopener\"><img decoding=\"async\" class=\"alignnone wp-image-9964 lazyloaded\" src=\"https:\/\/ecotextile.eu\/wp-content\/uploads\/2024\/06\/ecotextile-eco.png\" alt=\"\" width=\"50\" height=\"46\" data-src=\"https:\/\/ecotextile.eu\/wp-content\/uploads\/2024\/12\/ecotextile.png\" \/><\/a><\/strong><br \/>\n<strong>100% Organic Muslin Cotton.\u00a0 <\/strong><\/p>\n<ul>\n<li><strong>Model:\u00a0<\/strong>MUNA<\/li>\n<li><strong>Size:<\/strong> 160&#215;240 cm<\/li>\n<li><strong>Composition:<\/strong> 100% eco cotton<\/li>\n<li><strong>Color:<\/strong> Yellow\/Antrasit<\/li>\n<li><strong><a href=\"https:\/\/ecotextile.eu\/en\/delivery-and-payment\/\" target=\"_blank\" rel=\"noopener\">Delivery<\/a>:<\/strong>\u00a0free from \u20ac30* (<a href=\"https:\/\/ecotextile.eu\/en\/delivery-and-payment\/\" target=\"_blank\" rel=\"noopener\">Check for your region<\/a>)<\/li>\n<li><a href=\"https:\/\/ecotextile.eu\/en\/okosertifikaadid\/\" target=\"_blank\" rel=\"noopener\"><strong>Eco certificate:<\/strong><\/a><\/li>\n<\/ul>\n<p><img decoding=\"async\" class=\"alignnone wp-image-2472 lazyload\" data-src=\"https:\/\/ecotextile.eu\/wp-content\/uploads\/2024\/02\/setificat-300x52.webp\" alt=\"\" width=\"374\" height=\"65\" data-srcset=\"https:\/\/ecotextile.eu\/wp-content\/uploads\/2024\/02\/setificat-300x52.webp 300w, https:\/\/ecotextile.eu\/wp-content\/uploads\/2024\/02\/setificat-600x105.webp 600w, https:\/\/ecotextile.eu\/wp-content\/uploads\/2024\/02\/setificat.webp 652w\" data-sizes=\"(max-width: 374px) 100vw, 374px\" src=\"data:image\/gif;base64,R0lGODlhAQABAAAAACH5BAEKAAEALAAAAAABAAEAAAICTAEAOw==\" style=\"--smush-placeholder-width: 374px; --smush-placeholder-aspect-ratio: 374\/65;\" \/><\/p>\n<\/div>\n","protected":false},"featured_media":3857,"comment_status":"closed","ping_status":"closed","template":"","meta":{"_acf_changed":false,"om_disable_all_campaigns":false,"_monsterinsights_skip_tracking":false,"_monsterinsights_sitenote_active":false,"_monsterinsights_sitenote_note":"","_monsterinsights_sitenote_category":0,"_uf_show_specific_survey":0,"_uf_disable_surveys":false},"product_brand":[],"product_cat":[15,33,350],"product_tag":[],"class_list":{"0":"post-3854","1":"product","2":"type-product","3":"status-publish","4":"has-post-thumbnail","6":"product_cat-uncategorized","7":"product_cat-bedspreads","8":"product_cat-gifts-for-women","9":"pa_brand-ecocotton-en","10":"pa_koostis-cotton","11":"pa_koostis-muslin-en","12":"pa_pakend-stylish-gift-packaging","13":"pa_suurus-160240-en","14":"pa_tuup-all-product","15":"pa_tuup-eco-products","16":"pa_tuup-natural-product","17":"pa_varv-antrasit","18":"pa_varv-grey","19":"pa_varv-yellow","21":"first","22":"instock","23":"sale","24":"shipping-taxable","25":"purchasable","26":"product-type-simple"},"acf":[],"yoast_head":"<!-- This site is optimized with the Yoast SEO Premium plugin v24.7 (Yoast SEO v27.2) - https:\/\/yoast.com\/product\/yoast-seo-premium-wordpress\/ -->\n<title>Buy the MUNA Muslin Bedspread from EcoTextile.<\/title>\n<meta name=\"description\" content=\"\u2713 Elegant MUNA Muslin Bedspread \u2713 Reversible \u2713 Versatile \u2713 Soft \u2713 Eco-friendly \u2713 Showroom in Estonia \u2713 Delivery across Europe\" \/>\n<meta name=\"robots\" content=\"index, follow, max-snippet:-1, max-image-preview:large, max-video-preview:-1\" \/>\n<link rel=\"canonical\" href=\"https:\/\/ecotextile.eu\/en\/product\/muna\/\" \/>\n<meta property=\"og:locale\" content=\"en_US\" \/>\n<meta property=\"og:type\" content=\"article\" \/>\n<meta property=\"og:title\" content=\"Buy the MUNA Muslin Bedspread from EcoTextile.\" \/>\n<meta property=\"og:description\" content=\"\u2713 Elegant MUNA Muslin Bedspread \u2713 Reversible \u2713 Versatile \u2713 Soft \u2713 Eco-friendly \u2713 Showroom in Estonia \u2713 Delivery across Europe\" \/>\n<meta property=\"og:url\" content=\"https:\/\/ecotextile.eu\/en\/product\/muna\/\" \/>\n<meta property=\"og:site_name\" content=\"EcoTextile\" \/>\n<meta property=\"article:publisher\" content=\"https:\/\/www.facebook.com\/profile.php?id=61560592331035\" \/>\n<meta property=\"article:modified_time\" content=\"2025-11-12T09:39:00+00:00\" \/>\n<meta property=\"og:image\" content=\"https:\/\/ecotextile.eu\/wp-content\/uploads\/2024\/03\/MUNA.webp\" \/>\n\t<meta property=\"og:image:width\" content=\"540\" \/>\n\t<meta property=\"og:image:height\" content=\"810\" \/>\n\t<meta property=\"og:image:type\" content=\"image\/webp\" \/>\n<meta name=\"twitter:card\" content=\"summary_large_image\" \/>\n<meta name=\"twitter:title\" content=\"Buy the MUNA Muslin Bedspread from EcoTextile.\" \/>\n<meta name=\"twitter:description\" content=\"\u2713 Elegant MUNA Muslin Bedspread \u2713 Reversible \u2713 Versatile \u2713 Soft \u2713 Eco-friendly \u2713 Showroom in Estonia \u2713 Delivery across Europe\" \/>\n<meta name=\"twitter:label1\" content=\"Est. reading time\" \/>\n\t<meta name=\"twitter:data1\" content=\"2 minutes\" \/>\n<script type=\"application\/ld+json\" class=\"yoast-schema-graph\">{\"@context\":\"https:\/\/schema.org\",\"@graph\":[{\"@type\":\"WebPage\",\"@id\":\"https:\/\/ecotextile.eu\/en\/product\/muna\/\",\"url\":\"https:\/\/ecotextile.eu\/en\/product\/muna\/\",\"name\":\"Buy the MUNA Muslin Bedspread from EcoTextile.\",\"isPartOf\":{\"@id\":\"https:\/\/ecotextile.eu\/en\/#website\"},\"primaryImageOfPage\":{\"@id\":\"https:\/\/ecotextile.eu\/en\/product\/muna\/#primaryimage\"},\"image\":{\"@id\":\"https:\/\/ecotextile.eu\/en\/product\/muna\/#primaryimage\"},\"thumbnailUrl\":\"https:\/\/ecotextile.eu\/wp-content\/uploads\/2024\/03\/MUNA.webp\",\"datePublished\":\"2024-03-15T11:24:45+00:00\",\"dateModified\":\"2025-11-12T09:39:00+00:00\",\"description\":\"\u2713 Elegant MUNA Muslin Bedspread \u2713 Reversible \u2713 Versatile \u2713 Soft \u2713 Eco-friendly \u2713 Showroom in Estonia \u2713 Delivery across Europe\",\"breadcrumb\":{\"@id\":\"https:\/\/ecotextile.eu\/en\/product\/muna\/#breadcrumb\"},\"inLanguage\":\"en-US\",\"potentialAction\":[{\"@type\":\"ReadAction\",\"target\":[\"https:\/\/ecotextile.eu\/en\/product\/muna\/\"]}]},{\"@type\":\"ImageObject\",\"inLanguage\":\"en-US\",\"@id\":\"https:\/\/ecotextile.eu\/en\/product\/muna\/#primaryimage\",\"url\":\"https:\/\/ecotextile.eu\/wp-content\/uploads\/2024\/03\/MUNA.webp\",\"contentUrl\":\"https:\/\/ecotextile.eu\/wp-content\/uploads\/2024\/03\/MUNA.webp\",\"width\":540,\"height\":810},{\"@type\":\"BreadcrumbList\",\"@id\":\"https:\/\/ecotextile.eu\/en\/product\/muna\/#breadcrumb\",\"itemListElement\":[{\"@type\":\"ListItem\",\"position\":1,\"name\":\"\u0413\u043b\u0430\u0432\u043d\u0430\u044f \u0441\u0442\u0440\u0430\u043d\u0438\u0446\u0430\",\"item\":\"https:\/\/ecotextile.eu\/en\/\"},{\"@type\":\"ListItem\",\"position\":2,\"name\":\"Shop\",\"item\":\"https:\/\/ecotextile.eu\/shop\/\"},{\"@type\":\"ListItem\",\"position\":3,\"name\":\"MUNA Muslin Bedspread (Reversible)\"}]},{\"@type\":\"WebSite\",\"@id\":\"https:\/\/ecotextile.eu\/en\/#website\",\"url\":\"https:\/\/ecotextile.eu\/en\/\",\"name\":\"Ecotextile.EU\",\"description\":\"\",\"publisher\":{\"@id\":\"https:\/\/ecotextile.eu\/en\/#organization\"},\"alternateName\":\"Ecotextile.EU\",\"potentialAction\":[{\"@type\":\"SearchAction\",\"target\":{\"@type\":\"EntryPoint\",\"urlTemplate\":\"https:\/\/ecotextile.eu\/en\/?s={search_term_string}\"},\"query-input\":{\"@type\":\"PropertyValueSpecification\",\"valueRequired\":true,\"valueName\":\"search_term_string\"}}],\"inLanguage\":\"en-US\"},{\"@type\":\"Organization\",\"@id\":\"https:\/\/ecotextile.eu\/en\/#organization\",\"name\":\"ECOTEXTILE\",\"alternateName\":\"Ecotextile.EU\",\"url\":\"https:\/\/ecotextile.eu\/en\/\",\"logo\":{\"@type\":\"ImageObject\",\"inLanguage\":\"en-US\",\"@id\":\"https:\/\/ecotextile.eu\/en\/#\/schema\/logo\/image\/\",\"url\":\"https:\/\/ecotextile.eu\/wp-content\/uploads\/2025\/07\/ecotextile-logo2.png\",\"contentUrl\":\"https:\/\/ecotextile.eu\/wp-content\/uploads\/2025\/07\/ecotextile-logo2.png\",\"width\":512,\"height\":512,\"caption\":\"ECOTEXTILE\"},\"image\":{\"@id\":\"https:\/\/ecotextile.eu\/en\/#\/schema\/logo\/image\/\"},\"sameAs\":[\"https:\/\/www.facebook.com\/profile.php?id=61560592331035\",\"https:\/\/www.instagram.com\/ecotextile_elit\/\",\"https:\/\/www.tiktok.com\/@ecotextile.eu\",\"https:\/\/www.youtube.com\/channel\/UC6hBdz6IiDwoOP-n89o4_Rg\"],\"description\":\"Online pood EcoTextile pakub voodipesu, r\u00e4tikuid, pleede, hommikumantleid, koduriided ja riided. Tooted on valmistatud orgaanilistest kangastest: puuvill, lina, bambus, satiin ja kanep. Ecotextile'i n\u00e4idistesaal asub Peetris, seda saab k\u00fclastada eelneval kokkuleppel.\",\"email\":\"info@ecotextile.eu\",\"legalName\":\"ECOTEXTILE O\u00dc\",\"foundingDate\":\"2024-01-12\",\"numberOfEmployees\":{\"@type\":\"QuantitativeValue\",\"minValue\":\"1\",\"maxValue\":\"10\"}}]}<\/script>\n<!-- \/ Yoast SEO Premium plugin. -->","yoast_head_json":{"title":"Buy the MUNA Muslin Bedspread from EcoTextile.","description":"\u2713 Elegant MUNA Muslin Bedspread \u2713 Reversible \u2713 Versatile \u2713 Soft \u2713 Eco-friendly \u2713 Showroom in Estonia \u2713 Delivery across Europe","robots":{"index":"index","follow":"follow","max-snippet":"max-snippet:-1","max-image-preview":"max-image-preview:large","max-video-preview":"max-video-preview:-1"},"canonical":"https:\/\/ecotextile.eu\/en\/product\/muna\/","og_locale":"en_US","og_type":"article","og_title":"Buy the MUNA Muslin Bedspread from EcoTextile.","og_description":"\u2713 Elegant MUNA Muslin Bedspread \u2713 Reversible \u2713 Versatile \u2713 Soft \u2713 Eco-friendly \u2713 Showroom in Estonia \u2713 Delivery across Europe","og_url":"https:\/\/ecotextile.eu\/en\/product\/muna\/","og_site_name":"EcoTextile","article_publisher":"https:\/\/www.facebook.com\/profile.php?id=61560592331035","article_modified_time":"2025-11-12T09:39:00+00:00","og_image":[{"width":540,"height":810,"url":"https:\/\/ecotextile.eu\/wp-content\/uploads\/2024\/03\/MUNA.webp","type":"image\/webp"}],"twitter_card":"summary_large_image","twitter_title":"Buy the MUNA Muslin Bedspread from EcoTextile.","twitter_description":"\u2713 Elegant MUNA Muslin Bedspread \u2713 Reversible \u2713 Versatile \u2713 Soft \u2713 Eco-friendly \u2713 Showroom in Estonia \u2713 Delivery across Europe","twitter_misc":{"Est. reading time":"2 minutes"},"schema":{"@context":"https:\/\/schema.org","@graph":[{"@type":"WebPage","@id":"https:\/\/ecotextile.eu\/en\/product\/muna\/","url":"https:\/\/ecotextile.eu\/en\/product\/muna\/","name":"Buy the MUNA Muslin Bedspread from EcoTextile.","isPartOf":{"@id":"https:\/\/ecotextile.eu\/en\/#website"},"primaryImageOfPage":{"@id":"https:\/\/ecotextile.eu\/en\/product\/muna\/#primaryimage"},"image":{"@id":"https:\/\/ecotextile.eu\/en\/product\/muna\/#primaryimage"},"thumbnailUrl":"https:\/\/ecotextile.eu\/wp-content\/uploads\/2024\/03\/MUNA.webp","datePublished":"2024-03-15T11:24:45+00:00","dateModified":"2025-11-12T09:39:00+00:00","description":"\u2713 Elegant MUNA Muslin Bedspread \u2713 Reversible \u2713 Versatile \u2713 Soft \u2713 Eco-friendly \u2713 Showroom in Estonia \u2713 Delivery across Europe","breadcrumb":{"@id":"https:\/\/ecotextile.eu\/en\/product\/muna\/#breadcrumb"},"inLanguage":"en-US","potentialAction":[{"@type":"ReadAction","target":["https:\/\/ecotextile.eu\/en\/product\/muna\/"]}]},{"@type":"ImageObject","inLanguage":"en-US","@id":"https:\/\/ecotextile.eu\/en\/product\/muna\/#primaryimage","url":"https:\/\/ecotextile.eu\/wp-content\/uploads\/2024\/03\/MUNA.webp","contentUrl":"https:\/\/ecotextile.eu\/wp-content\/uploads\/2024\/03\/MUNA.webp","width":540,"height":810},{"@type":"BreadcrumbList","@id":"https:\/\/ecotextile.eu\/en\/product\/muna\/#breadcrumb","itemListElement":[{"@type":"ListItem","position":1,"name":"\u0413\u043b\u0430\u0432\u043d\u0430\u044f \u0441\u0442\u0440\u0430\u043d\u0438\u0446\u0430","item":"https:\/\/ecotextile.eu\/en\/"},{"@type":"ListItem","position":2,"name":"Shop","item":"https:\/\/ecotextile.eu\/shop\/"},{"@type":"ListItem","position":3,"name":"MUNA Muslin Bedspread (Reversible)"}]},{"@type":"WebSite","@id":"https:\/\/ecotextile.eu\/en\/#website","url":"https:\/\/ecotextile.eu\/en\/","name":"Ecotextile.EU","description":"","publisher":{"@id":"https:\/\/ecotextile.eu\/en\/#organization"},"alternateName":"Ecotextile.EU","potentialAction":[{"@type":"SearchAction","target":{"@type":"EntryPoint","urlTemplate":"https:\/\/ecotextile.eu\/en\/?s={search_term_string}"},"query-input":{"@type":"PropertyValueSpecification","valueRequired":true,"valueName":"search_term_string"}}],"inLanguage":"en-US"},{"@type":"Organization","@id":"https:\/\/ecotextile.eu\/en\/#organization","name":"ECOTEXTILE","alternateName":"Ecotextile.EU","url":"https:\/\/ecotextile.eu\/en\/","logo":{"@type":"ImageObject","inLanguage":"en-US","@id":"https:\/\/ecotextile.eu\/en\/#\/schema\/logo\/image\/","url":"https:\/\/ecotextile.eu\/wp-content\/uploads\/2025\/07\/ecotextile-logo2.png","contentUrl":"https:\/\/ecotextile.eu\/wp-content\/uploads\/2025\/07\/ecotextile-logo2.png","width":512,"height":512,"caption":"ECOTEXTILE"},"image":{"@id":"https:\/\/ecotextile.eu\/en\/#\/schema\/logo\/image\/"},"sameAs":["https:\/\/www.facebook.com\/profile.php?id=61560592331035","https:\/\/www.instagram.com\/ecotextile_elit\/","https:\/\/www.tiktok.com\/@ecotextile.eu","https:\/\/www.youtube.com\/channel\/UC6hBdz6IiDwoOP-n89o4_Rg"],"description":"Online pood EcoTextile pakub voodipesu, r\u00e4tikuid, pleede, hommikumantleid, koduriided ja riided. Tooted on valmistatud orgaanilistest kangastest: puuvill, lina, bambus, satiin ja kanep. Ecotextile'i n\u00e4idistesaal asub Peetris, seda saab k\u00fclastada eelneval kokkuleppel.","email":"info@ecotextile.eu","legalName":"ECOTEXTILE O\u00dc","foundingDate":"2024-01-12","numberOfEmployees":{"@type":"QuantitativeValue","minValue":"1","maxValue":"10"}}]}},"_links":{"self":[{"href":"https:\/\/ecotextile.eu\/en\/wp-json\/wp\/v2\/product\/3854","targetHints":{"allow":["GET"]}}],"collection":[{"href":"https:\/\/ecotextile.eu\/en\/wp-json\/wp\/v2\/product"}],"about":[{"href":"https:\/\/ecotextile.eu\/en\/wp-json\/wp\/v2\/types\/product"}],"replies":[{"embeddable":true,"href":"https:\/\/ecotextile.eu\/en\/wp-json\/wp\/v2\/comments?post=3854"}],"version-history":[{"count":3,"href":"https:\/\/ecotextile.eu\/en\/wp-json\/wp\/v2\/product\/3854\/revisions"}],"predecessor-version":[{"id":29035,"href":"https:\/\/ecotextile.eu\/en\/wp-json\/wp\/v2\/product\/3854\/revisions\/29035"}],"wp:featuredmedia":[{"embeddable":true,"href":"https:\/\/ecotextile.eu\/en\/wp-json\/wp\/v2\/media\/3857"}],"wp:attachment":[{"href":"https:\/\/ecotextile.eu\/en\/wp-json\/wp\/v2\/media?parent=3854"}],"wp:term":[{"taxonomy":"product_brand","embeddable":true,"href":"https:\/\/ecotextile.eu\/en\/wp-json\/wp\/v2\/product_brand?post=3854"},{"taxonomy":"product_cat","embeddable":true,"href":"https:\/\/ecotextile.eu\/en\/wp-json\/wp\/v2\/product_cat?post=3854"},{"taxonomy":"product_tag","embeddable":true,"href":"https:\/\/ecotextile.eu\/en\/wp-json\/wp\/v2\/product_tag?post=3854"}],"curies":[{"name":"wp","href":"https:\/\/api.w.org\/{rel}","templated":true}]}}