{"id":3,"date":"2024-01-23T13:19:45","date_gmt":"2024-01-23T13:19:45","guid":{"rendered":"https:\/\/ecotextile.dev2.sdhost.eu\/?page_id=3"},"modified":"2024-03-28T10:15:50","modified_gmt":"2024-03-28T08:15:50","slug":"privacy-policy","status":"publish","type":"page","link":"https:\/\/ecotextile.eu\/en\/privacy-policy\/","title":{"rendered":"Privacy Policy"},"content":{"rendered":"\t\t<div data-elementor-type=\"wp-page\" data-elementor-id=\"3\" class=\"elementor elementor-3\" data-elementor-post-type=\"page\">\n\t\t\t\t<div class=\"elementor-element elementor-element-65e1218 e-flex e-con-boxed e-con e-parent\" data-id=\"65e1218\" data-element_type=\"container\" data-e-type=\"container\">\n\t\t\t\t\t<div class=\"e-con-inner\">\n\t\t\t\t<div class=\"elementor-element elementor-element-b3715e3 elementor-widget elementor-widget-text-editor\" data-id=\"b3715e3\" data-element_type=\"widget\" data-e-type=\"widget\" data-widget_type=\"text-editor.default\">\n\t\t\t\t<div class=\"elementor-widget-container\">\n\t\t\t\t\t\t\t\t\t<p>ECOTEXTILE O\u00dc aims to protect the privacy of visitors to the website <a href=\"http:\/\/www.ecotextile.eu\">www.ecotextile.eu<\/a><\/p><p>Please familiarize yourself with our privacy policy to understand how we use your personal data.<\/p><p>ECOTEXTILE O\u00dc reserves the right to change the privacy policy at any time without notice, so please check it each time you visit our website.<\/p><p><strong>What personal data do we collect?<\/strong><\/p><p>When filling out the contact form on our website, you may be asked to provide some personal data, such as:<\/p><ul><li>Your first name, last name, and middle name<\/li><li>Phone number<\/li><li>Email address<\/li><li>Other information you decide to provide<\/li><\/ul><p>If you choose not to accept our cookies, some features of our website may not function as well as we intend.<\/p><p><strong>How do we use personal data?<\/strong><\/p><p>ECOTEXTILE O\u00dc uses the personal data of website visitors for:<\/p><ul><li>Responding to inquiries made through the website<\/li><li>Correspondence<\/li><li>Providing services<\/li><\/ul><p>ECOTEXTILE O\u00dc uses cookies to monitor our website&#8217;s performance and to improve the user interface.<\/p><p><strong>Who may we disclose personal data to?<\/strong><\/p><p>Our policy allows for the transfer of data to third parties if:<\/p><ul><li>The transfer is necessary for order fulfillment (e.g., courier)<\/li><li>The transfer is required by law (e.g., based on a subpoena or as part of legal proceedings).<\/li><\/ul><p>In all other cases, personal data of website visitors:<\/p><ul><li>Are not transferred to third parties<\/li><li>Are not rented out<\/li><li>Are not used for purposes other than those stated above.<\/li><\/ul><p><strong>Security<\/strong><\/p><p>Unfortunately, no data transmission over the internet or any other network can be considered 100% secure, but we take appropriate steps to protect the security of your personal data.<\/p>\t\t\t\t\t\t\t\t<\/div>\n\t\t\t\t<\/div>\n\t\t\t\t\t<\/div>\n\t\t\t\t<\/div>\n\t\t\t\t<\/div>\n\t\t","protected":false},"excerpt":{"rendered":"<p>ECOTEXTILE O\u00dc aims to protect the privacy of visitors to the website www.ecotextile.eu Please familiarize yourself with our privacy policy to understand how we use your personal data. ECOTEXTILE O\u00dc reserves the right to change the privacy policy at any time without notice, so please check it each time you visit our website. What personal [&hellip;]<\/p>\n","protected":false},"author":1,"featured_media":0,"parent":0,"menu_order":0,"comment_status":"closed","ping_status":"closed","template":"","meta":{"_acf_changed":false,"om_disable_all_campaigns":false,"_monsterinsights_skip_tracking":false,"_monsterinsights_sitenote_active":false,"_monsterinsights_sitenote_note":"","_monsterinsights_sitenote_category":0,"_uf_show_specific_survey":0,"_uf_disable_surveys":false,"footnotes":""},"class_list":["post-3","page","type-page","status-publish","hentry"],"blocksy_meta":[],"acf":[],"yoast_head":"<!-- This site is optimized with the Yoast SEO Premium plugin v24.7 (Yoast SEO v27.2) - https:\/\/yoast.com\/product\/yoast-seo-premium-wordpress\/ -->\n<title>Privacy Policy | Ecotextile.EU<\/title>\n<meta name=\"description\" content=\". Tarne \u00fcle Euroopa, \u00f6ko-sertifikaadid ja turvaline kassaprotsess. Premium naturaalsed materjalid ja kauakestev kvaliteet.\" \/>\n<meta name=\"robots\" content=\"index, follow, max-snippet:-1, max-image-preview:large, max-video-preview:-1\" \/>\n<link rel=\"canonical\" href=\"https:\/\/ecotextile.eu\/en\/privacy-policy\/\" \/>\n<meta property=\"og:locale\" content=\"en_US\" \/>\n<meta property=\"og:type\" content=\"article\" \/>\n<meta property=\"og:title\" content=\"Privacy Policy | Ecotextile.EU\" \/>\n<meta property=\"og:description\" content=\". Tarne \u00fcle Euroopa, \u00f6ko-sertifikaadid ja turvaline kassaprotsess. Premium naturaalsed materjalid ja kauakestev kvaliteet.\" \/>\n<meta property=\"og:url\" content=\"https:\/\/ecotextile.eu\/en\/privacy-policy\/\" \/>\n<meta property=\"og:site_name\" content=\"EcoTextile\" \/>\n<meta property=\"article:publisher\" content=\"https:\/\/www.facebook.com\/profile.php?id=61560592331035\" \/>\n<meta property=\"article:modified_time\" content=\"2024-03-28T08:15:50+00:00\" \/>\n<meta property=\"og:image\" content=\"https:\/\/ecotextile.eu\/wp-content\/uploads\/2025\/04\/pic-1.webp\" \/>\n\t<meta property=\"og:image:width\" content=\"2500\" \/>\n\t<meta property=\"og:image:height\" content=\"1667\" \/>\n\t<meta property=\"og:image:type\" content=\"image\/webp\" \/>\n<meta name=\"twitter:card\" content=\"summary_large_image\" \/>\n<meta name=\"twitter:label1\" content=\"Est. reading time\" \/>\n\t<meta name=\"twitter:data1\" content=\"2 minutes\" \/>\n<script type=\"application\/ld+json\" class=\"yoast-schema-graph\">{\"@context\":\"https:\/\/schema.org\",\"@graph\":[{\"@type\":\"WebPage\",\"@id\":\"https:\/\/ecotextile.eu\/en\/privacy-policy\/\",\"url\":\"https:\/\/ecotextile.eu\/en\/privacy-policy\/\",\"name\":\"Privacy Policy | Ecotextile.EU\",\"isPartOf\":{\"@id\":\"https:\/\/ecotextile.eu\/en\/#website\"},\"datePublished\":\"2024-01-23T13:19:45+00:00\",\"dateModified\":\"2024-03-28T08:15:50+00:00\",\"description\":\". Tarne \u00fcle Euroopa, \u00f6ko-sertifikaadid ja turvaline kassaprotsess. Premium naturaalsed materjalid ja kauakestev kvaliteet.\",\"breadcrumb\":{\"@id\":\"https:\/\/ecotextile.eu\/en\/privacy-policy\/#breadcrumb\"},\"inLanguage\":\"en-US\",\"potentialAction\":[{\"@type\":\"ReadAction\",\"target\":[\"https:\/\/ecotextile.eu\/en\/privacy-policy\/\"]}]},{\"@type\":\"BreadcrumbList\",\"@id\":\"https:\/\/ecotextile.eu\/en\/privacy-policy\/#breadcrumb\",\"itemListElement\":[{\"@type\":\"ListItem\",\"position\":1,\"name\":\"\u0413\u043b\u0430\u0432\u043d\u0430\u044f \u0441\u0442\u0440\u0430\u043d\u0438\u0446\u0430\",\"item\":\"https:\/\/ecotextile.eu\/en\/\"},{\"@type\":\"ListItem\",\"position\":2,\"name\":\"Privacy Policy\"}]},{\"@type\":\"WebSite\",\"@id\":\"https:\/\/ecotextile.eu\/en\/#website\",\"url\":\"https:\/\/ecotextile.eu\/en\/\",\"name\":\"Ecotextile.EU\",\"description\":\"\",\"publisher\":{\"@id\":\"https:\/\/ecotextile.eu\/en\/#organization\"},\"alternateName\":\"Ecotextile.EU\",\"potentialAction\":[{\"@type\":\"SearchAction\",\"target\":{\"@type\":\"EntryPoint\",\"urlTemplate\":\"https:\/\/ecotextile.eu\/en\/?s={search_term_string}\"},\"query-input\":{\"@type\":\"PropertyValueSpecification\",\"valueRequired\":true,\"valueName\":\"search_term_string\"}}],\"inLanguage\":\"en-US\"},{\"@type\":\"Organization\",\"@id\":\"https:\/\/ecotextile.eu\/en\/#organization\",\"name\":\"ECOTEXTILE\",\"alternateName\":\"Ecotextile.EU\",\"url\":\"https:\/\/ecotextile.eu\/en\/\",\"logo\":{\"@type\":\"ImageObject\",\"inLanguage\":\"en-US\",\"@id\":\"https:\/\/ecotextile.eu\/en\/#\/schema\/logo\/image\/\",\"url\":\"https:\/\/ecotextile.eu\/wp-content\/uploads\/2025\/07\/ecotextile-logo2.png\",\"contentUrl\":\"https:\/\/ecotextile.eu\/wp-content\/uploads\/2025\/07\/ecotextile-logo2.png\",\"width\":512,\"height\":512,\"caption\":\"ECOTEXTILE\"},\"image\":{\"@id\":\"https:\/\/ecotextile.eu\/en\/#\/schema\/logo\/image\/\"},\"sameAs\":[\"https:\/\/www.facebook.com\/profile.php?id=61560592331035\",\"https:\/\/www.instagram.com\/ecotextile_elit\/\",\"https:\/\/www.tiktok.com\/@ecotextile.eu\",\"https:\/\/www.youtube.com\/channel\/UC6hBdz6IiDwoOP-n89o4_Rg\"],\"description\":\"Online pood EcoTextile pakub voodipesu, r\u00e4tikuid, pleede, hommikumantleid, koduriided ja riided. Tooted on valmistatud orgaanilistest kangastest: puuvill, lina, bambus, satiin ja kanep. Ecotextile'i n\u00e4idistesaal asub Peetris, seda saab k\u00fclastada eelneval kokkuleppel.\",\"email\":\"info@ecotextile.eu\",\"legalName\":\"ECOTEXTILE O\u00dc\",\"foundingDate\":\"2024-01-12\",\"numberOfEmployees\":{\"@type\":\"QuantitativeValue\",\"minValue\":\"1\",\"maxValue\":\"10\"}}]}<\/script>\n<!-- \/ Yoast SEO Premium plugin. -->","yoast_head_json":{"title":"Privacy Policy | Ecotextile.EU","description":". Tarne \u00fcle Euroopa, \u00f6ko-sertifikaadid ja turvaline kassaprotsess. Premium naturaalsed materjalid ja kauakestev kvaliteet.","robots":{"index":"index","follow":"follow","max-snippet":"max-snippet:-1","max-image-preview":"max-image-preview:large","max-video-preview":"max-video-preview:-1"},"canonical":"https:\/\/ecotextile.eu\/en\/privacy-policy\/","og_locale":"en_US","og_type":"article","og_title":"Privacy Policy | Ecotextile.EU","og_description":". Tarne \u00fcle Euroopa, \u00f6ko-sertifikaadid ja turvaline kassaprotsess. Premium naturaalsed materjalid ja kauakestev kvaliteet.","og_url":"https:\/\/ecotextile.eu\/en\/privacy-policy\/","og_site_name":"EcoTextile","article_publisher":"https:\/\/www.facebook.com\/profile.php?id=61560592331035","article_modified_time":"2024-03-28T08:15:50+00:00","og_image":[{"width":2500,"height":1667,"url":"https:\/\/ecotextile.eu\/wp-content\/uploads\/2025\/04\/pic-1.webp","type":"image\/webp"}],"twitter_card":"summary_large_image","twitter_misc":{"Est. reading time":"2 minutes"},"schema":{"@context":"https:\/\/schema.org","@graph":[{"@type":"WebPage","@id":"https:\/\/ecotextile.eu\/en\/privacy-policy\/","url":"https:\/\/ecotextile.eu\/en\/privacy-policy\/","name":"Privacy Policy | Ecotextile.EU","isPartOf":{"@id":"https:\/\/ecotextile.eu\/en\/#website"},"datePublished":"2024-01-23T13:19:45+00:00","dateModified":"2024-03-28T08:15:50+00:00","description":". Tarne \u00fcle Euroopa, \u00f6ko-sertifikaadid ja turvaline kassaprotsess. Premium naturaalsed materjalid ja kauakestev kvaliteet.","breadcrumb":{"@id":"https:\/\/ecotextile.eu\/en\/privacy-policy\/#breadcrumb"},"inLanguage":"en-US","potentialAction":[{"@type":"ReadAction","target":["https:\/\/ecotextile.eu\/en\/privacy-policy\/"]}]},{"@type":"BreadcrumbList","@id":"https:\/\/ecotextile.eu\/en\/privacy-policy\/#breadcrumb","itemListElement":[{"@type":"ListItem","position":1,"name":"\u0413\u043b\u0430\u0432\u043d\u0430\u044f \u0441\u0442\u0440\u0430\u043d\u0438\u0446\u0430","item":"https:\/\/ecotextile.eu\/en\/"},{"@type":"ListItem","position":2,"name":"Privacy Policy"}]},{"@type":"WebSite","@id":"https:\/\/ecotextile.eu\/en\/#website","url":"https:\/\/ecotextile.eu\/en\/","name":"Ecotextile.EU","description":"","publisher":{"@id":"https:\/\/ecotextile.eu\/en\/#organization"},"alternateName":"Ecotextile.EU","potentialAction":[{"@type":"SearchAction","target":{"@type":"EntryPoint","urlTemplate":"https:\/\/ecotextile.eu\/en\/?s={search_term_string}"},"query-input":{"@type":"PropertyValueSpecification","valueRequired":true,"valueName":"search_term_string"}}],"inLanguage":"en-US"},{"@type":"Organization","@id":"https:\/\/ecotextile.eu\/en\/#organization","name":"ECOTEXTILE","alternateName":"Ecotextile.EU","url":"https:\/\/ecotextile.eu\/en\/","logo":{"@type":"ImageObject","inLanguage":"en-US","@id":"https:\/\/ecotextile.eu\/en\/#\/schema\/logo\/image\/","url":"https:\/\/ecotextile.eu\/wp-content\/uploads\/2025\/07\/ecotextile-logo2.png","contentUrl":"https:\/\/ecotextile.eu\/wp-content\/uploads\/2025\/07\/ecotextile-logo2.png","width":512,"height":512,"caption":"ECOTEXTILE"},"image":{"@id":"https:\/\/ecotextile.eu\/en\/#\/schema\/logo\/image\/"},"sameAs":["https:\/\/www.facebook.com\/profile.php?id=61560592331035","https:\/\/www.instagram.com\/ecotextile_elit\/","https:\/\/www.tiktok.com\/@ecotextile.eu","https:\/\/www.youtube.com\/channel\/UC6hBdz6IiDwoOP-n89o4_Rg"],"description":"Online pood EcoTextile pakub voodipesu, r\u00e4tikuid, pleede, hommikumantleid, koduriided ja riided. Tooted on valmistatud orgaanilistest kangastest: puuvill, lina, bambus, satiin ja kanep. Ecotextile'i n\u00e4idistesaal asub Peetris, seda saab k\u00fclastada eelneval kokkuleppel.","email":"info@ecotextile.eu","legalName":"ECOTEXTILE O\u00dc","foundingDate":"2024-01-12","numberOfEmployees":{"@type":"QuantitativeValue","minValue":"1","maxValue":"10"}}]}},"_links":{"self":[{"href":"https:\/\/ecotextile.eu\/en\/wp-json\/wp\/v2\/pages\/3","targetHints":{"allow":["GET"]}}],"collection":[{"href":"https:\/\/ecotextile.eu\/en\/wp-json\/wp\/v2\/pages"}],"about":[{"href":"https:\/\/ecotextile.eu\/en\/wp-json\/wp\/v2\/types\/page"}],"author":[{"embeddable":true,"href":"https:\/\/ecotextile.eu\/en\/wp-json\/wp\/v2\/users\/1"}],"replies":[{"embeddable":true,"href":"https:\/\/ecotextile.eu\/en\/wp-json\/wp\/v2\/comments?post=3"}],"version-history":[{"count":13,"href":"https:\/\/ecotextile.eu\/en\/wp-json\/wp\/v2\/pages\/3\/revisions"}],"predecessor-version":[{"id":4819,"href":"https:\/\/ecotextile.eu\/en\/wp-json\/wp\/v2\/pages\/3\/revisions\/4819"}],"wp:attachment":[{"href":"https:\/\/ecotextile.eu\/en\/wp-json\/wp\/v2\/media?parent=3"}],"curies":[{"name":"wp","href":"https:\/\/api.w.org\/{rel}","templated":true}]}}