{"id":20757,"date":"2024-03-15T13:24:45","date_gmt":"2024-03-15T11:24:45","guid":{"rendered":"https:\/\/ecotextile.eu\/product\/muna\/"},"modified":"2025-11-12T11:39:37","modified_gmt":"2025-11-12T09:39:37","slug":"muna","status":"publish","type":"product","link":"https:\/\/ecotextile.eu\/de\/product\/muna\/","title":{"rendered":"Musselin-Tagesdecke MUNA (zweiseitig)"},"content":{"rendered":"<div class=\"flex-shrink-0 flex flex-col relative items-end\">\n<div>\n<div class=\"pt-0\">\n<div class=\"gizmo-bot-avatar flex h-8 w-8 items-center justify-center overflow-hidden rounded-full\">\n<div class=\"relative p-1 rounded-sm flex items-center justify-center bg-token-main-surface-primary text-token-text-primary h-8 w-8\"><strong>MUNA musliintekk: stiil ja mugavus teie magamistoas<\/strong><\/div>\n<\/div>\n<\/div>\n<\/div>\n<\/div>\n<div class=\"group\/conversation-turn relative flex w-full min-w-0 flex-col agent-turn\">\n<div class=\"flex-col gap-1 md:gap-3\">\n<div class=\"flex max-w-full flex-col flex-grow\">\n<div class=\"min-h-[20px] text-message flex w-full flex-col items-end gap-2 whitespace-pre-wrap break-words [.text-message+&amp;]:mt-5 overflow-x-auto\" dir=\"auto\" data-message-author-role=\"assistant\" data-message-id=\"b2cb812b-8b26-4c54-bf31-767d11ed9e14\">\n<div class=\"flex w-full flex-col gap-1 empty:hidden first:pt-[3px]\">\n<div class=\"markdown prose w-full break-words dark:prose-invert light\">\n<p>Kas otsite ideaalset musliintekki, mis r\u00f5\u00f5mustaks teid oma v\u00e4limusega ja pakuks mugavustunnet? Siis meeldib teile meie musliintekk, mis on valmistatud 100% \u00f6koloogilisest puuvillast!<\/p>\n<p><strong>Meie musliinteki eelised:<\/strong><\/p>\n<ul>\n<li>Kahepoolne: v\u00f5ite valida, milline v\u00e4rv teile t\u00e4na rohkem meeldib \u2014 kas p\u00e4ikeseline kollane v\u00f5i v\u00e4\u00e4rikas antratsiit.<\/li>\n<li>Universaalne: sobib iga sisustusega, lisades sellele hubasust ja stiili.<\/li>\n<li>Pehme ja meeldiv katsuda: valmistatud naturaalsest puuvillast, mis ei \u00e4rrita nahka ja on h\u00fcpoallergeenne.<\/li>\n<li>Kerge ja \u00f5huline: musliin on \u00f5huke, kuid v\u00e4ga vastupidav kangas, mis v\u00f5imaldab musliintekil olla \u00fchtaegu kerge ja vastupidav.<\/li>\n<li>Keskkonnas\u00f5bralik: hoolime loodusest, seega kasutame ainult looduslikke materjale.<\/li>\n<\/ul>\n<p>Kui teile meeldib see kangas, vaadake kindlasti <a href=\"https:\/\/ecotextile.eu\/de\/product-category\/musselin-bettwasche\/\" target=\"_blank\" rel=\"noopener\">musliinist voodipesu<\/a> lehte. EcoTextile pakub voodipesu sellest keskkonnas\u00f5bralikust kangast.<\/p>\n<p>Meie musliintekk on sertifitseeritud, mis kinnitab selle k\u00f5rget kvaliteeti ja ohutust. Toode on pakendatud kraftpapist pakendisse. Saate seda osta meie veebipoest v\u00f5i meie Tallinna l\u00e4hedal asuvast <a href=\"https:\/\/www.google.com\/maps\/place\/EcoTextile\/@59.3987458,24.8269973,17z\/data=!4m6!3m5!1s0x4692ebe13364c3df:0xaaf62acfac36e9b8!8m2!3d59.3987458!4d24.8269973!16s%2Fg%2F11y3vdl5w7?entry=ttu\" target=\"_blank\" rel=\"noopener\">n\u00e4idistesaalist<\/a>. Teil on v\u00f5imalus n\u00e4ha ja hinnata selle ainulaadse toote k\u00f5iki eeliseid. \u00c4rge j\u00e4tke kasutamata v\u00f5imalust muuta oma magamistuba hubaseks, ostes meilt musliinteki!<\/p>\n<\/div>\n<\/div>\n<\/div>\n<\/div>\n<\/div>\n<\/div>\n","protected":false},"excerpt":{"rendered":"<div class=\"woocommerce-product-details__short-description\"><strong><a class=\"hover-zoom\" href=\"https:\/\/ecotextile.eu\/de\/tuup\/naturprodukte\/\" target=\"_blank\" rel=\"noopener\"><img decoding=\"async\" class=\"alignnone wp-image-9964 lazyloaded\" src=\"https:\/\/ecotextile.eu\/wp-content\/uploads\/2024\/12\/ecotextile.png\" alt=\"\" width=\"50\" height=\"46\" data-src=\"https:\/\/ecotextile.eu\/wp-content\/uploads\/2024\/12\/ecotextile.png\" \/><\/a> \u00a0 \u00a0 <a class=\"hover-zoom\" href=\"https:\/\/ecotextile.eu\/de\/gift-ideas\/\" target=\"_blank\" rel=\"noopener\"><img decoding=\"async\" class=\"alignnone size-full wp-image-12379 ls-is-cached lazyloaded\" src=\"https:\/\/ecotextile.eu\/wp-content\/uploads\/2024\/06\/gift-box1.png\" alt=\"\" width=\"40\" height=\"40\" data-src=\"https:\/\/ecotextile.eu\/wp-content\/uploads\/2024\/06\/gift-box1.png\" \/><\/a>\u00a0 \u00a0 \u00a0 <a class=\"hover-zoom\" href=\"https:\/\/ecotextile.eu\/de\/tuup\/oko-produkte\/\" target=\"_blank\" rel=\"noopener\"><img decoding=\"async\" class=\"alignnone wp-image-9964 lazyloaded\" src=\"https:\/\/ecotextile.eu\/wp-content\/uploads\/2024\/06\/ecotextile-eco.png\" alt=\"\" width=\"50\" height=\"46\" data-src=\"https:\/\/ecotextile.eu\/wp-content\/uploads\/2024\/12\/ecotextile.png\" \/><\/a><\/strong><br \/>\n<strong>100% orgaaniline musliinpuuvill.\u00a0<\/strong><\/p>\n<ul>\n<li><strong>Mudel: <\/strong>MUNA<\/li>\n<li><strong>Suurus:<\/strong> 160&#215;240 cm<\/li>\n<li><strong>Koostis:<\/strong> 100% \u00d6ko musliinpuuvill<\/li>\n<li><strong>V\u00e4rv:<\/strong> kollane\/antratsiit<\/li>\n<li><a href=\"https:\/\/ecotextile.eu\/de\/delivery-and-payment\/\" target=\"_blank\" rel=\"noopener\"><strong>Tarne:<\/strong><\/a>\u00a0tasuta alates 30\u20ac* (<a href=\"https:\/\/ecotextile.eu\/de\/delivery-and-payment\/\" target=\"_blank\" rel=\"noopener\">Vaadake oma piirkonna jaoks<\/a>)<\/li>\n<li><a href=\"https:\/\/ecotextile.eu\/de\/okosertifikaadid\/\" target=\"_blank\" rel=\"noopener\"><strong>\u00d6kosertifikaadid:<\/strong><\/a><\/li>\n<\/ul>\n<p><img loading=\"lazy\" decoding=\"async\" class=\"alignnone wp-image-2472\" src=\"https:\/\/ecotextile.eu\/wp-content\/uploads\/2024\/02\/setificat-300x52.webp\" alt=\"\" width=\"374\" height=\"65\" srcset=\"https:\/\/ecotextile.eu\/wp-content\/uploads\/2024\/02\/setificat-300x52.webp 300w, https:\/\/ecotextile.eu\/wp-content\/uploads\/2024\/02\/setificat-600x105.webp 600w, https:\/\/ecotextile.eu\/wp-content\/uploads\/2024\/02\/setificat.webp 652w\" sizes=\"(max-width: 374px) 100vw, 374px\" \/><\/p>\n<\/div>\n","protected":false},"featured_media":20758,"comment_status":"closed","ping_status":"closed","template":"","meta":{"_acf_changed":false},"product_brand":[],"product_cat":[562,556,593],"product_tag":[],"class_list":{"0":"post-20757","1":"product","2":"type-product","3":"status-publish","4":"has-post-thumbnail","6":"product_cat-uncategorized-de","7":"product_cat-geschenke-fuer-frauen","8":"product_cat-tagesdecken","9":"pa_brand-ecocotton-de","10":"pa_koostis-baumwolle","11":"pa_koostis-musselin","12":"pa_pakend-geschenkverpackung","13":"pa_suurus-160240-de","14":"pa_tuup-alle-produkte","15":"pa_tuup-naturprodukte","16":"pa_tuup-oko-produkte","17":"pa_varv-anthrazit","18":"pa_varv-gelb","19":"pa_varv-grau","21":"first","22":"instock","23":"sale","24":"shipping-taxable","25":"purchasable","26":"product-type-simple"},"acf":[],"yoast_head":"<!-- This site is optimized with the Yoast SEO Premium plugin v24.7 (Yoast SEO v27.2) - https:\/\/yoast.com\/product\/yoast-seo-premium-wordpress\/ -->\n<title>Musselin-Tagesdecke MUNA (zweiseitig) | Ecotextile.EU<\/title>\n<meta name=\"description\" content=\"\u2713 Elegante Musselindecke MUNA \u2713 Beidseitig \u2713 Vielseitig \u2713 Weich \u2713 Umweltfreundlich \u2713 Showroom in Estland \u2713 Lieferung in ganz Europa\" \/>\n<meta name=\"robots\" content=\"index, follow, max-snippet:-1, max-image-preview:large, max-video-preview:-1\" \/>\n<link rel=\"canonical\" href=\"https:\/\/ecotextile.eu\/de\/product\/muna\/\" \/>\n<meta property=\"og:locale\" content=\"de_DE\" \/>\n<meta property=\"og:type\" content=\"article\" \/>\n<meta property=\"og:title\" content=\"Musselin-Tagesdecke MUNA (zweiseitig) | Ecotextile.EU\" \/>\n<meta property=\"og:description\" content=\"\u2713 Elegante Musselindecke MUNA \u2713 Beidseitig \u2713 Vielseitig \u2713 Weich \u2713 Umweltfreundlich \u2713 Showroom in Estland \u2713 Lieferung in ganz Europa\" \/>\n<meta property=\"og:url\" content=\"https:\/\/ecotextile.eu\/de\/product\/muna\/\" \/>\n<meta property=\"og:site_name\" content=\"EcoTextile\" \/>\n<meta property=\"article:publisher\" content=\"https:\/\/www.facebook.com\/profile.php?id=61560592331035\" \/>\n<meta property=\"article:modified_time\" content=\"2025-11-12T09:39:37+00:00\" \/>\n<meta property=\"og:image\" content=\"https:\/\/ecotextile.eu\/wp-content\/uploads\/2024\/03\/MUNA.webp\" \/>\n\t<meta property=\"og:image:width\" content=\"540\" \/>\n\t<meta property=\"og:image:height\" content=\"810\" \/>\n\t<meta property=\"og:image:type\" content=\"image\/webp\" \/>\n<meta name=\"twitter:card\" content=\"summary_large_image\" \/>\n<meta name=\"twitter:title\" content=\"Musselin-Tagesdecke MUNA (zweiseitig) | Ecotextile.EU\" \/>\n<meta name=\"twitter:description\" content=\"\u2713 Elegante Musselindecke MUNA \u2713 Beidseitig \u2713 Vielseitig \u2713 Weich \u2713 Umweltfreundlich \u2713 Showroom in Estland \u2713 Lieferung in ganz Europa\" \/>\n<meta name=\"twitter:label1\" content=\"Gesch\u00e4tzte Lesezeit\" \/>\n\t<meta name=\"twitter:data1\" content=\"2\u00a0Minuten\" \/>\n<script type=\"application\/ld+json\" class=\"yoast-schema-graph\">{\"@context\":\"https:\/\/schema.org\",\"@graph\":[{\"@type\":\"WebPage\",\"@id\":\"https:\/\/ecotextile.eu\/de\/product\/muna\/\",\"url\":\"https:\/\/ecotextile.eu\/de\/product\/muna\/\",\"name\":\"Musselin-Tagesdecke MUNA (zweiseitig) | Ecotextile.EU\",\"isPartOf\":{\"@id\":\"https:\/\/ecotextile.eu\/de\/#website\"},\"primaryImageOfPage\":{\"@id\":\"https:\/\/ecotextile.eu\/de\/product\/muna\/#primaryimage\"},\"image\":{\"@id\":\"https:\/\/ecotextile.eu\/de\/product\/muna\/#primaryimage\"},\"thumbnailUrl\":\"https:\/\/ecotextile.eu\/wp-content\/uploads\/2024\/03\/MUNA.webp\",\"datePublished\":\"2024-03-15T11:24:45+00:00\",\"dateModified\":\"2025-11-12T09:39:37+00:00\",\"description\":\"\u2713 Elegante Musselindecke MUNA \u2713 Beidseitig \u2713 Vielseitig \u2713 Weich \u2713 Umweltfreundlich \u2713 Showroom in Estland \u2713 Lieferung in ganz Europa\",\"breadcrumb\":{\"@id\":\"https:\/\/ecotextile.eu\/de\/product\/muna\/#breadcrumb\"},\"inLanguage\":\"de\",\"potentialAction\":[{\"@type\":\"ReadAction\",\"target\":[\"https:\/\/ecotextile.eu\/de\/product\/muna\/\"]}]},{\"@type\":\"ImageObject\",\"inLanguage\":\"de\",\"@id\":\"https:\/\/ecotextile.eu\/de\/product\/muna\/#primaryimage\",\"url\":\"https:\/\/ecotextile.eu\/wp-content\/uploads\/2024\/03\/MUNA.webp\",\"contentUrl\":\"https:\/\/ecotextile.eu\/wp-content\/uploads\/2024\/03\/MUNA.webp\",\"width\":540,\"height\":810},{\"@type\":\"BreadcrumbList\",\"@id\":\"https:\/\/ecotextile.eu\/de\/product\/muna\/#breadcrumb\",\"itemListElement\":[{\"@type\":\"ListItem\",\"position\":1,\"name\":\"\u0413\u043b\u0430\u0432\u043d\u0430\u044f \u0441\u0442\u0440\u0430\u043d\u0438\u0446\u0430\",\"item\":\"https:\/\/ecotextile.eu\/de\/\"},{\"@type\":\"ListItem\",\"position\":2,\"name\":\"Shop\",\"item\":\"https:\/\/ecotextile.eu\/de\/shop\/\"},{\"@type\":\"ListItem\",\"position\":3,\"name\":\"Musselin-Tagesdecke MUNA (zweiseitig)\"}]},{\"@type\":\"WebSite\",\"@id\":\"https:\/\/ecotextile.eu\/de\/#website\",\"url\":\"https:\/\/ecotextile.eu\/de\/\",\"name\":\"Ecotextile.EU\",\"description\":\"\",\"publisher\":{\"@id\":\"https:\/\/ecotextile.eu\/de\/#organization\"},\"alternateName\":\"Ecotextile.EU\",\"potentialAction\":[{\"@type\":\"SearchAction\",\"target\":{\"@type\":\"EntryPoint\",\"urlTemplate\":\"https:\/\/ecotextile.eu\/de\/?s={search_term_string}\"},\"query-input\":{\"@type\":\"PropertyValueSpecification\",\"valueRequired\":true,\"valueName\":\"search_term_string\"}}],\"inLanguage\":\"de\"},{\"@type\":\"Organization\",\"@id\":\"https:\/\/ecotextile.eu\/de\/#organization\",\"name\":\"ECOTEXTILE\",\"alternateName\":\"Ecotextile.EU\",\"url\":\"https:\/\/ecotextile.eu\/de\/\",\"logo\":{\"@type\":\"ImageObject\",\"inLanguage\":\"de\",\"@id\":\"https:\/\/ecotextile.eu\/de\/#\/schema\/logo\/image\/\",\"url\":\"https:\/\/ecotextile.eu\/wp-content\/uploads\/2025\/07\/ecotextile-logo2.png\",\"contentUrl\":\"https:\/\/ecotextile.eu\/wp-content\/uploads\/2025\/07\/ecotextile-logo2.png\",\"width\":512,\"height\":512,\"caption\":\"ECOTEXTILE\"},\"image\":{\"@id\":\"https:\/\/ecotextile.eu\/de\/#\/schema\/logo\/image\/\"},\"sameAs\":[\"https:\/\/www.facebook.com\/profile.php?id=61560592331035\",\"https:\/\/www.instagram.com\/ecotextile_elit\/\",\"https:\/\/www.tiktok.com\/@ecotextile.eu\",\"https:\/\/www.youtube.com\/channel\/UC6hBdz6IiDwoOP-n89o4_Rg\"],\"description\":\"Online pood EcoTextile pakub voodipesu, r\u00e4tikuid, pleede, hommikumantleid, koduriided ja riided. Tooted on valmistatud orgaanilistest kangastest: puuvill, lina, bambus, satiin ja kanep. Ecotextile'i n\u00e4idistesaal asub Peetris, seda saab k\u00fclastada eelneval kokkuleppel.\",\"email\":\"info@ecotextile.eu\",\"legalName\":\"ECOTEXTILE O\u00dc\",\"foundingDate\":\"2024-01-12\",\"numberOfEmployees\":{\"@type\":\"QuantitativeValue\",\"minValue\":\"1\",\"maxValue\":\"10\"}}]}<\/script>\n<!-- \/ Yoast SEO Premium plugin. -->","yoast_head_json":{"title":"Musselin-Tagesdecke MUNA (zweiseitig) | Ecotextile.EU","description":"\u2713 Elegante Musselindecke MUNA \u2713 Beidseitig \u2713 Vielseitig \u2713 Weich \u2713 Umweltfreundlich \u2713 Showroom in Estland \u2713 Lieferung in ganz Europa","robots":{"index":"index","follow":"follow","max-snippet":"max-snippet:-1","max-image-preview":"max-image-preview:large","max-video-preview":"max-video-preview:-1"},"canonical":"https:\/\/ecotextile.eu\/de\/product\/muna\/","og_locale":"de_DE","og_type":"article","og_title":"Musselin-Tagesdecke MUNA (zweiseitig) | Ecotextile.EU","og_description":"\u2713 Elegante Musselindecke MUNA \u2713 Beidseitig \u2713 Vielseitig \u2713 Weich \u2713 Umweltfreundlich \u2713 Showroom in Estland \u2713 Lieferung in ganz Europa","og_url":"https:\/\/ecotextile.eu\/de\/product\/muna\/","og_site_name":"EcoTextile","article_publisher":"https:\/\/www.facebook.com\/profile.php?id=61560592331035","article_modified_time":"2025-11-12T09:39:37+00:00","og_image":[{"width":540,"height":810,"url":"https:\/\/ecotextile.eu\/wp-content\/uploads\/2024\/03\/MUNA.webp","type":"image\/webp"}],"twitter_card":"summary_large_image","twitter_title":"Musselin-Tagesdecke MUNA (zweiseitig) | Ecotextile.EU","twitter_description":"\u2713 Elegante Musselindecke MUNA \u2713 Beidseitig \u2713 Vielseitig \u2713 Weich \u2713 Umweltfreundlich \u2713 Showroom in Estland \u2713 Lieferung in ganz Europa","twitter_misc":{"Gesch\u00e4tzte Lesezeit":"2\u00a0Minuten"},"schema":{"@context":"https:\/\/schema.org","@graph":[{"@type":"WebPage","@id":"https:\/\/ecotextile.eu\/de\/product\/muna\/","url":"https:\/\/ecotextile.eu\/de\/product\/muna\/","name":"Musselin-Tagesdecke MUNA (zweiseitig) | Ecotextile.EU","isPartOf":{"@id":"https:\/\/ecotextile.eu\/de\/#website"},"primaryImageOfPage":{"@id":"https:\/\/ecotextile.eu\/de\/product\/muna\/#primaryimage"},"image":{"@id":"https:\/\/ecotextile.eu\/de\/product\/muna\/#primaryimage"},"thumbnailUrl":"https:\/\/ecotextile.eu\/wp-content\/uploads\/2024\/03\/MUNA.webp","datePublished":"2024-03-15T11:24:45+00:00","dateModified":"2025-11-12T09:39:37+00:00","description":"\u2713 Elegante Musselindecke MUNA \u2713 Beidseitig \u2713 Vielseitig \u2713 Weich \u2713 Umweltfreundlich \u2713 Showroom in Estland \u2713 Lieferung in ganz Europa","breadcrumb":{"@id":"https:\/\/ecotextile.eu\/de\/product\/muna\/#breadcrumb"},"inLanguage":"de","potentialAction":[{"@type":"ReadAction","target":["https:\/\/ecotextile.eu\/de\/product\/muna\/"]}]},{"@type":"ImageObject","inLanguage":"de","@id":"https:\/\/ecotextile.eu\/de\/product\/muna\/#primaryimage","url":"https:\/\/ecotextile.eu\/wp-content\/uploads\/2024\/03\/MUNA.webp","contentUrl":"https:\/\/ecotextile.eu\/wp-content\/uploads\/2024\/03\/MUNA.webp","width":540,"height":810},{"@type":"BreadcrumbList","@id":"https:\/\/ecotextile.eu\/de\/product\/muna\/#breadcrumb","itemListElement":[{"@type":"ListItem","position":1,"name":"\u0413\u043b\u0430\u0432\u043d\u0430\u044f \u0441\u0442\u0440\u0430\u043d\u0438\u0446\u0430","item":"https:\/\/ecotextile.eu\/de\/"},{"@type":"ListItem","position":2,"name":"Shop","item":"https:\/\/ecotextile.eu\/de\/shop\/"},{"@type":"ListItem","position":3,"name":"Musselin-Tagesdecke MUNA (zweiseitig)"}]},{"@type":"WebSite","@id":"https:\/\/ecotextile.eu\/de\/#website","url":"https:\/\/ecotextile.eu\/de\/","name":"Ecotextile.EU","description":"","publisher":{"@id":"https:\/\/ecotextile.eu\/de\/#organization"},"alternateName":"Ecotextile.EU","potentialAction":[{"@type":"SearchAction","target":{"@type":"EntryPoint","urlTemplate":"https:\/\/ecotextile.eu\/de\/?s={search_term_string}"},"query-input":{"@type":"PropertyValueSpecification","valueRequired":true,"valueName":"search_term_string"}}],"inLanguage":"de"},{"@type":"Organization","@id":"https:\/\/ecotextile.eu\/de\/#organization","name":"ECOTEXTILE","alternateName":"Ecotextile.EU","url":"https:\/\/ecotextile.eu\/de\/","logo":{"@type":"ImageObject","inLanguage":"de","@id":"https:\/\/ecotextile.eu\/de\/#\/schema\/logo\/image\/","url":"https:\/\/ecotextile.eu\/wp-content\/uploads\/2025\/07\/ecotextile-logo2.png","contentUrl":"https:\/\/ecotextile.eu\/wp-content\/uploads\/2025\/07\/ecotextile-logo2.png","width":512,"height":512,"caption":"ECOTEXTILE"},"image":{"@id":"https:\/\/ecotextile.eu\/de\/#\/schema\/logo\/image\/"},"sameAs":["https:\/\/www.facebook.com\/profile.php?id=61560592331035","https:\/\/www.instagram.com\/ecotextile_elit\/","https:\/\/www.tiktok.com\/@ecotextile.eu","https:\/\/www.youtube.com\/channel\/UC6hBdz6IiDwoOP-n89o4_Rg"],"description":"Online pood EcoTextile pakub voodipesu, r\u00e4tikuid, pleede, hommikumantleid, koduriided ja riided. Tooted on valmistatud orgaanilistest kangastest: puuvill, lina, bambus, satiin ja kanep. Ecotextile'i n\u00e4idistesaal asub Peetris, seda saab k\u00fclastada eelneval kokkuleppel.","email":"info@ecotextile.eu","legalName":"ECOTEXTILE O\u00dc","foundingDate":"2024-01-12","numberOfEmployees":{"@type":"QuantitativeValue","minValue":"1","maxValue":"10"}}]}},"_links":{"self":[{"href":"https:\/\/ecotextile.eu\/de\/wp-json\/wp\/v2\/product\/20757","targetHints":{"allow":["GET"]}}],"collection":[{"href":"https:\/\/ecotextile.eu\/de\/wp-json\/wp\/v2\/product"}],"about":[{"href":"https:\/\/ecotextile.eu\/de\/wp-json\/wp\/v2\/types\/product"}],"replies":[{"embeddable":true,"href":"https:\/\/ecotextile.eu\/de\/wp-json\/wp\/v2\/comments?post=20757"}],"version-history":[{"count":3,"href":"https:\/\/ecotextile.eu\/de\/wp-json\/wp\/v2\/product\/20757\/revisions"}],"predecessor-version":[{"id":29036,"href":"https:\/\/ecotextile.eu\/de\/wp-json\/wp\/v2\/product\/20757\/revisions\/29036"}],"wp:featuredmedia":[{"embeddable":true,"href":"https:\/\/ecotextile.eu\/de\/wp-json\/wp\/v2\/media\/20758"}],"wp:attachment":[{"href":"https:\/\/ecotextile.eu\/de\/wp-json\/wp\/v2\/media?parent=20757"}],"wp:term":[{"taxonomy":"product_brand","embeddable":true,"href":"https:\/\/ecotextile.eu\/de\/wp-json\/wp\/v2\/product_brand?post=20757"},{"taxonomy":"product_cat","embeddable":true,"href":"https:\/\/ecotextile.eu\/de\/wp-json\/wp\/v2\/product_cat?post=20757"},{"taxonomy":"product_tag","embeddable":true,"href":"https:\/\/ecotextile.eu\/de\/wp-json\/wp\/v2\/product_tag?post=20757"}],"curies":[{"name":"wp","href":"https:\/\/api.w.org\/{rel}","templated":true}]}}