{"id":20572,"date":"2024-03-18T15:36:26","date_gmt":"2024-03-18T13:36:26","guid":{"rendered":"https:\/\/ecotextile.eu\/product\/havin\/"},"modified":"2025-08-13T12:19:33","modified_gmt":"2025-08-13T09:19:33","slug":"havin","status":"publish","type":"product","link":"https:\/\/ecotextile.eu\/de\/product\/havin\/","title":{"rendered":"Bettw\u00e4sche-Set aus gewaschener Baumwolle HAVIN"},"content":{"rendered":"<div class=\"flex-shrink-0 flex flex-col relative items-end\">\n<div>\n<div class=\"pt-0\">\n<div class=\"gizmo-bot-avatar flex h-8 w-8 items-center justify-center overflow-hidden rounded-full\">\n<div class=\"relative p-1 rounded-sm flex items-center justify-center bg-token-main-surface-primary text-token-text-primary h-8 w-8\"><strong>Kivipesu puuvillane voodipesukomplekt HAVIN EcoTextile\u2019ilt<\/strong> \u2013 naturaalne, stiilne ja \u00fclimugav valik. Selle voodipesu praktilisus on ilmne: sellel on kerge kortsuefekt, mis v\u00f5imaldab v\u00e4limuse p\u00e4rast mitte muretseda. Kangas on kergesti pestav ja kuivab kiiresti, ning triikimise vajaduse puudumine s\u00e4\u00e4stab teie aega ja energiat. Selline hooldusviis teeb komplekti ideaalseks neile, kes hindavad mugavust ja lihtsust.<\/div>\n<\/div>\n<\/div>\n<\/div>\n<\/div>\n<ul>\n<li><img decoding=\"async\" class=\"emoji emoji-image lazyload\" data-src=\"https:\/\/web.telegram.org\/k\/assets\/img\/emoji\/1f33f.png\" alt=\"\ud83c\udf3f\" width=\"15\" height=\"15\" src=\"data:image\/gif;base64,R0lGODlhAQABAAAAACH5BAEKAAEALAAAAAABAAEAAAICTAEAOw==\" style=\"--smush-placeholder-width: 15px; --smush-placeholder-aspect-ratio: 15\/15;\" \/> <strong>Orgaaniline 100% puuvill:<\/strong> Voodipesu on valmistatud \u00f6koloogiliselt puhtast materjalist, mis sobib ideaalselt tundlikule nahale.<\/li>\n<li><img decoding=\"async\" class=\"emoji emoji-image lazyload\" data-src=\"https:\/\/web.telegram.org\/k\/assets\/img\/emoji\/1f33f.png\" alt=\"\ud83c\udf3f\" width=\"15\" height=\"15\" src=\"data:image\/gif;base64,R0lGODlhAQABAAAAACH5BAEKAAEALAAAAAABAAEAAAICTAEAOw==\" style=\"--smush-placeholder-width: 15px; --smush-placeholder-aspect-ratio: 15\/15;\" \/> <strong>Tumesinine toon terrakota detailidega:<\/strong> Meie kivipesu puuvillane voodipesukomplekt paistab silma s\u00fcgava tumesinise v\u00e4rvi ja stiilse terrakota viimistlusega. Komplekti t\u00e4iendavad unikaalsed n\u00f6\u00f6bid.<\/li>\n<li><img decoding=\"async\" class=\"emoji emoji-image lazyload\" data-src=\"https:\/\/web.telegram.org\/k\/assets\/img\/emoji\/1f33f.png\" alt=\"\ud83c\udf3f\" width=\"15\" height=\"15\" src=\"data:image\/gif;base64,R0lGODlhAQABAAAAACH5BAEKAAEALAAAAAABAAEAAAICTAEAOw==\" style=\"--smush-placeholder-width: 15px; --smush-placeholder-aspect-ratio: 15\/15;\" \/>\u00a0<strong>Stiilne kangastruktuur: <\/strong>Pehme ja katsudes meeldiv kangas elegantse kortsuefektiga loob teie magamistoas hubase atmosf\u00e4\u00e4ri.<\/li>\n<li><img decoding=\"async\" class=\"emoji emoji-image lazyload\" data-src=\"https:\/\/web.telegram.org\/k\/assets\/img\/emoji\/1f33f.png\" alt=\"\ud83c\udf3f\" width=\"15\" height=\"15\" src=\"data:image\/gif;base64,R0lGODlhAQABAAAAACH5BAEKAAEALAAAAAABAAEAAAICTAEAOw==\" style=\"--smush-placeholder-width: 15px; --smush-placeholder-aspect-ratio: 15\/15;\" \/> <strong>Komplekti sisu:<\/strong> Komplekti kuuluvad suur (king size) voodilina, kaheinimese tekikott ja neli padjap\u00fc\u00fcri. K\u00f5ik vajalik teie magamistoa t\u00e4iuslikuks kujundamiseks.<\/li>\n<li><img decoding=\"async\" class=\"emoji emoji-image lazyload\" data-src=\"https:\/\/web.telegram.org\/k\/assets\/img\/emoji\/1f33f.png\" alt=\"\ud83c\udf3f\" width=\"15\" height=\"15\" src=\"data:image\/gif;base64,R0lGODlhAQABAAAAACH5BAEKAAEALAAAAAABAAEAAAICTAEAOw==\" style=\"--smush-placeholder-width: 15px; --smush-placeholder-aspect-ratio: 15\/15;\" \/> <strong>Originaalne disain:<\/strong> Stiilne disain ja v\u00e4rvikombinatsioon muudavad selle komplekti t\u00f5eliseks interj\u00f6\u00f6ri kaunistuseks.<\/li>\n<\/ul>\n<p>Toote saate osta meie e-poest mugavalt kodust lahkumata. Euroopa kohaletoimetamine: Saadame tellimusi \u00fcle kogu Euroopa, et saaksite nautida meie toodet s\u00f5ltumata oma asukohast. Samuti on v\u00f5imalus toodet n\u00e4ha ja katsuda <a href=\"https:\/\/www.google.com\/maps\/place\/EcoTextile\/@59.3987458,24.8269973,409m\/data=!3m2!1e3!4b1!4m6!3m5!1s0x4692ebe13364c3df:0xaaf62acfac36e9b8!8m2!3d59.3987458!4d24.8269973!16s%2Fg%2F11y3vdl5w7?entry=ttu&amp;g_ep=EgoyMDI0MTIxMS4wIKXMDSoASAFQAw%3D%3D\" target=\"_blank\" rel=\"noopener\">showroom\u2019is EcoTextile<\/a> (eelneval kokkuleppel). Vaadake ka teisi komplekte samast kangast jaotises <a href=\"https:\/\/ecotextile.eu\/de\/product-category\/bettwaesche-aus-waschbaumwolle\/\" target=\"_blank\" rel=\"noopener\">&#8222;Kivipesu puuvillane voodipesu\u201c<\/a>.<\/p>\n<p><strong>Valige HAVIN EcoTextile\u2019ilt \u2013 kvaliteet ja mugavus igaks \u00f6\u00f6ks!<\/strong><\/p>\n<p><strong>Komplekti kuulub:<\/strong><\/p>\n<ul>\n<li>1tk : Tekikott 200\u00d7220 cm<\/li>\n<li>1tk : Lina 240\u00d7260 cm<\/li>\n<li>2tk : Padjap\u00fc\u00fcr 50\u00d770 cm<\/li>\n<li>2tk : Padjap\u00fc\u00fcr 60\u00d780 cm<\/li>\n<li>1tk : Kraftpaberist karbis<\/li>\n<\/ul>\n","protected":false},"excerpt":{"rendered":"<p><strong><a class=\"hover-zoom\" href=\"https:\/\/ecotextile.eu\/de\/tuup\/naturprodukte\/\" target=\"_blank\" rel=\"noopener\"><img decoding=\"async\" class=\"alignnone wp-image-9964 lazyloaded\" src=\"https:\/\/ecotextile.eu\/wp-content\/uploads\/2024\/12\/ecotextile.png\" alt=\"\" width=\"50\" height=\"46\" data-src=\"https:\/\/ecotextile.eu\/wp-content\/uploads\/2024\/12\/ecotextile.png\" \/><\/a> \u00a0 \u00a0 <a class=\"hover-zoom\" href=\"https:\/\/ecotextile.eu\/de\/gift-ideas\/\" target=\"_blank\" rel=\"noopener\"><img decoding=\"async\" class=\"alignnone size-full wp-image-12379 ls-is-cached lazyloaded\" src=\"https:\/\/ecotextile.eu\/wp-content\/uploads\/2024\/06\/gift-box1.png\" alt=\"\" width=\"40\" height=\"40\" data-src=\"https:\/\/ecotextile.eu\/wp-content\/uploads\/2024\/06\/gift-box1.png\" \/><\/a>\u00a0 \u00a0 \u00a0 <a class=\"hover-zoom\" href=\"https:\/\/ecotextile.eu\/de\/tuup\/oko-produkte\/\" target=\"_blank\" rel=\"noopener\"><img loading=\"lazy\" decoding=\"async\" class=\"alignnone wp-image-9964 lazyloaded\" src=\"https:\/\/ecotextile.eu\/wp-content\/uploads\/2024\/06\/ecotextile-eco.png\" alt=\"\" width=\"50\" height=\"46\" data-src=\"https:\/\/ecotextile.eu\/wp-content\/uploads\/2024\/12\/ecotextile.png\" \/><\/a><\/strong><br \/>\n<strong>100% orgaaniline kivipestud puuvill.\u00a0<\/strong><\/p>\n<ul>\n<li><strong>Mudel: <\/strong>HAVIN<\/li>\n<li><strong>Suurus:<\/strong> 200&#215;220 cm<\/li>\n<li><strong>Koostis:<\/strong> 100% kivipestud \u00f6koloogiline puuvill<\/li>\n<li><strong>Tihedus:<\/strong>\u00a0250TS<\/li>\n<li><strong>V\u00e4rv:<\/strong> sinine-antratsiit<\/li>\n<li><strong>Toote erip\u00e4rad:\u00a0<\/strong>Tekikott n\u00f6\u00f6pidega. Suur voodilina.<\/li>\n<li><a href=\"https:\/\/ecotextile.eu\/de\/delivery-and-payment\/\" target=\"_blank\" rel=\"noopener\"><strong>Tarne:<\/strong><\/a> tasuta alates 30\u20ac* (<a href=\"https:\/\/ecotextile.eu\/de\/delivery-and-payment\/\" target=\"_blank\" rel=\"noopener\">Vaadake oma piirkonna jaoks<\/a>)<\/li>\n<li><a href=\"https:\/\/ecotextile.eu\/de\/okosertifikaadid\/\" target=\"_blank\" rel=\"noopener\"><strong>\u00d6kosertifikaadid:<\/strong><\/a><\/li>\n<\/ul>\n<p><img decoding=\"async\" class=\"alignnone wp-image-2472 lazyload\" data-src=\"https:\/\/ecotextile.eu\/wp-content\/uploads\/2024\/02\/setificat-300x52.webp\" alt=\"\" width=\"374\" height=\"65\" data-srcset=\"https:\/\/ecotextile.eu\/wp-content\/uploads\/2024\/02\/setificat-300x52.webp 300w, https:\/\/ecotextile.eu\/wp-content\/uploads\/2024\/02\/setificat-600x105.webp 600w, https:\/\/ecotextile.eu\/wp-content\/uploads\/2024\/02\/setificat.webp 652w\" data-sizes=\"(max-width: 374px) 100vw, 374px\" src=\"data:image\/gif;base64,R0lGODlhAQABAAAAACH5BAEKAAEALAAAAAABAAEAAAICTAEAOw==\" style=\"--smush-placeholder-width: 374px; --smush-placeholder-aspect-ratio: 374\/65;\" \/><\/p>\n","protected":false},"featured_media":20573,"comment_status":"closed","ping_status":"closed","template":"","meta":{"_acf_changed":false,"om_disable_all_campaigns":false,"_monsterinsights_skip_tracking":false,"_monsterinsights_sitenote_active":false,"_monsterinsights_sitenote_note":"","_monsterinsights_sitenote_category":0,"_uf_show_specific_survey":0,"_uf_disable_surveys":false},"product_brand":[],"product_cat":[562,574,557,590,588,555,559,581],"product_tag":[],"class_list":{"0":"post-20572","1":"product","2":"type-product","3":"status-publish","4":"has-post-thumbnail","6":"product_cat-uncategorized-de","7":"product_cat-baumwollbettwaesche","8":"product_cat-bettwaesche-aus-waschbaumwolle","9":"product_cat-bettwaesche-sets","10":"product_cat-geschenke","11":"product_cat-geschenke-fuer-maenner","12":"product_cat-hochwertige-bettwaesche","13":"product_cat-rabatte","14":"pa_brand-ecocotton-de","15":"pa_koostis-baumwolle","16":"pa_koostis-stonewashed-baumwolle","17":"pa_pakend-geschenkverpackung","18":"pa_suurus-200220-de","19":"pa_tuup-alle-produkte","20":"pa_tuup-naturprodukte","21":"pa_tuup-oko-produkte","22":"pa_varv-anthrazit","23":"pa_varv-blau","25":"first","26":"instock","27":"shipping-taxable","28":"purchasable","29":"product-type-simple"},"acf":[],"yoast_head":"<!-- This site is optimized with the Yoast SEO Premium plugin v24.7 (Yoast SEO v27.2) - https:\/\/yoast.com\/product\/yoast-seo-premium-wordpress\/ -->\n<title>Bettw\u00e4sche-Set aus gewaschener Baumwolle HAVIN | Ecotextile.EU<\/title>\n<meta name=\"description\" content=\"Das Steinwasch-Baumwoll-Bettw\u00e4sche-Set vereint die Qualit\u00e4t von Bio-Baumwolle, stilvolles Design und eine praktische Struktur. Ihre ideale Wahl.\" \/>\n<meta name=\"robots\" content=\"index, follow, max-snippet:-1, max-image-preview:large, max-video-preview:-1\" \/>\n<link rel=\"canonical\" href=\"https:\/\/ecotextile.eu\/de\/product\/havin\/\" \/>\n<meta property=\"og:locale\" content=\"de_DE\" \/>\n<meta property=\"og:type\" content=\"article\" \/>\n<meta property=\"og:title\" content=\"Bettw\u00e4sche-Set aus gewaschener Baumwolle HAVIN | Ecotextile.EU\" \/>\n<meta property=\"og:description\" content=\"Das Steinwasch-Baumwoll-Bettw\u00e4sche-Set vereint die Qualit\u00e4t von Bio-Baumwolle, stilvolles Design und eine praktische Struktur. Ihre ideale Wahl.\" \/>\n<meta property=\"og:url\" content=\"https:\/\/ecotextile.eu\/de\/product\/havin\/\" \/>\n<meta property=\"og:site_name\" content=\"EcoTextile\" \/>\n<meta property=\"article:publisher\" content=\"https:\/\/www.facebook.com\/profile.php?id=61560592331035\" \/>\n<meta property=\"article:modified_time\" content=\"2025-08-13T09:19:33+00:00\" \/>\n<meta property=\"og:image\" content=\"https:\/\/ecotextile.eu\/wp-content\/uploads\/2024\/03\/HAVIN4.webp\" \/>\n\t<meta property=\"og:image:width\" content=\"853\" \/>\n\t<meta property=\"og:image:height\" content=\"1280\" \/>\n\t<meta property=\"og:image:type\" content=\"image\/webp\" \/>\n<meta name=\"twitter:card\" content=\"summary_large_image\" \/>\n<meta name=\"twitter:title\" content=\"Bettw\u00e4sche-Set aus gewaschener Baumwolle HAVIN | Ecotextile.EU\" \/>\n<meta name=\"twitter:description\" content=\"Das Steinwasch-Baumwoll-Bettw\u00e4sche-Set vereint die Qualit\u00e4t von Bio-Baumwolle, stilvolles Design und eine praktische Struktur. Ihre ideale Wahl.\" \/>\n<meta name=\"twitter:label1\" content=\"Gesch\u00e4tzte Lesezeit\" \/>\n\t<meta name=\"twitter:data1\" content=\"3\u00a0Minuten\" \/>\n<script type=\"application\/ld+json\" class=\"yoast-schema-graph\">{\"@context\":\"https:\/\/schema.org\",\"@graph\":[{\"@type\":\"WebPage\",\"@id\":\"https:\/\/ecotextile.eu\/de\/product\/havin\/\",\"url\":\"https:\/\/ecotextile.eu\/de\/product\/havin\/\",\"name\":\"Bettw\u00e4sche-Set aus gewaschener Baumwolle HAVIN | Ecotextile.EU\",\"isPartOf\":{\"@id\":\"https:\/\/ecotextile.eu\/de\/#website\"},\"primaryImageOfPage\":{\"@id\":\"https:\/\/ecotextile.eu\/de\/product\/havin\/#primaryimage\"},\"image\":{\"@id\":\"https:\/\/ecotextile.eu\/de\/product\/havin\/#primaryimage\"},\"thumbnailUrl\":\"https:\/\/ecotextile.eu\/wp-content\/uploads\/2024\/03\/HAVIN4.webp\",\"datePublished\":\"2024-03-18T13:36:26+00:00\",\"dateModified\":\"2025-08-13T09:19:33+00:00\",\"description\":\"Das Steinwasch-Baumwoll-Bettw\u00e4sche-Set vereint die Qualit\u00e4t von Bio-Baumwolle, stilvolles Design und eine praktische Struktur. Ihre ideale Wahl.\",\"breadcrumb\":{\"@id\":\"https:\/\/ecotextile.eu\/de\/product\/havin\/#breadcrumb\"},\"inLanguage\":\"de\",\"potentialAction\":[{\"@type\":\"ReadAction\",\"target\":[\"https:\/\/ecotextile.eu\/de\/product\/havin\/\"]}]},{\"@type\":\"ImageObject\",\"inLanguage\":\"de\",\"@id\":\"https:\/\/ecotextile.eu\/de\/product\/havin\/#primaryimage\",\"url\":\"https:\/\/ecotextile.eu\/wp-content\/uploads\/2024\/03\/HAVIN4.webp\",\"contentUrl\":\"https:\/\/ecotextile.eu\/wp-content\/uploads\/2024\/03\/HAVIN4.webp\",\"width\":853,\"height\":1280},{\"@type\":\"BreadcrumbList\",\"@id\":\"https:\/\/ecotextile.eu\/de\/product\/havin\/#breadcrumb\",\"itemListElement\":[{\"@type\":\"ListItem\",\"position\":1,\"name\":\"\u0413\u043b\u0430\u0432\u043d\u0430\u044f \u0441\u0442\u0440\u0430\u043d\u0438\u0446\u0430\",\"item\":\"https:\/\/ecotextile.eu\/de\/\"},{\"@type\":\"ListItem\",\"position\":2,\"name\":\"Shop\",\"item\":\"https:\/\/ecotextile.eu\/de\/shop\/\"},{\"@type\":\"ListItem\",\"position\":3,\"name\":\"Bettw\u00e4sche-Set aus gewaschener Baumwolle HAVIN\"}]},{\"@type\":\"WebSite\",\"@id\":\"https:\/\/ecotextile.eu\/de\/#website\",\"url\":\"https:\/\/ecotextile.eu\/de\/\",\"name\":\"Ecotextile.EU\",\"description\":\"\",\"publisher\":{\"@id\":\"https:\/\/ecotextile.eu\/de\/#organization\"},\"alternateName\":\"Ecotextile.EU\",\"potentialAction\":[{\"@type\":\"SearchAction\",\"target\":{\"@type\":\"EntryPoint\",\"urlTemplate\":\"https:\/\/ecotextile.eu\/de\/?s={search_term_string}\"},\"query-input\":{\"@type\":\"PropertyValueSpecification\",\"valueRequired\":true,\"valueName\":\"search_term_string\"}}],\"inLanguage\":\"de\"},{\"@type\":\"Organization\",\"@id\":\"https:\/\/ecotextile.eu\/de\/#organization\",\"name\":\"ECOTEXTILE\",\"alternateName\":\"Ecotextile.EU\",\"url\":\"https:\/\/ecotextile.eu\/de\/\",\"logo\":{\"@type\":\"ImageObject\",\"inLanguage\":\"de\",\"@id\":\"https:\/\/ecotextile.eu\/de\/#\/schema\/logo\/image\/\",\"url\":\"https:\/\/ecotextile.eu\/wp-content\/uploads\/2025\/07\/ecotextile-logo2.png\",\"contentUrl\":\"https:\/\/ecotextile.eu\/wp-content\/uploads\/2025\/07\/ecotextile-logo2.png\",\"width\":512,\"height\":512,\"caption\":\"ECOTEXTILE\"},\"image\":{\"@id\":\"https:\/\/ecotextile.eu\/de\/#\/schema\/logo\/image\/\"},\"sameAs\":[\"https:\/\/www.facebook.com\/profile.php?id=61560592331035\",\"https:\/\/www.instagram.com\/ecotextile_elit\/\",\"https:\/\/www.tiktok.com\/@ecotextile.eu\",\"https:\/\/www.youtube.com\/channel\/UC6hBdz6IiDwoOP-n89o4_Rg\"],\"description\":\"Online pood EcoTextile pakub voodipesu, r\u00e4tikuid, pleede, hommikumantleid, koduriided ja riided. Tooted on valmistatud orgaanilistest kangastest: puuvill, lina, bambus, satiin ja kanep. Ecotextile'i n\u00e4idistesaal asub Peetris, seda saab k\u00fclastada eelneval kokkuleppel.\",\"email\":\"info@ecotextile.eu\",\"legalName\":\"ECOTEXTILE O\u00dc\",\"foundingDate\":\"2024-01-12\",\"numberOfEmployees\":{\"@type\":\"QuantitativeValue\",\"minValue\":\"1\",\"maxValue\":\"10\"}}]}<\/script>\n<!-- \/ Yoast SEO Premium plugin. -->","yoast_head_json":{"title":"Bettw\u00e4sche-Set aus gewaschener Baumwolle HAVIN | Ecotextile.EU","description":"Das Steinwasch-Baumwoll-Bettw\u00e4sche-Set vereint die Qualit\u00e4t von Bio-Baumwolle, stilvolles Design und eine praktische Struktur. Ihre ideale Wahl.","robots":{"index":"index","follow":"follow","max-snippet":"max-snippet:-1","max-image-preview":"max-image-preview:large","max-video-preview":"max-video-preview:-1"},"canonical":"https:\/\/ecotextile.eu\/de\/product\/havin\/","og_locale":"de_DE","og_type":"article","og_title":"Bettw\u00e4sche-Set aus gewaschener Baumwolle HAVIN | Ecotextile.EU","og_description":"Das Steinwasch-Baumwoll-Bettw\u00e4sche-Set vereint die Qualit\u00e4t von Bio-Baumwolle, stilvolles Design und eine praktische Struktur. Ihre ideale Wahl.","og_url":"https:\/\/ecotextile.eu\/de\/product\/havin\/","og_site_name":"EcoTextile","article_publisher":"https:\/\/www.facebook.com\/profile.php?id=61560592331035","article_modified_time":"2025-08-13T09:19:33+00:00","og_image":[{"width":853,"height":1280,"url":"https:\/\/ecotextile.eu\/wp-content\/uploads\/2024\/03\/HAVIN4.webp","type":"image\/webp"}],"twitter_card":"summary_large_image","twitter_title":"Bettw\u00e4sche-Set aus gewaschener Baumwolle HAVIN | Ecotextile.EU","twitter_description":"Das Steinwasch-Baumwoll-Bettw\u00e4sche-Set vereint die Qualit\u00e4t von Bio-Baumwolle, stilvolles Design und eine praktische Struktur. Ihre ideale Wahl.","twitter_misc":{"Gesch\u00e4tzte Lesezeit":"3\u00a0Minuten"},"schema":{"@context":"https:\/\/schema.org","@graph":[{"@type":"WebPage","@id":"https:\/\/ecotextile.eu\/de\/product\/havin\/","url":"https:\/\/ecotextile.eu\/de\/product\/havin\/","name":"Bettw\u00e4sche-Set aus gewaschener Baumwolle HAVIN | Ecotextile.EU","isPartOf":{"@id":"https:\/\/ecotextile.eu\/de\/#website"},"primaryImageOfPage":{"@id":"https:\/\/ecotextile.eu\/de\/product\/havin\/#primaryimage"},"image":{"@id":"https:\/\/ecotextile.eu\/de\/product\/havin\/#primaryimage"},"thumbnailUrl":"https:\/\/ecotextile.eu\/wp-content\/uploads\/2024\/03\/HAVIN4.webp","datePublished":"2024-03-18T13:36:26+00:00","dateModified":"2025-08-13T09:19:33+00:00","description":"Das Steinwasch-Baumwoll-Bettw\u00e4sche-Set vereint die Qualit\u00e4t von Bio-Baumwolle, stilvolles Design und eine praktische Struktur. Ihre ideale Wahl.","breadcrumb":{"@id":"https:\/\/ecotextile.eu\/de\/product\/havin\/#breadcrumb"},"inLanguage":"de","potentialAction":[{"@type":"ReadAction","target":["https:\/\/ecotextile.eu\/de\/product\/havin\/"]}]},{"@type":"ImageObject","inLanguage":"de","@id":"https:\/\/ecotextile.eu\/de\/product\/havin\/#primaryimage","url":"https:\/\/ecotextile.eu\/wp-content\/uploads\/2024\/03\/HAVIN4.webp","contentUrl":"https:\/\/ecotextile.eu\/wp-content\/uploads\/2024\/03\/HAVIN4.webp","width":853,"height":1280},{"@type":"BreadcrumbList","@id":"https:\/\/ecotextile.eu\/de\/product\/havin\/#breadcrumb","itemListElement":[{"@type":"ListItem","position":1,"name":"\u0413\u043b\u0430\u0432\u043d\u0430\u044f \u0441\u0442\u0440\u0430\u043d\u0438\u0446\u0430","item":"https:\/\/ecotextile.eu\/de\/"},{"@type":"ListItem","position":2,"name":"Shop","item":"https:\/\/ecotextile.eu\/de\/shop\/"},{"@type":"ListItem","position":3,"name":"Bettw\u00e4sche-Set aus gewaschener Baumwolle HAVIN"}]},{"@type":"WebSite","@id":"https:\/\/ecotextile.eu\/de\/#website","url":"https:\/\/ecotextile.eu\/de\/","name":"Ecotextile.EU","description":"","publisher":{"@id":"https:\/\/ecotextile.eu\/de\/#organization"},"alternateName":"Ecotextile.EU","potentialAction":[{"@type":"SearchAction","target":{"@type":"EntryPoint","urlTemplate":"https:\/\/ecotextile.eu\/de\/?s={search_term_string}"},"query-input":{"@type":"PropertyValueSpecification","valueRequired":true,"valueName":"search_term_string"}}],"inLanguage":"de"},{"@type":"Organization","@id":"https:\/\/ecotextile.eu\/de\/#organization","name":"ECOTEXTILE","alternateName":"Ecotextile.EU","url":"https:\/\/ecotextile.eu\/de\/","logo":{"@type":"ImageObject","inLanguage":"de","@id":"https:\/\/ecotextile.eu\/de\/#\/schema\/logo\/image\/","url":"https:\/\/ecotextile.eu\/wp-content\/uploads\/2025\/07\/ecotextile-logo2.png","contentUrl":"https:\/\/ecotextile.eu\/wp-content\/uploads\/2025\/07\/ecotextile-logo2.png","width":512,"height":512,"caption":"ECOTEXTILE"},"image":{"@id":"https:\/\/ecotextile.eu\/de\/#\/schema\/logo\/image\/"},"sameAs":["https:\/\/www.facebook.com\/profile.php?id=61560592331035","https:\/\/www.instagram.com\/ecotextile_elit\/","https:\/\/www.tiktok.com\/@ecotextile.eu","https:\/\/www.youtube.com\/channel\/UC6hBdz6IiDwoOP-n89o4_Rg"],"description":"Online pood EcoTextile pakub voodipesu, r\u00e4tikuid, pleede, hommikumantleid, koduriided ja riided. Tooted on valmistatud orgaanilistest kangastest: puuvill, lina, bambus, satiin ja kanep. Ecotextile'i n\u00e4idistesaal asub Peetris, seda saab k\u00fclastada eelneval kokkuleppel.","email":"info@ecotextile.eu","legalName":"ECOTEXTILE O\u00dc","foundingDate":"2024-01-12","numberOfEmployees":{"@type":"QuantitativeValue","minValue":"1","maxValue":"10"}}]}},"_links":{"self":[{"href":"https:\/\/ecotextile.eu\/de\/wp-json\/wp\/v2\/product\/20572","targetHints":{"allow":["GET"]}}],"collection":[{"href":"https:\/\/ecotextile.eu\/de\/wp-json\/wp\/v2\/product"}],"about":[{"href":"https:\/\/ecotextile.eu\/de\/wp-json\/wp\/v2\/types\/product"}],"replies":[{"embeddable":true,"href":"https:\/\/ecotextile.eu\/de\/wp-json\/wp\/v2\/comments?post=20572"}],"version-history":[{"count":2,"href":"https:\/\/ecotextile.eu\/de\/wp-json\/wp\/v2\/product\/20572\/revisions"}],"predecessor-version":[{"id":21299,"href":"https:\/\/ecotextile.eu\/de\/wp-json\/wp\/v2\/product\/20572\/revisions\/21299"}],"wp:featuredmedia":[{"embeddable":true,"href":"https:\/\/ecotextile.eu\/de\/wp-json\/wp\/v2\/media\/20573"}],"wp:attachment":[{"href":"https:\/\/ecotextile.eu\/de\/wp-json\/wp\/v2\/media?parent=20572"}],"wp:term":[{"taxonomy":"product_brand","embeddable":true,"href":"https:\/\/ecotextile.eu\/de\/wp-json\/wp\/v2\/product_brand?post=20572"},{"taxonomy":"product_cat","embeddable":true,"href":"https:\/\/ecotextile.eu\/de\/wp-json\/wp\/v2\/product_cat?post=20572"},{"taxonomy":"product_tag","embeddable":true,"href":"https:\/\/ecotextile.eu\/de\/wp-json\/wp\/v2\/product_tag?post=20572"}],"curies":[{"name":"wp","href":"https:\/\/api.w.org\/{rel}","templated":true}]}}