{"id":20316,"date":"2024-05-12T21:13:21","date_gmt":"2024-05-12T18:13:21","guid":{"rendered":"https:\/\/ecotextile.eu\/product\/basic-roheline\/"},"modified":"2025-08-13T10:40:26","modified_gmt":"2025-08-13T07:40:26","slug":"basic-roheline","status":"publish","type":"product","link":"https:\/\/ecotextile.eu\/de\/product\/basic-roheline\/","title":{"rendered":"Bettw\u00e4sche-Set aus Satin BASIC (gr\u00fcn)"},"content":{"rendered":"<p>Elegantne ja aristokraatlik BASIC puuvillasatiin voodipesukomplekt on valmistatud 100% orgaanilisest puuvill. See puuvillakasvatuse meetod v\u00e4listab keemiliste v\u00e4etiste ja pestitsiidide kasutamise, mida kinnitavad vastavad sertifikaadid. Puuvillasatiin on uskumatult mugav ja elegantne kangas. Komplekt on pakitud kaunisse t\u00f6\u00f6tlemata kartongist karpi. Kiire <a href=\"https:\/\/ecotextile.eu\/de\/delivery-and-payment\/\" target=\"_blank\" rel=\"noopener\">tarne<\/a> internetipoest tellides. Samuti on v\u00f5imalik Puuvillasatiin voodipesukomplekt osta oliivrohelise tooniga satiinist, k\u00fclastades eelneval kokkuleppel <a href=\"https:\/\/www.google.com\/maps\/place\/EcoTextile\/@59.3987458,24.8269973,17z\/data=!3m1!4b1!4m6!3m5!1s0x4692ebe13364c3df:0xaaf62acfac36e9b8!8m2!3d59.3987458!4d24.8269973!16s%2Fg%2F11y3vdl5w7?entry=ttu\" target=\"_blank\" rel=\"noopener\">EcoTextile&#8217;i showroom&#8217;i<\/a> Tallinna \u00e4\u00e4relinnas, Peetris.<\/p>\n<p><strong>Komplekti kuulub:<\/strong><\/p>\n<ul>\n<li>1tk : Tekikott 160&#215;220 cm<\/li>\n<li>1tk : Lina: 180&#215;240 cm<\/li>\n<li>2tk : Padjap\u00fc\u00fcr 50&#215;70 cm<\/li>\n<li>2tk : Padjap\u00fc\u00fcr 60\u00d780 cm<\/li>\n<li>1tk : Kraftpaberist karbis<\/li>\n<\/ul>\n","protected":false},"excerpt":{"rendered":"<p><strong><a class=\"hover-zoom\" href=\"https:\/\/ecotextile.eu\/de\/tuup\/naturprodukte\/\" target=\"_blank\" rel=\"noopener\"><img decoding=\"async\" class=\"alignnone wp-image-9964 lazyloaded\" src=\"https:\/\/ecotextile.eu\/wp-content\/uploads\/2024\/12\/ecotextile.png\" alt=\"\" width=\"50\" height=\"46\" data-src=\"https:\/\/ecotextile.eu\/wp-content\/uploads\/2024\/12\/ecotextile.png\" \/><\/a> \u00a0 \u00a0 <a class=\"hover-zoom\" href=\"https:\/\/ecotextile.eu\/de\/gift-ideas\/\" target=\"_blank\" rel=\"noopener\"><img decoding=\"async\" class=\"alignnone size-full wp-image-12379 ls-is-cached lazyloaded\" src=\"https:\/\/ecotextile.eu\/wp-content\/uploads\/2024\/06\/gift-box1.png\" alt=\"\" width=\"40\" height=\"40\" data-src=\"https:\/\/ecotextile.eu\/wp-content\/uploads\/2024\/06\/gift-box1.png\" \/><\/a>\u00a0 \u00a0 \u00a0 <a class=\"hover-zoom\" href=\"https:\/\/ecotextile.eu\/de\/tuup\/oko-produkte\/\" target=\"_blank\" rel=\"noopener\"><img decoding=\"async\" class=\"alignnone wp-image-9964 lazyloaded\" src=\"https:\/\/ecotextile.eu\/wp-content\/uploads\/2024\/06\/ecotextile-eco.png\" alt=\"\" width=\"50\" height=\"46\" data-src=\"https:\/\/ecotextile.eu\/wp-content\/uploads\/2024\/12\/ecotextile.png\" \/><\/a><\/strong><br \/>\n<strong>100% orgaaniline Egeuse puuvillasatiin.\u00a0<\/strong><\/p>\n<ul>\n<li><strong>Mudel: <\/strong>BASIC<\/li>\n<li><strong>Suurus:<\/strong> 160&#215;220 cm<\/li>\n<li><strong>Koostis:<\/strong> 100% orgaanilisest puuvillasatiin<\/li>\n<li><strong>Satiini tihedus:<\/strong> 250TS<\/li>\n<li><strong>V\u00e4rv:<\/strong> roheline<\/li>\n<li><a href=\"https:\/\/ecotextile.eu\/de\/okosertifikaadid\/\" target=\"_blank\" rel=\"noopener\"><strong>\u00d6kosertifikaadid:<\/strong><\/a><\/li>\n<\/ul>\n<p><img decoding=\"async\" class=\"alignnone wp-image-2472 lazyload\" data-src=\"https:\/\/ecotextile.eu\/wp-content\/uploads\/2024\/02\/setificat-300x52.webp\" alt=\"\" width=\"374\" height=\"65\" data-srcset=\"https:\/\/ecotextile.eu\/wp-content\/uploads\/2024\/02\/setificat-300x52.webp 300w, https:\/\/ecotextile.eu\/wp-content\/uploads\/2024\/02\/setificat-600x105.webp 600w, https:\/\/ecotextile.eu\/wp-content\/uploads\/2024\/02\/setificat.webp 652w\" data-sizes=\"(max-width: 374px) 100vw, 374px\" src=\"data:image\/gif;base64,R0lGODlhAQABAAAAACH5BAEKAAEALAAAAAABAAEAAAICTAEAOw==\" style=\"--smush-placeholder-width: 374px; --smush-placeholder-aspect-ratio: 374\/65;\" \/><\/p>\n","protected":false},"featured_media":20321,"comment_status":"closed","ping_status":"closed","template":"","meta":{"_acf_changed":false,"om_disable_all_campaigns":false,"_monsterinsights_skip_tracking":false,"_monsterinsights_sitenote_active":false,"_monsterinsights_sitenote_note":"","_monsterinsights_sitenote_category":0,"_uf_show_specific_survey":0,"_uf_disable_surveys":false},"product_brand":[],"product_cat":[562,574,590,556,559,596,581,579,578],"product_tag":[690],"class_list":{"0":"post-20316","1":"product","2":"type-product","3":"status-publish","4":"has-post-thumbnail","6":"product_cat-uncategorized-de","7":"product_cat-baumwollbettwaesche","8":"product_cat-bettwaesche-sets","9":"product_cat-geschenke-fuer-frauen","10":"product_cat-hochwertige-bettwaesche","11":"product_cat-neuheiten","12":"product_cat-rabatte","13":"product_cat-satin-bettwaesche-set","14":"product_cat-satinbettwaesche","15":"product_tag-ecocottoni-sertifikaadid-de","16":"pa_brand-ecocotton-de","17":"pa_koostis-baumwolle","18":"pa_koostis-baumwollsatin","19":"pa_pakend-geschenkverpackung","20":"pa_suurus-160220-de","21":"pa_tuup-alle-produkte","22":"pa_tuup-naturprodukte","23":"pa_tuup-oko-produkte","24":"pa_varv-grun","25":"pa_varv-weiss","26":"pa_varv-reme","28":"first","29":"instock","30":"shipping-taxable","31":"purchasable","32":"product-type-simple"},"acf":[],"yoast_head":"<!-- This site is optimized with the Yoast SEO Premium plugin v24.7 (Yoast SEO v27.2) - https:\/\/yoast.com\/product\/yoast-seo-premium-wordpress\/ -->\n<title>Bettw\u00e4sche-Set aus Satin BASIC (gr\u00fcn) | Ecotextile.EU<\/title>\n<meta name=\"description\" content=\"Naturtextilien, Kleidung &amp; Accessoires | Premiumqualit\u00e4t | Geschenkgeeignet | Schneller Versand | Lieferung in ganz Europa\" \/>\n<meta name=\"robots\" content=\"index, follow, max-snippet:-1, max-image-preview:large, max-video-preview:-1\" \/>\n<link rel=\"canonical\" href=\"https:\/\/ecotextile.eu\/de\/product\/basic-roheline\/\" \/>\n<meta property=\"og:locale\" content=\"de_DE\" \/>\n<meta property=\"og:type\" content=\"article\" \/>\n<meta property=\"og:title\" content=\"Bettw\u00e4sche-Set aus Satin BASIC (gr\u00fcn) | Ecotextile.EU\" \/>\n<meta property=\"og:description\" content=\"Naturtextilien, Kleidung &amp; Accessoires | Premiumqualit\u00e4t | Geschenkgeeignet | Schneller Versand | Lieferung in ganz Europa\" \/>\n<meta property=\"og:url\" content=\"https:\/\/ecotextile.eu\/de\/product\/basic-roheline\/\" \/>\n<meta property=\"og:site_name\" content=\"EcoTextile\" \/>\n<meta property=\"article:publisher\" content=\"https:\/\/www.facebook.com\/profile.php?id=61560592331035\" \/>\n<meta property=\"article:modified_time\" content=\"2025-08-13T07:40:26+00:00\" \/>\n<meta property=\"og:image\" content=\"https:\/\/ecotextile.eu\/wp-content\/uploads\/2024\/05\/New-Basic-Tek4.webp\" \/>\n\t<meta property=\"og:image:width\" content=\"1200\" \/>\n\t<meta property=\"og:image:height\" content=\"1800\" \/>\n\t<meta property=\"og:image:type\" content=\"image\/webp\" \/>\n<meta name=\"twitter:card\" content=\"summary_large_image\" \/>\n<meta name=\"twitter:title\" content=\"Bettw\u00e4sche-Set aus Satin BASIC (gr\u00fcn) | Ecotextile.EU\" \/>\n<meta name=\"twitter:description\" content=\"Naturtextilien, Kleidung &amp; Accessoires | Premiumqualit\u00e4t | Geschenkgeeignet | Schneller Versand | Lieferung in ganz Europa\" \/>\n<meta name=\"twitter:label1\" content=\"Gesch\u00e4tzte Lesezeit\" \/>\n\t<meta name=\"twitter:data1\" content=\"1\u00a0Minute\" \/>\n<script type=\"application\/ld+json\" class=\"yoast-schema-graph\">{\"@context\":\"https:\/\/schema.org\",\"@graph\":[{\"@type\":\"WebPage\",\"@id\":\"https:\/\/ecotextile.eu\/de\/product\/basic-roheline\/\",\"url\":\"https:\/\/ecotextile.eu\/de\/product\/basic-roheline\/\",\"name\":\"Bettw\u00e4sche-Set aus Satin BASIC (gr\u00fcn) | Ecotextile.EU\",\"isPartOf\":{\"@id\":\"https:\/\/ecotextile.eu\/de\/#website\"},\"primaryImageOfPage\":{\"@id\":\"https:\/\/ecotextile.eu\/de\/product\/basic-roheline\/#primaryimage\"},\"image\":{\"@id\":\"https:\/\/ecotextile.eu\/de\/product\/basic-roheline\/#primaryimage\"},\"thumbnailUrl\":\"https:\/\/ecotextile.eu\/wp-content\/uploads\/2024\/05\/New-Basic-Tek4.webp\",\"datePublished\":\"2024-05-12T18:13:21+00:00\",\"dateModified\":\"2025-08-13T07:40:26+00:00\",\"description\":\"Naturtextilien, Kleidung & Accessoires | Premiumqualit\u00e4t | Geschenkgeeignet | Schneller Versand | Lieferung in ganz Europa\",\"breadcrumb\":{\"@id\":\"https:\/\/ecotextile.eu\/de\/product\/basic-roheline\/#breadcrumb\"},\"inLanguage\":\"de\",\"potentialAction\":[{\"@type\":\"ReadAction\",\"target\":[\"https:\/\/ecotextile.eu\/de\/product\/basic-roheline\/\"]}]},{\"@type\":\"ImageObject\",\"inLanguage\":\"de\",\"@id\":\"https:\/\/ecotextile.eu\/de\/product\/basic-roheline\/#primaryimage\",\"url\":\"https:\/\/ecotextile.eu\/wp-content\/uploads\/2024\/05\/New-Basic-Tek4.webp\",\"contentUrl\":\"https:\/\/ecotextile.eu\/wp-content\/uploads\/2024\/05\/New-Basic-Tek4.webp\",\"width\":1200,\"height\":1800},{\"@type\":\"BreadcrumbList\",\"@id\":\"https:\/\/ecotextile.eu\/de\/product\/basic-roheline\/#breadcrumb\",\"itemListElement\":[{\"@type\":\"ListItem\",\"position\":1,\"name\":\"\u0413\u043b\u0430\u0432\u043d\u0430\u044f \u0441\u0442\u0440\u0430\u043d\u0438\u0446\u0430\",\"item\":\"https:\/\/ecotextile.eu\/de\/\"},{\"@type\":\"ListItem\",\"position\":2,\"name\":\"Shop\",\"item\":\"https:\/\/ecotextile.eu\/de\/shop\/\"},{\"@type\":\"ListItem\",\"position\":3,\"name\":\"Bettw\u00e4sche-Set aus Satin BASIC (gr\u00fcn)\"}]},{\"@type\":\"WebSite\",\"@id\":\"https:\/\/ecotextile.eu\/de\/#website\",\"url\":\"https:\/\/ecotextile.eu\/de\/\",\"name\":\"Ecotextile.EU\",\"description\":\"\",\"publisher\":{\"@id\":\"https:\/\/ecotextile.eu\/de\/#organization\"},\"alternateName\":\"Ecotextile.EU\",\"potentialAction\":[{\"@type\":\"SearchAction\",\"target\":{\"@type\":\"EntryPoint\",\"urlTemplate\":\"https:\/\/ecotextile.eu\/de\/?s={search_term_string}\"},\"query-input\":{\"@type\":\"PropertyValueSpecification\",\"valueRequired\":true,\"valueName\":\"search_term_string\"}}],\"inLanguage\":\"de\"},{\"@type\":\"Organization\",\"@id\":\"https:\/\/ecotextile.eu\/de\/#organization\",\"name\":\"ECOTEXTILE\",\"alternateName\":\"Ecotextile.EU\",\"url\":\"https:\/\/ecotextile.eu\/de\/\",\"logo\":{\"@type\":\"ImageObject\",\"inLanguage\":\"de\",\"@id\":\"https:\/\/ecotextile.eu\/de\/#\/schema\/logo\/image\/\",\"url\":\"https:\/\/ecotextile.eu\/wp-content\/uploads\/2025\/07\/ecotextile-logo2.png\",\"contentUrl\":\"https:\/\/ecotextile.eu\/wp-content\/uploads\/2025\/07\/ecotextile-logo2.png\",\"width\":512,\"height\":512,\"caption\":\"ECOTEXTILE\"},\"image\":{\"@id\":\"https:\/\/ecotextile.eu\/de\/#\/schema\/logo\/image\/\"},\"sameAs\":[\"https:\/\/www.facebook.com\/profile.php?id=61560592331035\",\"https:\/\/www.instagram.com\/ecotextile_elit\/\",\"https:\/\/www.tiktok.com\/@ecotextile.eu\",\"https:\/\/www.youtube.com\/channel\/UC6hBdz6IiDwoOP-n89o4_Rg\"],\"description\":\"Online pood EcoTextile pakub voodipesu, r\u00e4tikuid, pleede, hommikumantleid, koduriided ja riided. Tooted on valmistatud orgaanilistest kangastest: puuvill, lina, bambus, satiin ja kanep. Ecotextile'i n\u00e4idistesaal asub Peetris, seda saab k\u00fclastada eelneval kokkuleppel.\",\"email\":\"info@ecotextile.eu\",\"legalName\":\"ECOTEXTILE O\u00dc\",\"foundingDate\":\"2024-01-12\",\"numberOfEmployees\":{\"@type\":\"QuantitativeValue\",\"minValue\":\"1\",\"maxValue\":\"10\"}}]}<\/script>\n<!-- \/ Yoast SEO Premium plugin. -->","yoast_head_json":{"title":"Bettw\u00e4sche-Set aus Satin BASIC (gr\u00fcn) | Ecotextile.EU","description":"Naturtextilien, Kleidung & Accessoires | Premiumqualit\u00e4t | Geschenkgeeignet | Schneller Versand | Lieferung in ganz Europa","robots":{"index":"index","follow":"follow","max-snippet":"max-snippet:-1","max-image-preview":"max-image-preview:large","max-video-preview":"max-video-preview:-1"},"canonical":"https:\/\/ecotextile.eu\/de\/product\/basic-roheline\/","og_locale":"de_DE","og_type":"article","og_title":"Bettw\u00e4sche-Set aus Satin BASIC (gr\u00fcn) | Ecotextile.EU","og_description":"Naturtextilien, Kleidung & Accessoires | Premiumqualit\u00e4t | Geschenkgeeignet | Schneller Versand | Lieferung in ganz Europa","og_url":"https:\/\/ecotextile.eu\/de\/product\/basic-roheline\/","og_site_name":"EcoTextile","article_publisher":"https:\/\/www.facebook.com\/profile.php?id=61560592331035","article_modified_time":"2025-08-13T07:40:26+00:00","og_image":[{"width":1200,"height":1800,"url":"https:\/\/ecotextile.eu\/wp-content\/uploads\/2024\/05\/New-Basic-Tek4.webp","type":"image\/webp"}],"twitter_card":"summary_large_image","twitter_title":"Bettw\u00e4sche-Set aus Satin BASIC (gr\u00fcn) | Ecotextile.EU","twitter_description":"Naturtextilien, Kleidung & Accessoires | Premiumqualit\u00e4t | Geschenkgeeignet | Schneller Versand | Lieferung in ganz Europa","twitter_misc":{"Gesch\u00e4tzte Lesezeit":"1\u00a0Minute"},"schema":{"@context":"https:\/\/schema.org","@graph":[{"@type":"WebPage","@id":"https:\/\/ecotextile.eu\/de\/product\/basic-roheline\/","url":"https:\/\/ecotextile.eu\/de\/product\/basic-roheline\/","name":"Bettw\u00e4sche-Set aus Satin BASIC (gr\u00fcn) | Ecotextile.EU","isPartOf":{"@id":"https:\/\/ecotextile.eu\/de\/#website"},"primaryImageOfPage":{"@id":"https:\/\/ecotextile.eu\/de\/product\/basic-roheline\/#primaryimage"},"image":{"@id":"https:\/\/ecotextile.eu\/de\/product\/basic-roheline\/#primaryimage"},"thumbnailUrl":"https:\/\/ecotextile.eu\/wp-content\/uploads\/2024\/05\/New-Basic-Tek4.webp","datePublished":"2024-05-12T18:13:21+00:00","dateModified":"2025-08-13T07:40:26+00:00","description":"Naturtextilien, Kleidung & Accessoires | Premiumqualit\u00e4t | Geschenkgeeignet | Schneller Versand | Lieferung in ganz Europa","breadcrumb":{"@id":"https:\/\/ecotextile.eu\/de\/product\/basic-roheline\/#breadcrumb"},"inLanguage":"de","potentialAction":[{"@type":"ReadAction","target":["https:\/\/ecotextile.eu\/de\/product\/basic-roheline\/"]}]},{"@type":"ImageObject","inLanguage":"de","@id":"https:\/\/ecotextile.eu\/de\/product\/basic-roheline\/#primaryimage","url":"https:\/\/ecotextile.eu\/wp-content\/uploads\/2024\/05\/New-Basic-Tek4.webp","contentUrl":"https:\/\/ecotextile.eu\/wp-content\/uploads\/2024\/05\/New-Basic-Tek4.webp","width":1200,"height":1800},{"@type":"BreadcrumbList","@id":"https:\/\/ecotextile.eu\/de\/product\/basic-roheline\/#breadcrumb","itemListElement":[{"@type":"ListItem","position":1,"name":"\u0413\u043b\u0430\u0432\u043d\u0430\u044f \u0441\u0442\u0440\u0430\u043d\u0438\u0446\u0430","item":"https:\/\/ecotextile.eu\/de\/"},{"@type":"ListItem","position":2,"name":"Shop","item":"https:\/\/ecotextile.eu\/de\/shop\/"},{"@type":"ListItem","position":3,"name":"Bettw\u00e4sche-Set aus Satin BASIC (gr\u00fcn)"}]},{"@type":"WebSite","@id":"https:\/\/ecotextile.eu\/de\/#website","url":"https:\/\/ecotextile.eu\/de\/","name":"Ecotextile.EU","description":"","publisher":{"@id":"https:\/\/ecotextile.eu\/de\/#organization"},"alternateName":"Ecotextile.EU","potentialAction":[{"@type":"SearchAction","target":{"@type":"EntryPoint","urlTemplate":"https:\/\/ecotextile.eu\/de\/?s={search_term_string}"},"query-input":{"@type":"PropertyValueSpecification","valueRequired":true,"valueName":"search_term_string"}}],"inLanguage":"de"},{"@type":"Organization","@id":"https:\/\/ecotextile.eu\/de\/#organization","name":"ECOTEXTILE","alternateName":"Ecotextile.EU","url":"https:\/\/ecotextile.eu\/de\/","logo":{"@type":"ImageObject","inLanguage":"de","@id":"https:\/\/ecotextile.eu\/de\/#\/schema\/logo\/image\/","url":"https:\/\/ecotextile.eu\/wp-content\/uploads\/2025\/07\/ecotextile-logo2.png","contentUrl":"https:\/\/ecotextile.eu\/wp-content\/uploads\/2025\/07\/ecotextile-logo2.png","width":512,"height":512,"caption":"ECOTEXTILE"},"image":{"@id":"https:\/\/ecotextile.eu\/de\/#\/schema\/logo\/image\/"},"sameAs":["https:\/\/www.facebook.com\/profile.php?id=61560592331035","https:\/\/www.instagram.com\/ecotextile_elit\/","https:\/\/www.tiktok.com\/@ecotextile.eu","https:\/\/www.youtube.com\/channel\/UC6hBdz6IiDwoOP-n89o4_Rg"],"description":"Online pood EcoTextile pakub voodipesu, r\u00e4tikuid, pleede, hommikumantleid, koduriided ja riided. Tooted on valmistatud orgaanilistest kangastest: puuvill, lina, bambus, satiin ja kanep. Ecotextile'i n\u00e4idistesaal asub Peetris, seda saab k\u00fclastada eelneval kokkuleppel.","email":"info@ecotextile.eu","legalName":"ECOTEXTILE O\u00dc","foundingDate":"2024-01-12","numberOfEmployees":{"@type":"QuantitativeValue","minValue":"1","maxValue":"10"}}]}},"_links":{"self":[{"href":"https:\/\/ecotextile.eu\/de\/wp-json\/wp\/v2\/product\/20316","targetHints":{"allow":["GET"]}}],"collection":[{"href":"https:\/\/ecotextile.eu\/de\/wp-json\/wp\/v2\/product"}],"about":[{"href":"https:\/\/ecotextile.eu\/de\/wp-json\/wp\/v2\/types\/product"}],"replies":[{"embeddable":true,"href":"https:\/\/ecotextile.eu\/de\/wp-json\/wp\/v2\/comments?post=20316"}],"version-history":[{"count":2,"href":"https:\/\/ecotextile.eu\/de\/wp-json\/wp\/v2\/product\/20316\/revisions"}],"predecessor-version":[{"id":21222,"href":"https:\/\/ecotextile.eu\/de\/wp-json\/wp\/v2\/product\/20316\/revisions\/21222"}],"wp:featuredmedia":[{"embeddable":true,"href":"https:\/\/ecotextile.eu\/de\/wp-json\/wp\/v2\/media\/20321"}],"wp:attachment":[{"href":"https:\/\/ecotextile.eu\/de\/wp-json\/wp\/v2\/media?parent=20316"}],"wp:term":[{"taxonomy":"product_brand","embeddable":true,"href":"https:\/\/ecotextile.eu\/de\/wp-json\/wp\/v2\/product_brand?post=20316"},{"taxonomy":"product_cat","embeddable":true,"href":"https:\/\/ecotextile.eu\/de\/wp-json\/wp\/v2\/product_cat?post=20316"},{"taxonomy":"product_tag","embeddable":true,"href":"https:\/\/ecotextile.eu\/de\/wp-json\/wp\/v2\/product_tag?post=20316"}],"curies":[{"name":"wp","href":"https:\/\/api.w.org\/{rel}","templated":true}]}}