{"id":19960,"date":"2024-06-04T22:40:18","date_gmt":"2024-06-04T19:40:18","guid":{"rendered":"https:\/\/ecotextile.eu\/product\/voodilina-battal-antratsiit\/"},"modified":"2025-08-12T16:27:17","modified_gmt":"2025-08-12T13:27:17","slug":"voodilina-battal-antratsiit","status":"publish","type":"product","link":"https:\/\/ecotextile.eu\/de\/product\/voodilina-battal-antratsiit\/","title":{"rendered":"Spannbettlaken BATTAL (anthrazit, 180 cm)"},"content":{"rendered":"<p>BATTAL voodilina on valmistatud 100% orgaanilisest puuvillasatiinist, kasvatatud ilma keemilisi v\u00e4etisi ja pestitsiide kasutamata, mida kinnitavad sertifikaadid.<\/p>\n<p><img decoding=\"async\" class=\"alignnone wp-image-2472 lazyload\" data-src=\"https:\/\/ecotextile.eu\/wp-content\/uploads\/2024\/02\/setificat-300x52.webp\" alt=\"\" width=\"490\" height=\"85\" data-srcset=\"https:\/\/ecotextile.eu\/wp-content\/uploads\/2024\/02\/setificat-300x52.webp 300w, https:\/\/ecotextile.eu\/wp-content\/uploads\/2024\/02\/setificat-600x105.webp 600w, https:\/\/ecotextile.eu\/wp-content\/uploads\/2024\/02\/setificat.webp 652w\" data-sizes=\"(max-width: 490px) 100vw, 490px\" src=\"data:image\/gif;base64,R0lGODlhAQABAAAAACH5BAEKAAEALAAAAAABAAEAAAICTAEAOw==\" style=\"--smush-placeholder-width: 490px; --smush-placeholder-aspect-ratio: 490\/85;\" \/><\/p>\n","protected":false},"excerpt":{"rendered":"<p><strong>100% orgaaniline Egeuse puuvill (satiin).\u00a0<\/strong><\/p>\n<ul>\n<li><strong>Suurus:<\/strong> 180&#215;200 cm<\/li>\n<li><strong>Koostis:<\/strong> 100% \u00f6kopuuvill, satiin<\/li>\n<li><strong>V\u00e4rv:<\/strong> antratsiit<\/li>\n<\/ul>\n","protected":false},"featured_media":19961,"comment_status":"closed","ping_status":"closed","template":"","meta":{"_acf_changed":false,"om_disable_all_campaigns":false,"_monsterinsights_skip_tracking":false,"_monsterinsights_sitenote_active":false,"_monsterinsights_sitenote_note":"","_monsterinsights_sitenote_category":0,"_uf_show_specific_survey":0,"_uf_disable_surveys":false},"product_brand":[],"product_cat":[562,574,585,588,555,559,596,578,736],"product_tag":[],"class_list":{"0":"post-19960","1":"product","2":"type-product","3":"status-publish","4":"has-post-thumbnail","6":"product_cat-uncategorized-de","7":"product_cat-baumwollbettwaesche","8":"product_cat-bettlaken","9":"product_cat-geschenke","10":"product_cat-geschenke-fuer-maenner","11":"product_cat-hochwertige-bettwaesche","12":"product_cat-neuheiten","13":"product_cat-satinbettwaesche","14":"product_cat-spannbettlaken","15":"pa_brand-ecocotton-de","16":"pa_koostis-baumwolle","17":"pa_koostis-baumwollsatin","18":"pa_suurus-180200-de","19":"pa_tuup-alle-produkte","20":"pa_tuup-naturprodukte","21":"pa_tuup-oko-produkte","22":"pa_varv-anthrazit","23":"pa_varv-grau","25":"first","26":"instock","27":"shipping-taxable","28":"purchasable","29":"product-type-simple"},"acf":[],"yoast_head":"<!-- This site is optimized with the Yoast SEO Premium plugin v24.7 (Yoast SEO v27.2) - https:\/\/yoast.com\/product\/yoast-seo-premium-wordpress\/ -->\n<title>Spannbettlaken BATTAL (anthrazit, 180 cm) | Ecotextile.EU<\/title>\n<meta name=\"description\" content=\"Naturtextilien, Kleidung &amp; Accessoires | Premiumqualit\u00e4t | Geschenkgeeignet | Schneller Versand | Lieferung in ganz Europa\" \/>\n<meta name=\"robots\" content=\"index, follow, max-snippet:-1, max-image-preview:large, max-video-preview:-1\" \/>\n<link rel=\"canonical\" href=\"https:\/\/ecotextile.eu\/de\/product\/voodilina-battal-antratsiit\/\" \/>\n<meta property=\"og:locale\" content=\"de_DE\" \/>\n<meta property=\"og:type\" content=\"article\" \/>\n<meta property=\"og:title\" content=\"Spannbettlaken BATTAL (anthrazit, 180 cm) | Ecotextile.EU\" \/>\n<meta property=\"og:description\" content=\"Naturtextilien, Kleidung &amp; Accessoires | Premiumqualit\u00e4t | Geschenkgeeignet | Schneller Versand | Lieferung in ganz Europa\" \/>\n<meta property=\"og:url\" content=\"https:\/\/ecotextile.eu\/de\/product\/voodilina-battal-antratsiit\/\" \/>\n<meta property=\"og:site_name\" content=\"EcoTextile\" \/>\n<meta property=\"article:publisher\" content=\"https:\/\/www.facebook.com\/profile.php?id=61560592331035\" \/>\n<meta property=\"article:modified_time\" content=\"2025-08-12T13:27:17+00:00\" \/>\n<meta property=\"og:image\" content=\"https:\/\/ecotextile.eu\/wp-content\/uploads\/2024\/06\/CIFT12.webp\" \/>\n\t<meta property=\"og:image:width\" content=\"1200\" \/>\n\t<meta property=\"og:image:height\" content=\"1800\" \/>\n\t<meta property=\"og:image:type\" content=\"image\/webp\" \/>\n<meta name=\"twitter:card\" content=\"summary_large_image\" \/>\n<meta name=\"twitter:title\" content=\"Spannbettlaken BATTAL (anthrazit, 180 cm) | Ecotextile.EU\" \/>\n<meta name=\"twitter:description\" content=\"Naturtextilien, Kleidung &amp; Accessoires | Premiumqualit\u00e4t | Geschenkgeeignet | Schneller Versand | Lieferung in ganz Europa\" \/>\n<meta name=\"twitter:label1\" content=\"Gesch\u00e4tzte Lesezeit\" \/>\n\t<meta name=\"twitter:data1\" content=\"1\u00a0Minute\" \/>\n<script type=\"application\/ld+json\" class=\"yoast-schema-graph\">{\"@context\":\"https:\/\/schema.org\",\"@graph\":[{\"@type\":\"WebPage\",\"@id\":\"https:\/\/ecotextile.eu\/de\/product\/voodilina-battal-antratsiit\/\",\"url\":\"https:\/\/ecotextile.eu\/de\/product\/voodilina-battal-antratsiit\/\",\"name\":\"Spannbettlaken BATTAL (anthrazit, 180 cm) | Ecotextile.EU\",\"isPartOf\":{\"@id\":\"https:\/\/ecotextile.eu\/de\/#website\"},\"primaryImageOfPage\":{\"@id\":\"https:\/\/ecotextile.eu\/de\/product\/voodilina-battal-antratsiit\/#primaryimage\"},\"image\":{\"@id\":\"https:\/\/ecotextile.eu\/de\/product\/voodilina-battal-antratsiit\/#primaryimage\"},\"thumbnailUrl\":\"https:\/\/ecotextile.eu\/wp-content\/uploads\/2024\/06\/CIFT12.webp\",\"datePublished\":\"2024-06-04T19:40:18+00:00\",\"dateModified\":\"2025-08-12T13:27:17+00:00\",\"description\":\"Naturtextilien, Kleidung & Accessoires | Premiumqualit\u00e4t | Geschenkgeeignet | Schneller Versand | Lieferung in ganz Europa\",\"breadcrumb\":{\"@id\":\"https:\/\/ecotextile.eu\/de\/product\/voodilina-battal-antratsiit\/#breadcrumb\"},\"inLanguage\":\"de\",\"potentialAction\":[{\"@type\":\"ReadAction\",\"target\":[\"https:\/\/ecotextile.eu\/de\/product\/voodilina-battal-antratsiit\/\"]}]},{\"@type\":\"ImageObject\",\"inLanguage\":\"de\",\"@id\":\"https:\/\/ecotextile.eu\/de\/product\/voodilina-battal-antratsiit\/#primaryimage\",\"url\":\"https:\/\/ecotextile.eu\/wp-content\/uploads\/2024\/06\/CIFT12.webp\",\"contentUrl\":\"https:\/\/ecotextile.eu\/wp-content\/uploads\/2024\/06\/CIFT12.webp\",\"width\":1200,\"height\":1800},{\"@type\":\"BreadcrumbList\",\"@id\":\"https:\/\/ecotextile.eu\/de\/product\/voodilina-battal-antratsiit\/#breadcrumb\",\"itemListElement\":[{\"@type\":\"ListItem\",\"position\":1,\"name\":\"\u0413\u043b\u0430\u0432\u043d\u0430\u044f \u0441\u0442\u0440\u0430\u043d\u0438\u0446\u0430\",\"item\":\"https:\/\/ecotextile.eu\/de\/\"},{\"@type\":\"ListItem\",\"position\":2,\"name\":\"Shop\",\"item\":\"https:\/\/ecotextile.eu\/de\/shop\/\"},{\"@type\":\"ListItem\",\"position\":3,\"name\":\"Spannbettlaken BATTAL (anthrazit, 180 cm)\"}]},{\"@type\":\"WebSite\",\"@id\":\"https:\/\/ecotextile.eu\/de\/#website\",\"url\":\"https:\/\/ecotextile.eu\/de\/\",\"name\":\"Ecotextile.EU\",\"description\":\"\",\"publisher\":{\"@id\":\"https:\/\/ecotextile.eu\/de\/#organization\"},\"alternateName\":\"Ecotextile.EU\",\"potentialAction\":[{\"@type\":\"SearchAction\",\"target\":{\"@type\":\"EntryPoint\",\"urlTemplate\":\"https:\/\/ecotextile.eu\/de\/?s={search_term_string}\"},\"query-input\":{\"@type\":\"PropertyValueSpecification\",\"valueRequired\":true,\"valueName\":\"search_term_string\"}}],\"inLanguage\":\"de\"},{\"@type\":\"Organization\",\"@id\":\"https:\/\/ecotextile.eu\/de\/#organization\",\"name\":\"ECOTEXTILE\",\"alternateName\":\"Ecotextile.EU\",\"url\":\"https:\/\/ecotextile.eu\/de\/\",\"logo\":{\"@type\":\"ImageObject\",\"inLanguage\":\"de\",\"@id\":\"https:\/\/ecotextile.eu\/de\/#\/schema\/logo\/image\/\",\"url\":\"https:\/\/ecotextile.eu\/wp-content\/uploads\/2025\/07\/ecotextile-logo2.png\",\"contentUrl\":\"https:\/\/ecotextile.eu\/wp-content\/uploads\/2025\/07\/ecotextile-logo2.png\",\"width\":512,\"height\":512,\"caption\":\"ECOTEXTILE\"},\"image\":{\"@id\":\"https:\/\/ecotextile.eu\/de\/#\/schema\/logo\/image\/\"},\"sameAs\":[\"https:\/\/www.facebook.com\/profile.php?id=61560592331035\",\"https:\/\/www.instagram.com\/ecotextile_elit\/\",\"https:\/\/www.tiktok.com\/@ecotextile.eu\",\"https:\/\/www.youtube.com\/channel\/UC6hBdz6IiDwoOP-n89o4_Rg\"],\"description\":\"Online pood EcoTextile pakub voodipesu, r\u00e4tikuid, pleede, hommikumantleid, koduriided ja riided. Tooted on valmistatud orgaanilistest kangastest: puuvill, lina, bambus, satiin ja kanep. Ecotextile'i n\u00e4idistesaal asub Peetris, seda saab k\u00fclastada eelneval kokkuleppel.\",\"email\":\"info@ecotextile.eu\",\"legalName\":\"ECOTEXTILE O\u00dc\",\"foundingDate\":\"2024-01-12\",\"numberOfEmployees\":{\"@type\":\"QuantitativeValue\",\"minValue\":\"1\",\"maxValue\":\"10\"}}]}<\/script>\n<!-- \/ Yoast SEO Premium plugin. -->","yoast_head_json":{"title":"Spannbettlaken BATTAL (anthrazit, 180 cm) | Ecotextile.EU","description":"Naturtextilien, Kleidung & Accessoires | Premiumqualit\u00e4t | Geschenkgeeignet | Schneller Versand | Lieferung in ganz Europa","robots":{"index":"index","follow":"follow","max-snippet":"max-snippet:-1","max-image-preview":"max-image-preview:large","max-video-preview":"max-video-preview:-1"},"canonical":"https:\/\/ecotextile.eu\/de\/product\/voodilina-battal-antratsiit\/","og_locale":"de_DE","og_type":"article","og_title":"Spannbettlaken BATTAL (anthrazit, 180 cm) | Ecotextile.EU","og_description":"Naturtextilien, Kleidung & Accessoires | Premiumqualit\u00e4t | Geschenkgeeignet | Schneller Versand | Lieferung in ganz Europa","og_url":"https:\/\/ecotextile.eu\/de\/product\/voodilina-battal-antratsiit\/","og_site_name":"EcoTextile","article_publisher":"https:\/\/www.facebook.com\/profile.php?id=61560592331035","article_modified_time":"2025-08-12T13:27:17+00:00","og_image":[{"width":1200,"height":1800,"url":"https:\/\/ecotextile.eu\/wp-content\/uploads\/2024\/06\/CIFT12.webp","type":"image\/webp"}],"twitter_card":"summary_large_image","twitter_title":"Spannbettlaken BATTAL (anthrazit, 180 cm) | Ecotextile.EU","twitter_description":"Naturtextilien, Kleidung & Accessoires | Premiumqualit\u00e4t | Geschenkgeeignet | Schneller Versand | Lieferung in ganz Europa","twitter_misc":{"Gesch\u00e4tzte Lesezeit":"1\u00a0Minute"},"schema":{"@context":"https:\/\/schema.org","@graph":[{"@type":"WebPage","@id":"https:\/\/ecotextile.eu\/de\/product\/voodilina-battal-antratsiit\/","url":"https:\/\/ecotextile.eu\/de\/product\/voodilina-battal-antratsiit\/","name":"Spannbettlaken BATTAL (anthrazit, 180 cm) | Ecotextile.EU","isPartOf":{"@id":"https:\/\/ecotextile.eu\/de\/#website"},"primaryImageOfPage":{"@id":"https:\/\/ecotextile.eu\/de\/product\/voodilina-battal-antratsiit\/#primaryimage"},"image":{"@id":"https:\/\/ecotextile.eu\/de\/product\/voodilina-battal-antratsiit\/#primaryimage"},"thumbnailUrl":"https:\/\/ecotextile.eu\/wp-content\/uploads\/2024\/06\/CIFT12.webp","datePublished":"2024-06-04T19:40:18+00:00","dateModified":"2025-08-12T13:27:17+00:00","description":"Naturtextilien, Kleidung & Accessoires | Premiumqualit\u00e4t | Geschenkgeeignet | Schneller Versand | Lieferung in ganz Europa","breadcrumb":{"@id":"https:\/\/ecotextile.eu\/de\/product\/voodilina-battal-antratsiit\/#breadcrumb"},"inLanguage":"de","potentialAction":[{"@type":"ReadAction","target":["https:\/\/ecotextile.eu\/de\/product\/voodilina-battal-antratsiit\/"]}]},{"@type":"ImageObject","inLanguage":"de","@id":"https:\/\/ecotextile.eu\/de\/product\/voodilina-battal-antratsiit\/#primaryimage","url":"https:\/\/ecotextile.eu\/wp-content\/uploads\/2024\/06\/CIFT12.webp","contentUrl":"https:\/\/ecotextile.eu\/wp-content\/uploads\/2024\/06\/CIFT12.webp","width":1200,"height":1800},{"@type":"BreadcrumbList","@id":"https:\/\/ecotextile.eu\/de\/product\/voodilina-battal-antratsiit\/#breadcrumb","itemListElement":[{"@type":"ListItem","position":1,"name":"\u0413\u043b\u0430\u0432\u043d\u0430\u044f \u0441\u0442\u0440\u0430\u043d\u0438\u0446\u0430","item":"https:\/\/ecotextile.eu\/de\/"},{"@type":"ListItem","position":2,"name":"Shop","item":"https:\/\/ecotextile.eu\/de\/shop\/"},{"@type":"ListItem","position":3,"name":"Spannbettlaken BATTAL (anthrazit, 180 cm)"}]},{"@type":"WebSite","@id":"https:\/\/ecotextile.eu\/de\/#website","url":"https:\/\/ecotextile.eu\/de\/","name":"Ecotextile.EU","description":"","publisher":{"@id":"https:\/\/ecotextile.eu\/de\/#organization"},"alternateName":"Ecotextile.EU","potentialAction":[{"@type":"SearchAction","target":{"@type":"EntryPoint","urlTemplate":"https:\/\/ecotextile.eu\/de\/?s={search_term_string}"},"query-input":{"@type":"PropertyValueSpecification","valueRequired":true,"valueName":"search_term_string"}}],"inLanguage":"de"},{"@type":"Organization","@id":"https:\/\/ecotextile.eu\/de\/#organization","name":"ECOTEXTILE","alternateName":"Ecotextile.EU","url":"https:\/\/ecotextile.eu\/de\/","logo":{"@type":"ImageObject","inLanguage":"de","@id":"https:\/\/ecotextile.eu\/de\/#\/schema\/logo\/image\/","url":"https:\/\/ecotextile.eu\/wp-content\/uploads\/2025\/07\/ecotextile-logo2.png","contentUrl":"https:\/\/ecotextile.eu\/wp-content\/uploads\/2025\/07\/ecotextile-logo2.png","width":512,"height":512,"caption":"ECOTEXTILE"},"image":{"@id":"https:\/\/ecotextile.eu\/de\/#\/schema\/logo\/image\/"},"sameAs":["https:\/\/www.facebook.com\/profile.php?id=61560592331035","https:\/\/www.instagram.com\/ecotextile_elit\/","https:\/\/www.tiktok.com\/@ecotextile.eu","https:\/\/www.youtube.com\/channel\/UC6hBdz6IiDwoOP-n89o4_Rg"],"description":"Online pood EcoTextile pakub voodipesu, r\u00e4tikuid, pleede, hommikumantleid, koduriided ja riided. Tooted on valmistatud orgaanilistest kangastest: puuvill, lina, bambus, satiin ja kanep. Ecotextile'i n\u00e4idistesaal asub Peetris, seda saab k\u00fclastada eelneval kokkuleppel.","email":"info@ecotextile.eu","legalName":"ECOTEXTILE O\u00dc","foundingDate":"2024-01-12","numberOfEmployees":{"@type":"QuantitativeValue","minValue":"1","maxValue":"10"}}]}},"_links":{"self":[{"href":"https:\/\/ecotextile.eu\/de\/wp-json\/wp\/v2\/product\/19960","targetHints":{"allow":["GET"]}}],"collection":[{"href":"https:\/\/ecotextile.eu\/de\/wp-json\/wp\/v2\/product"}],"about":[{"href":"https:\/\/ecotextile.eu\/de\/wp-json\/wp\/v2\/types\/product"}],"replies":[{"embeddable":true,"href":"https:\/\/ecotextile.eu\/de\/wp-json\/wp\/v2\/comments?post=19960"}],"version-history":[{"count":1,"href":"https:\/\/ecotextile.eu\/de\/wp-json\/wp\/v2\/product\/19960\/revisions"}],"predecessor-version":[{"id":21172,"href":"https:\/\/ecotextile.eu\/de\/wp-json\/wp\/v2\/product\/19960\/revisions\/21172"}],"wp:featuredmedia":[{"embeddable":true,"href":"https:\/\/ecotextile.eu\/de\/wp-json\/wp\/v2\/media\/19961"}],"wp:attachment":[{"href":"https:\/\/ecotextile.eu\/de\/wp-json\/wp\/v2\/media?parent=19960"}],"wp:term":[{"taxonomy":"product_brand","embeddable":true,"href":"https:\/\/ecotextile.eu\/de\/wp-json\/wp\/v2\/product_brand?post=19960"},{"taxonomy":"product_cat","embeddable":true,"href":"https:\/\/ecotextile.eu\/de\/wp-json\/wp\/v2\/product_cat?post=19960"},{"taxonomy":"product_tag","embeddable":true,"href":"https:\/\/ecotextile.eu\/de\/wp-json\/wp\/v2\/product_tag?post=19960"}],"curies":[{"name":"wp","href":"https:\/\/api.w.org\/{rel}","templated":true}]}}