{"id":19939,"date":"2024-06-11T22:11:43","date_gmt":"2024-06-11T19:11:43","guid":{"rendered":"https:\/\/ecotextile.eu\/product\/cozy-naturaalne-ohuvarskendaja\/"},"modified":"2025-08-12T16:19:23","modified_gmt":"2025-08-12T13:19:23","slug":"cozy-naturaalne-ohuvarskendaja","status":"publish","type":"product","link":"https:\/\/ecotextile.eu\/de\/product\/cozy-naturaalne-ohuvarskendaja\/","title":{"rendered":"Nat\u00fcrliches Duft-Sachet COZY"},"content":{"rendered":"<p><strong>EcoTextile<\/strong> esitleb ohutut \u00f5huv\u00e4rskendajat teie kodu jaoks \u2013 <strong>looduslikku l\u00f5hnakotti COZY<\/strong>. See ei sisalda kahjulikke kemikaale, seega v\u00f5ite olla kindel selle ohutuses tervisele.<\/p>\n<p>Looduslik l\u00f5hnakott eeterlike \u00f5lidega ECOCOTTONilt on ideaalne lahendus meeldiva atmosf\u00e4\u00e4ri hoidmiseks garderoobis. See l\u00f5hnastab suurep\u00e4raselt <a href=\"https:\/\/ecotextile.eu\/de\/product-category\/hochwertige-bettwaesche\/\" target=\"_blank\" rel=\"noopener\">linasest, satiinist ja musliinist voodipesu<\/a> kapis.<\/p>\n<p>Sobib kasutamiseks v\u00e4ikestes ruumides:<\/p>\n<ul>\n<li>garderoobis<\/li>\n<li>vannitoas<\/li>\n<li>kapis<\/li>\n<li>kummutisahtlis v\u00f5i hooajalise r\u00f5ivaste hoiukastis.<\/li>\n<\/ul>\n<p>T\u00e4nu looduslikule koostisele on tahke l\u00f5hnakott COZY:<\/p>\n<ul>\n<li>t\u00f5hus ebameeldivate l\u00f5hnade eemaldamisel<\/li>\n<li>ei p\u00f5hjusta allergiat<\/li>\n<li>j\u00e4tab endast maha \u00f5rna looduslike eeterlike \u00f5lide aroomi<\/li>\n<li>loob teie kodus v\u00e4rskuse ja puhtuse tunde<\/li>\n<\/ul>\n<p>Aroom tugevneb temperatuuri ja niiskuse muutumisel, muutes \u00f5hu veelgi meeldivamaks.<\/p>\n<p><strong>Toode on pakitud \u00fcmbert\u00f6\u00f6deldud papist karpi ja on saadaval ostmiseks <a href=\"https:\/\/www.google.com\/maps\/place\/EcoTextile\/@59.3987458,24.8269973,17z\/data=!4m6!3m5!1s0x4692ebe13364c3df:0xaaf62acfac36e9b8!8m2!3d59.3987458!4d24.8269973!16s%2Fg%2F11y3vdl5w7?entry=ttu\" target=\"_blank\" rel=\"noopener\">EcoTextile\u2019i showroom&#8217;is<\/a>.<\/strong><\/p>\n","protected":false},"excerpt":{"rendered":"<div class=\"woocommerce-product-details__short-description\">\n<strong><a class=\"hover-zoom\" href=\"https:\/\/ecotextile.eu\/de\/tuup\/naturprodukte\/\" target=\"_blank\" rel=\"noopener\"><img decoding=\"async\" class=\"alignnone wp-image-9964 lazyloaded\" src=\"https:\/\/ecotextile.eu\/wp-content\/uploads\/2024\/12\/ecotextile.png\" alt=\"\" width=\"50\" height=\"46\" data-src=\"https:\/\/ecotextile.eu\/wp-content\/uploads\/2024\/12\/ecotextile.png\" \/><\/a> \u00a0 \u00a0 <a class=\"hover-zoom\" href=\"https:\/\/ecotextile.eu\/de\/gift-ideas\/\" target=\"_blank\" rel=\"noopener\"><img decoding=\"async\" class=\"alignnone size-full wp-image-12379 ls-is-cached lazyloaded\" src=\"https:\/\/ecotextile.eu\/wp-content\/uploads\/2024\/06\/gift-box1.png\" alt=\"\" width=\"40\" height=\"40\" data-src=\"https:\/\/ecotextile.eu\/wp-content\/uploads\/2024\/06\/gift-box1.png\" \/><\/a>\u00a0 \u00a0 \u00a0 <a class=\"hover-zoom\" href=\"https:\/\/ecotextile.eu\/de\/tuup\/oko-produkte\/\" target=\"_blank\" rel=\"noopener\"><img decoding=\"async\" class=\"alignnone wp-image-9964 lazyloaded\" src=\"https:\/\/ecotextile.eu\/wp-content\/uploads\/2024\/06\/ecotextile-eco.png\" alt=\"\" width=\"50\" height=\"46\" data-src=\"https:\/\/ecotextile.eu\/wp-content\/uploads\/2024\/12\/ecotextile.png\" \/><\/a><\/strong><\/p>\n<ul>\n<li><strong>Suurus:<\/strong> 10\u00d77 cm<\/li>\n<li><strong>Koostis:<\/strong>\u00a0puuvillaseemne\u00f5li, pulber<\/li>\n<li><strong>Aroom: <\/strong>k\u00fcpress, apelsini\u00f5is, puuvilla\u00f5li<\/li>\n<li><a href=\"https:\/\/ecotextile.eu\/de\/delivery-and-payment\/\" target=\"_blank\" rel=\"noopener\"><strong>Tarne:<\/strong><\/a>\u00a0tasuta alates 30\u20ac* (<a href=\"https:\/\/ecotextile.eu\/de\/delivery-and-payment\/\" target=\"_blank\" rel=\"noopener\">Vaadake oma piirkonna jaoks<\/a>)<\/li>\n<li><a href=\"https:\/\/ecotextile.eu\/de\/okosertifikaadid\/\" target=\"_blank\" rel=\"noopener\"><strong>\u00d6kosertifikaadid:<\/strong><\/a><\/li>\n<\/ul>\n<p><img loading=\"lazy\" decoding=\"async\" class=\"alignnone wp-image-2472\" src=\"https:\/\/ecotextile.eu\/wp-content\/uploads\/2024\/02\/setificat-300x52.webp\" alt=\"\" width=\"374\" height=\"65\" srcset=\"https:\/\/ecotextile.eu\/wp-content\/uploads\/2024\/02\/setificat-300x52.webp 300w, https:\/\/ecotextile.eu\/wp-content\/uploads\/2024\/02\/setificat-600x105.webp 600w, https:\/\/ecotextile.eu\/wp-content\/uploads\/2024\/02\/setificat.webp 652w\" sizes=\"(max-width: 374px) 100vw, 374px\" \/><\/p>\n<ul>\n<li style=\"list-style-type: none;\"><\/li>\n<\/ul>\n<\/div>\n","protected":false},"featured_media":19940,"comment_status":"closed","ping_status":"closed","template":"","meta":{"_acf_changed":false},"product_brand":[],"product_cat":[548,562,596,595],"product_tag":[],"class_list":{"0":"post-19939","1":"product","2":"type-product","3":"status-publish","4":"has-post-thumbnail","6":"product_cat-accessoires","7":"product_cat-uncategorized-de","8":"product_cat-neuheiten","9":"product_cat-wohnaccessoires","10":"pa_brand-ecocotton-de","11":"pa_pakend-geschenkverpackung","12":"pa_tuup-alle-produkte","13":"pa_tuup-naturprodukte","14":"pa_tuup-oko-produkte","16":"first","17":"outofstock","18":"shipping-taxable","19":"purchasable","20":"product-type-simple"},"acf":[],"yoast_head":"<!-- This site is optimized with the Yoast SEO Premium plugin v24.7 (Yoast SEO v27.2) - https:\/\/yoast.com\/product\/yoast-seo-premium-wordpress\/ -->\n<title>Nat\u00fcrliches Duft-Sachet COZY | Ecotextile.EU<\/title>\n<meta name=\"description\" content=\"Nat\u00fcrliches Duft-Sachet COZY. Effektiv zur Beduftung von R\u00e4umen und Schr\u00e4nken. Erh\u00e4ltlich in angenehmen D\u00fcften. Bestellen Sie noch heute bei EcoTextile!\" \/>\n<meta name=\"robots\" content=\"index, follow, max-snippet:-1, max-image-preview:large, max-video-preview:-1\" \/>\n<link rel=\"canonical\" href=\"https:\/\/ecotextile.eu\/de\/product\/cozy-naturaalne-ohuvarskendaja\/\" \/>\n<meta property=\"og:locale\" content=\"de_DE\" \/>\n<meta property=\"og:type\" content=\"article\" \/>\n<meta property=\"og:title\" content=\"Nat\u00fcrliches Duft-Sachet COZY | Ecotextile.EU\" \/>\n<meta property=\"og:description\" content=\"Nat\u00fcrliches Duft-Sachet COZY. Effektiv zur Beduftung von R\u00e4umen und Schr\u00e4nken. Erh\u00e4ltlich in angenehmen D\u00fcften. Bestellen Sie noch heute bei EcoTextile!\" \/>\n<meta property=\"og:url\" content=\"https:\/\/ecotextile.eu\/de\/product\/cozy-naturaalne-ohuvarskendaja\/\" \/>\n<meta property=\"og:site_name\" content=\"EcoTextile\" \/>\n<meta property=\"article:publisher\" content=\"https:\/\/www.facebook.com\/profile.php?id=61560592331035\" \/>\n<meta property=\"article:modified_time\" content=\"2025-08-12T13:19:23+00:00\" \/>\n<meta property=\"og:image\" content=\"https:\/\/ecotextile.eu\/wp-content\/uploads\/2024\/06\/cozy-1.webp\" \/>\n\t<meta property=\"og:image:width\" content=\"1200\" \/>\n\t<meta property=\"og:image:height\" content=\"1800\" \/>\n\t<meta property=\"og:image:type\" content=\"image\/webp\" \/>\n<meta name=\"twitter:card\" content=\"summary_large_image\" \/>\n<meta name=\"twitter:title\" content=\"Nat\u00fcrliches Duft-Sachet COZY | Ecotextile.EU\" \/>\n<meta name=\"twitter:description\" content=\"Nat\u00fcrliches Duft-Sachet COZY. Effektiv zur Beduftung von R\u00e4umen und Schr\u00e4nken. Erh\u00e4ltlich in angenehmen D\u00fcften. Bestellen Sie noch heute bei EcoTextile!\" \/>\n<meta name=\"twitter:label1\" content=\"Gesch\u00e4tzte Lesezeit\" \/>\n\t<meta name=\"twitter:data1\" content=\"1\u00a0Minute\" \/>\n<script type=\"application\/ld+json\" class=\"yoast-schema-graph\">{\"@context\":\"https:\/\/schema.org\",\"@graph\":[{\"@type\":\"WebPage\",\"@id\":\"https:\/\/ecotextile.eu\/de\/product\/cozy-naturaalne-ohuvarskendaja\/\",\"url\":\"https:\/\/ecotextile.eu\/de\/product\/cozy-naturaalne-ohuvarskendaja\/\",\"name\":\"Nat\u00fcrliches Duft-Sachet COZY | Ecotextile.EU\",\"isPartOf\":{\"@id\":\"https:\/\/ecotextile.eu\/de\/#website\"},\"primaryImageOfPage\":{\"@id\":\"https:\/\/ecotextile.eu\/de\/product\/cozy-naturaalne-ohuvarskendaja\/#primaryimage\"},\"image\":{\"@id\":\"https:\/\/ecotextile.eu\/de\/product\/cozy-naturaalne-ohuvarskendaja\/#primaryimage\"},\"thumbnailUrl\":\"https:\/\/ecotextile.eu\/wp-content\/uploads\/2024\/06\/cozy-1.webp\",\"datePublished\":\"2024-06-11T19:11:43+00:00\",\"dateModified\":\"2025-08-12T13:19:23+00:00\",\"description\":\"Nat\u00fcrliches Duft-Sachet COZY. Effektiv zur Beduftung von R\u00e4umen und Schr\u00e4nken. Erh\u00e4ltlich in angenehmen D\u00fcften. Bestellen Sie noch heute bei EcoTextile!\",\"breadcrumb\":{\"@id\":\"https:\/\/ecotextile.eu\/de\/product\/cozy-naturaalne-ohuvarskendaja\/#breadcrumb\"},\"inLanguage\":\"de\",\"potentialAction\":[{\"@type\":\"ReadAction\",\"target\":[\"https:\/\/ecotextile.eu\/de\/product\/cozy-naturaalne-ohuvarskendaja\/\"]}]},{\"@type\":\"ImageObject\",\"inLanguage\":\"de\",\"@id\":\"https:\/\/ecotextile.eu\/de\/product\/cozy-naturaalne-ohuvarskendaja\/#primaryimage\",\"url\":\"https:\/\/ecotextile.eu\/wp-content\/uploads\/2024\/06\/cozy-1.webp\",\"contentUrl\":\"https:\/\/ecotextile.eu\/wp-content\/uploads\/2024\/06\/cozy-1.webp\",\"width\":1200,\"height\":1800},{\"@type\":\"BreadcrumbList\",\"@id\":\"https:\/\/ecotextile.eu\/de\/product\/cozy-naturaalne-ohuvarskendaja\/#breadcrumb\",\"itemListElement\":[{\"@type\":\"ListItem\",\"position\":1,\"name\":\"\u0413\u043b\u0430\u0432\u043d\u0430\u044f \u0441\u0442\u0440\u0430\u043d\u0438\u0446\u0430\",\"item\":\"https:\/\/ecotextile.eu\/de\/\"},{\"@type\":\"ListItem\",\"position\":2,\"name\":\"Shop\",\"item\":\"https:\/\/ecotextile.eu\/de\/shop\/\"},{\"@type\":\"ListItem\",\"position\":3,\"name\":\"Nat\u00fcrliches Duft-Sachet COZY\"}]},{\"@type\":\"WebSite\",\"@id\":\"https:\/\/ecotextile.eu\/de\/#website\",\"url\":\"https:\/\/ecotextile.eu\/de\/\",\"name\":\"Ecotextile.EU\",\"description\":\"\",\"publisher\":{\"@id\":\"https:\/\/ecotextile.eu\/de\/#organization\"},\"alternateName\":\"Ecotextile.EU\",\"potentialAction\":[{\"@type\":\"SearchAction\",\"target\":{\"@type\":\"EntryPoint\",\"urlTemplate\":\"https:\/\/ecotextile.eu\/de\/?s={search_term_string}\"},\"query-input\":{\"@type\":\"PropertyValueSpecification\",\"valueRequired\":true,\"valueName\":\"search_term_string\"}}],\"inLanguage\":\"de\"},{\"@type\":\"Organization\",\"@id\":\"https:\/\/ecotextile.eu\/de\/#organization\",\"name\":\"ECOTEXTILE\",\"alternateName\":\"Ecotextile.EU\",\"url\":\"https:\/\/ecotextile.eu\/de\/\",\"logo\":{\"@type\":\"ImageObject\",\"inLanguage\":\"de\",\"@id\":\"https:\/\/ecotextile.eu\/de\/#\/schema\/logo\/image\/\",\"url\":\"https:\/\/ecotextile.eu\/wp-content\/uploads\/2025\/07\/ecotextile-logo2.png\",\"contentUrl\":\"https:\/\/ecotextile.eu\/wp-content\/uploads\/2025\/07\/ecotextile-logo2.png\",\"width\":512,\"height\":512,\"caption\":\"ECOTEXTILE\"},\"image\":{\"@id\":\"https:\/\/ecotextile.eu\/de\/#\/schema\/logo\/image\/\"},\"sameAs\":[\"https:\/\/www.facebook.com\/profile.php?id=61560592331035\",\"https:\/\/www.instagram.com\/ecotextile_elit\/\",\"https:\/\/www.tiktok.com\/@ecotextile.eu\",\"https:\/\/www.youtube.com\/channel\/UC6hBdz6IiDwoOP-n89o4_Rg\"],\"description\":\"Online pood EcoTextile pakub voodipesu, r\u00e4tikuid, pleede, hommikumantleid, koduriided ja riided. Tooted on valmistatud orgaanilistest kangastest: puuvill, lina, bambus, satiin ja kanep. Ecotextile'i n\u00e4idistesaal asub Peetris, seda saab k\u00fclastada eelneval kokkuleppel.\",\"email\":\"info@ecotextile.eu\",\"legalName\":\"ECOTEXTILE O\u00dc\",\"foundingDate\":\"2024-01-12\",\"numberOfEmployees\":{\"@type\":\"QuantitativeValue\",\"minValue\":\"1\",\"maxValue\":\"10\"}}]}<\/script>\n<!-- \/ Yoast SEO Premium plugin. -->","yoast_head_json":{"title":"Nat\u00fcrliches Duft-Sachet COZY | Ecotextile.EU","description":"Nat\u00fcrliches Duft-Sachet COZY. Effektiv zur Beduftung von R\u00e4umen und Schr\u00e4nken. Erh\u00e4ltlich in angenehmen D\u00fcften. Bestellen Sie noch heute bei EcoTextile!","robots":{"index":"index","follow":"follow","max-snippet":"max-snippet:-1","max-image-preview":"max-image-preview:large","max-video-preview":"max-video-preview:-1"},"canonical":"https:\/\/ecotextile.eu\/de\/product\/cozy-naturaalne-ohuvarskendaja\/","og_locale":"de_DE","og_type":"article","og_title":"Nat\u00fcrliches Duft-Sachet COZY | Ecotextile.EU","og_description":"Nat\u00fcrliches Duft-Sachet COZY. Effektiv zur Beduftung von R\u00e4umen und Schr\u00e4nken. Erh\u00e4ltlich in angenehmen D\u00fcften. Bestellen Sie noch heute bei EcoTextile!","og_url":"https:\/\/ecotextile.eu\/de\/product\/cozy-naturaalne-ohuvarskendaja\/","og_site_name":"EcoTextile","article_publisher":"https:\/\/www.facebook.com\/profile.php?id=61560592331035","article_modified_time":"2025-08-12T13:19:23+00:00","og_image":[{"width":1200,"height":1800,"url":"https:\/\/ecotextile.eu\/wp-content\/uploads\/2024\/06\/cozy-1.webp","type":"image\/webp"}],"twitter_card":"summary_large_image","twitter_title":"Nat\u00fcrliches Duft-Sachet COZY | Ecotextile.EU","twitter_description":"Nat\u00fcrliches Duft-Sachet COZY. Effektiv zur Beduftung von R\u00e4umen und Schr\u00e4nken. Erh\u00e4ltlich in angenehmen D\u00fcften. Bestellen Sie noch heute bei EcoTextile!","twitter_misc":{"Gesch\u00e4tzte Lesezeit":"1\u00a0Minute"},"schema":{"@context":"https:\/\/schema.org","@graph":[{"@type":"WebPage","@id":"https:\/\/ecotextile.eu\/de\/product\/cozy-naturaalne-ohuvarskendaja\/","url":"https:\/\/ecotextile.eu\/de\/product\/cozy-naturaalne-ohuvarskendaja\/","name":"Nat\u00fcrliches Duft-Sachet COZY | Ecotextile.EU","isPartOf":{"@id":"https:\/\/ecotextile.eu\/de\/#website"},"primaryImageOfPage":{"@id":"https:\/\/ecotextile.eu\/de\/product\/cozy-naturaalne-ohuvarskendaja\/#primaryimage"},"image":{"@id":"https:\/\/ecotextile.eu\/de\/product\/cozy-naturaalne-ohuvarskendaja\/#primaryimage"},"thumbnailUrl":"https:\/\/ecotextile.eu\/wp-content\/uploads\/2024\/06\/cozy-1.webp","datePublished":"2024-06-11T19:11:43+00:00","dateModified":"2025-08-12T13:19:23+00:00","description":"Nat\u00fcrliches Duft-Sachet COZY. Effektiv zur Beduftung von R\u00e4umen und Schr\u00e4nken. Erh\u00e4ltlich in angenehmen D\u00fcften. Bestellen Sie noch heute bei EcoTextile!","breadcrumb":{"@id":"https:\/\/ecotextile.eu\/de\/product\/cozy-naturaalne-ohuvarskendaja\/#breadcrumb"},"inLanguage":"de","potentialAction":[{"@type":"ReadAction","target":["https:\/\/ecotextile.eu\/de\/product\/cozy-naturaalne-ohuvarskendaja\/"]}]},{"@type":"ImageObject","inLanguage":"de","@id":"https:\/\/ecotextile.eu\/de\/product\/cozy-naturaalne-ohuvarskendaja\/#primaryimage","url":"https:\/\/ecotextile.eu\/wp-content\/uploads\/2024\/06\/cozy-1.webp","contentUrl":"https:\/\/ecotextile.eu\/wp-content\/uploads\/2024\/06\/cozy-1.webp","width":1200,"height":1800},{"@type":"BreadcrumbList","@id":"https:\/\/ecotextile.eu\/de\/product\/cozy-naturaalne-ohuvarskendaja\/#breadcrumb","itemListElement":[{"@type":"ListItem","position":1,"name":"\u0413\u043b\u0430\u0432\u043d\u0430\u044f \u0441\u0442\u0440\u0430\u043d\u0438\u0446\u0430","item":"https:\/\/ecotextile.eu\/de\/"},{"@type":"ListItem","position":2,"name":"Shop","item":"https:\/\/ecotextile.eu\/de\/shop\/"},{"@type":"ListItem","position":3,"name":"Nat\u00fcrliches Duft-Sachet COZY"}]},{"@type":"WebSite","@id":"https:\/\/ecotextile.eu\/de\/#website","url":"https:\/\/ecotextile.eu\/de\/","name":"Ecotextile.EU","description":"","publisher":{"@id":"https:\/\/ecotextile.eu\/de\/#organization"},"alternateName":"Ecotextile.EU","potentialAction":[{"@type":"SearchAction","target":{"@type":"EntryPoint","urlTemplate":"https:\/\/ecotextile.eu\/de\/?s={search_term_string}"},"query-input":{"@type":"PropertyValueSpecification","valueRequired":true,"valueName":"search_term_string"}}],"inLanguage":"de"},{"@type":"Organization","@id":"https:\/\/ecotextile.eu\/de\/#organization","name":"ECOTEXTILE","alternateName":"Ecotextile.EU","url":"https:\/\/ecotextile.eu\/de\/","logo":{"@type":"ImageObject","inLanguage":"de","@id":"https:\/\/ecotextile.eu\/de\/#\/schema\/logo\/image\/","url":"https:\/\/ecotextile.eu\/wp-content\/uploads\/2025\/07\/ecotextile-logo2.png","contentUrl":"https:\/\/ecotextile.eu\/wp-content\/uploads\/2025\/07\/ecotextile-logo2.png","width":512,"height":512,"caption":"ECOTEXTILE"},"image":{"@id":"https:\/\/ecotextile.eu\/de\/#\/schema\/logo\/image\/"},"sameAs":["https:\/\/www.facebook.com\/profile.php?id=61560592331035","https:\/\/www.instagram.com\/ecotextile_elit\/","https:\/\/www.tiktok.com\/@ecotextile.eu","https:\/\/www.youtube.com\/channel\/UC6hBdz6IiDwoOP-n89o4_Rg"],"description":"Online pood EcoTextile pakub voodipesu, r\u00e4tikuid, pleede, hommikumantleid, koduriided ja riided. Tooted on valmistatud orgaanilistest kangastest: puuvill, lina, bambus, satiin ja kanep. Ecotextile'i n\u00e4idistesaal asub Peetris, seda saab k\u00fclastada eelneval kokkuleppel.","email":"info@ecotextile.eu","legalName":"ECOTEXTILE O\u00dc","foundingDate":"2024-01-12","numberOfEmployees":{"@type":"QuantitativeValue","minValue":"1","maxValue":"10"}}]}},"_links":{"self":[{"href":"https:\/\/ecotextile.eu\/de\/wp-json\/wp\/v2\/product\/19939","targetHints":{"allow":["GET"]}}],"collection":[{"href":"https:\/\/ecotextile.eu\/de\/wp-json\/wp\/v2\/product"}],"about":[{"href":"https:\/\/ecotextile.eu\/de\/wp-json\/wp\/v2\/types\/product"}],"replies":[{"embeddable":true,"href":"https:\/\/ecotextile.eu\/de\/wp-json\/wp\/v2\/comments?post=19939"}],"version-history":[{"count":2,"href":"https:\/\/ecotextile.eu\/de\/wp-json\/wp\/v2\/product\/19939\/revisions"}],"predecessor-version":[{"id":21167,"href":"https:\/\/ecotextile.eu\/de\/wp-json\/wp\/v2\/product\/19939\/revisions\/21167"}],"wp:featuredmedia":[{"embeddable":true,"href":"https:\/\/ecotextile.eu\/de\/wp-json\/wp\/v2\/media\/19940"}],"wp:attachment":[{"href":"https:\/\/ecotextile.eu\/de\/wp-json\/wp\/v2\/media?parent=19939"}],"wp:term":[{"taxonomy":"product_brand","embeddable":true,"href":"https:\/\/ecotextile.eu\/de\/wp-json\/wp\/v2\/product_brand?post=19939"},{"taxonomy":"product_cat","embeddable":true,"href":"https:\/\/ecotextile.eu\/de\/wp-json\/wp\/v2\/product_cat?post=19939"},{"taxonomy":"product_tag","embeddable":true,"href":"https:\/\/ecotextile.eu\/de\/wp-json\/wp\/v2\/product_tag?post=19939"}],"curies":[{"name":"wp","href":"https:\/\/api.w.org\/{rel}","templated":true}]}}