{"id":19808,"date":"2024-09-01T18:33:39","date_gmt":"2024-09-01T15:33:39","guid":{"rendered":"https:\/\/ecotextile.eu\/product\/ashi\/"},"modified":"2025-08-12T12:58:37","modified_gmt":"2025-08-12T09:58:37","slug":"ashi","status":"publish","type":"product","link":"https:\/\/ecotextile.eu\/de\/product\/ashi\/","title":{"rendered":"Bettw\u00e4sche-Set ASHI"},"content":{"rendered":"<p>ASHI voodipesu komplekt on valmistatud 60% &#8222;TENCEL\u2122 Lyocell&#8220;, 40% puuvill (satiin)<\/p>\n<ul>\n<li>TENCEL\u2122 Lyocell&#8217;i kiudude sile pind, mis on saadud sellistest puudest nagu p\u00f6\u00f6k, kuusk ja eukal\u00fcpt, mis p\u00e4rinevad j\u00e4tkusuutlikest metsadest, imab niiskust t\u00f5husamalt kui puuvill, pakkudes teie kehale meeldivat jahedustunnet ja kuivust kogu \u00f6\u00f6 v\u00e4ltel.<\/li>\n<li>Oma v\u00f5ime t\u00f5ttu t\u00f5husalt niiskust imada loob see kangale keskkonna, mis ei soodusta bakterite kasvu, tagades seel\u00e4bi h\u00fcgieenilisema keskkonna. See parandab teie une ja elukvaliteeti t\u00e4nu oma siidisele pehmusele, loomulikule l\u00e4ikele ja siledale pinnale.<\/li>\n<\/ul>\n<p>Meie tekikotid on varustatud vastupidavate t\u00f5mblukkudega. T\u00e4nu tekikoti otsas paiknevale t\u00f5mblukule on tekikoti vahetamine v\u00e4ga lihtne protsess.<\/p>\n<p><strong>Komplekti kuulub:<\/strong><\/p>\n<ul>\n<li>1tk : Tekikott 200\u00d7220 cm<\/li>\n<li>1tk : Lina: 260\u00d7270 cm<\/li>\n<li>2tk : Padjap\u00fc\u00fcr 50\u00d770 cm<\/li>\n<li>2tk : Dekoratiivne padjap\u00fc\u00fcr 50\u00d770+5 cm<\/li>\n<li>1tk : Stiilne pakend<\/li>\n<\/ul>\n","protected":false},"excerpt":{"rendered":"<p><strong><a class=\"hover-zoom\" href=\"https:\/\/ecotextile.eu\/de\/tuup\/naturprodukte\/\" target=\"_blank\" rel=\"noopener\"><img decoding=\"async\" class=\"alignnone wp-image-9964 lazyloaded\" src=\"https:\/\/ecotextile.eu\/wp-content\/uploads\/2024\/12\/ecotextile.png\" alt=\"\" width=\"50\" height=\"46\" data-src=\"https:\/\/ecotextile.eu\/wp-content\/uploads\/2024\/12\/ecotextile.png\" \/><\/a> \u00a0 \u00a0 <a class=\"hover-zoom\" href=\"https:\/\/ecotextile.eu\/de\/gift-ideas\/\" target=\"_blank\" rel=\"noopener\"><img decoding=\"async\" class=\"alignnone size-full wp-image-12379 ls-is-cached lazyloaded\" src=\"https:\/\/ecotextile.eu\/wp-content\/uploads\/2024\/06\/gift-box1.png\" alt=\"\" width=\"40\" height=\"40\" data-src=\"https:\/\/ecotextile.eu\/wp-content\/uploads\/2024\/06\/gift-box1.png\" \/><\/a>\u00a0 \u00a0 \u00a0 <\/strong><br \/>\n<strong>60% &#8222;TENCEL\u2122 Lyocell&#8220;, 40% puuvill (satiin)<\/strong><\/p>\n<ul>\n<li><strong>Mudel: <\/strong>ASHI<\/li>\n<li><strong>Suurus:<\/strong> 200\u00d7220 cm<\/li>\n<li><strong>Koostis:<\/strong> 60% TENCEL\u2122 Lyocell, 40% puuvill (satiin)<\/li>\n<li><strong>V\u00e4rv:<\/strong> Mustriga voodipesu<\/li>\n<li><strong>Toote erip\u00e4rad: <\/strong>T\u00f5mblukuga tekikott<\/li>\n<li><a href=\"https:\/\/ecotextile.eu\/de\/delivery-and-payment\/\" target=\"_blank\" rel=\"noopener\"><strong>Tarne:<\/strong><\/a> tasuta alates 30\u20ac*(<a href=\"https:\/\/ecotextile.eu\/de\/delivery-and-payment\/\" target=\"_blank\" rel=\"noopener\">Vaadake oma piirkonna jaoks<\/a>)<\/li>\n<\/ul>\n<p>&nbsp;<\/p>\n","protected":false},"featured_media":19803,"comment_status":"closed","ping_status":"closed","template":"","meta":{"_acf_changed":false,"om_disable_all_campaigns":false,"_monsterinsights_skip_tracking":false,"_monsterinsights_sitenote_active":false,"_monsterinsights_sitenote_note":"","_monsterinsights_sitenote_category":0,"_uf_show_specific_survey":0,"_uf_disable_surveys":false},"product_brand":[],"product_cat":[562,574,590,588,556,559,582,581,579,578],"product_tag":[],"class_list":{"0":"post-19808","1":"product","2":"type-product","3":"status-publish","4":"has-post-thumbnail","6":"product_cat-uncategorized-de","7":"product_cat-baumwollbettwaesche","8":"product_cat-bettwaesche-sets","9":"product_cat-geschenke","10":"product_cat-geschenke-fuer-frauen","11":"product_cat-hochwertige-bettwaesche","12":"product_cat-lyocell-bettwaesche","13":"product_cat-rabatte","14":"product_cat-satin-bettwaesche-set","15":"product_cat-satinbettwaesche","16":"pa_brand-issimo-de","17":"pa_koostis-baumwolle","18":"pa_koostis-baumwollsatin","19":"pa_koostis-tencel-lyocell-de","20":"pa_pakend-geschenkverpackung","21":"pa_suurus-200220-de","22":"pa_tuup-alle-produkte","23":"pa_tuup-naturprodukte","24":"pa_varv-beige-de","25":"pa_varv-blau","26":"pa_varv-grau","27":"pa_varv-ornament-de","29":"first","30":"outofstock","31":"shipping-taxable","32":"purchasable","33":"product-type-simple"},"acf":[],"yoast_head":"<!-- This site is optimized with the Yoast SEO Premium plugin v24.7 (Yoast SEO v27.2) - https:\/\/yoast.com\/product\/yoast-seo-premium-wordpress\/ -->\n<title>Bettw\u00e4sche-Set ASHI | Ecotextile.EU<\/title>\n<meta name=\"description\" content=\"Naturtextilien, Kleidung &amp; Accessoires | Premiumqualit\u00e4t | Geschenkgeeignet | Schneller Versand | Lieferung in ganz Europa\" \/>\n<meta name=\"robots\" content=\"index, follow, max-snippet:-1, max-image-preview:large, max-video-preview:-1\" \/>\n<link rel=\"canonical\" href=\"https:\/\/ecotextile.eu\/de\/product\/ashi\/\" \/>\n<meta property=\"og:locale\" content=\"de_DE\" \/>\n<meta property=\"og:type\" content=\"article\" \/>\n<meta property=\"og:title\" content=\"Bettw\u00e4sche-Set ASHI | Ecotextile.EU\" \/>\n<meta property=\"og:description\" content=\"Naturtextilien, Kleidung &amp; Accessoires | Premiumqualit\u00e4t | Geschenkgeeignet | Schneller Versand | Lieferung in ganz Europa\" \/>\n<meta property=\"og:url\" content=\"https:\/\/ecotextile.eu\/de\/product\/ashi\/\" \/>\n<meta property=\"og:site_name\" content=\"EcoTextile\" \/>\n<meta property=\"article:publisher\" content=\"https:\/\/www.facebook.com\/profile.php?id=61560592331035\" \/>\n<meta property=\"article:modified_time\" content=\"2025-08-12T09:58:37+00:00\" \/>\n<meta property=\"og:image\" content=\"https:\/\/ecotextile.eu\/wp-content\/uploads\/2024\/09\/ASHI1.webp\" \/>\n\t<meta property=\"og:image:width\" content=\"1200\" \/>\n\t<meta property=\"og:image:height\" content=\"1800\" \/>\n\t<meta property=\"og:image:type\" content=\"image\/webp\" \/>\n<meta name=\"twitter:card\" content=\"summary_large_image\" \/>\n<meta name=\"twitter:title\" content=\"Bettw\u00e4sche-Set ASHI | Ecotextile.EU\" \/>\n<meta name=\"twitter:description\" content=\"Naturtextilien, Kleidung &amp; Accessoires | Premiumqualit\u00e4t | Geschenkgeeignet | Schneller Versand | Lieferung in ganz Europa\" \/>\n<meta name=\"twitter:label1\" content=\"Gesch\u00e4tzte Lesezeit\" \/>\n\t<meta name=\"twitter:data1\" content=\"1\u00a0Minute\" \/>\n<script type=\"application\/ld+json\" class=\"yoast-schema-graph\">{\"@context\":\"https:\/\/schema.org\",\"@graph\":[{\"@type\":\"WebPage\",\"@id\":\"https:\/\/ecotextile.eu\/de\/product\/ashi\/\",\"url\":\"https:\/\/ecotextile.eu\/de\/product\/ashi\/\",\"name\":\"Bettw\u00e4sche-Set ASHI | Ecotextile.EU\",\"isPartOf\":{\"@id\":\"https:\/\/ecotextile.eu\/de\/#website\"},\"primaryImageOfPage\":{\"@id\":\"https:\/\/ecotextile.eu\/de\/product\/ashi\/#primaryimage\"},\"image\":{\"@id\":\"https:\/\/ecotextile.eu\/de\/product\/ashi\/#primaryimage\"},\"thumbnailUrl\":\"https:\/\/ecotextile.eu\/wp-content\/uploads\/2024\/09\/ASHI1.webp\",\"datePublished\":\"2024-09-01T15:33:39+00:00\",\"dateModified\":\"2025-08-12T09:58:37+00:00\",\"description\":\"Naturtextilien, Kleidung & Accessoires | Premiumqualit\u00e4t | Geschenkgeeignet | Schneller Versand | Lieferung in ganz Europa\",\"breadcrumb\":{\"@id\":\"https:\/\/ecotextile.eu\/de\/product\/ashi\/#breadcrumb\"},\"inLanguage\":\"de\",\"potentialAction\":[{\"@type\":\"ReadAction\",\"target\":[\"https:\/\/ecotextile.eu\/de\/product\/ashi\/\"]}]},{\"@type\":\"ImageObject\",\"inLanguage\":\"de\",\"@id\":\"https:\/\/ecotextile.eu\/de\/product\/ashi\/#primaryimage\",\"url\":\"https:\/\/ecotextile.eu\/wp-content\/uploads\/2024\/09\/ASHI1.webp\",\"contentUrl\":\"https:\/\/ecotextile.eu\/wp-content\/uploads\/2024\/09\/ASHI1.webp\",\"width\":1200,\"height\":1800},{\"@type\":\"BreadcrumbList\",\"@id\":\"https:\/\/ecotextile.eu\/de\/product\/ashi\/#breadcrumb\",\"itemListElement\":[{\"@type\":\"ListItem\",\"position\":1,\"name\":\"\u0413\u043b\u0430\u0432\u043d\u0430\u044f \u0441\u0442\u0440\u0430\u043d\u0438\u0446\u0430\",\"item\":\"https:\/\/ecotextile.eu\/de\/\"},{\"@type\":\"ListItem\",\"position\":2,\"name\":\"Shop\",\"item\":\"https:\/\/ecotextile.eu\/de\/shop\/\"},{\"@type\":\"ListItem\",\"position\":3,\"name\":\"Bettw\u00e4sche-Set ASHI\"}]},{\"@type\":\"WebSite\",\"@id\":\"https:\/\/ecotextile.eu\/de\/#website\",\"url\":\"https:\/\/ecotextile.eu\/de\/\",\"name\":\"Ecotextile.EU\",\"description\":\"\",\"publisher\":{\"@id\":\"https:\/\/ecotextile.eu\/de\/#organization\"},\"alternateName\":\"Ecotextile.EU\",\"potentialAction\":[{\"@type\":\"SearchAction\",\"target\":{\"@type\":\"EntryPoint\",\"urlTemplate\":\"https:\/\/ecotextile.eu\/de\/?s={search_term_string}\"},\"query-input\":{\"@type\":\"PropertyValueSpecification\",\"valueRequired\":true,\"valueName\":\"search_term_string\"}}],\"inLanguage\":\"de\"},{\"@type\":\"Organization\",\"@id\":\"https:\/\/ecotextile.eu\/de\/#organization\",\"name\":\"ECOTEXTILE\",\"alternateName\":\"Ecotextile.EU\",\"url\":\"https:\/\/ecotextile.eu\/de\/\",\"logo\":{\"@type\":\"ImageObject\",\"inLanguage\":\"de\",\"@id\":\"https:\/\/ecotextile.eu\/de\/#\/schema\/logo\/image\/\",\"url\":\"https:\/\/ecotextile.eu\/wp-content\/uploads\/2025\/07\/ecotextile-logo2.png\",\"contentUrl\":\"https:\/\/ecotextile.eu\/wp-content\/uploads\/2025\/07\/ecotextile-logo2.png\",\"width\":512,\"height\":512,\"caption\":\"ECOTEXTILE\"},\"image\":{\"@id\":\"https:\/\/ecotextile.eu\/de\/#\/schema\/logo\/image\/\"},\"sameAs\":[\"https:\/\/www.facebook.com\/profile.php?id=61560592331035\",\"https:\/\/www.instagram.com\/ecotextile_elit\/\",\"https:\/\/www.tiktok.com\/@ecotextile.eu\",\"https:\/\/www.youtube.com\/channel\/UC6hBdz6IiDwoOP-n89o4_Rg\"],\"description\":\"Online pood EcoTextile pakub voodipesu, r\u00e4tikuid, pleede, hommikumantleid, koduriided ja riided. Tooted on valmistatud orgaanilistest kangastest: puuvill, lina, bambus, satiin ja kanep. Ecotextile'i n\u00e4idistesaal asub Peetris, seda saab k\u00fclastada eelneval kokkuleppel.\",\"email\":\"info@ecotextile.eu\",\"legalName\":\"ECOTEXTILE O\u00dc\",\"foundingDate\":\"2024-01-12\",\"numberOfEmployees\":{\"@type\":\"QuantitativeValue\",\"minValue\":\"1\",\"maxValue\":\"10\"}}]}<\/script>\n<!-- \/ Yoast SEO Premium plugin. -->","yoast_head_json":{"title":"Bettw\u00e4sche-Set ASHI | Ecotextile.EU","description":"Naturtextilien, Kleidung & Accessoires | Premiumqualit\u00e4t | Geschenkgeeignet | Schneller Versand | Lieferung in ganz Europa","robots":{"index":"index","follow":"follow","max-snippet":"max-snippet:-1","max-image-preview":"max-image-preview:large","max-video-preview":"max-video-preview:-1"},"canonical":"https:\/\/ecotextile.eu\/de\/product\/ashi\/","og_locale":"de_DE","og_type":"article","og_title":"Bettw\u00e4sche-Set ASHI | Ecotextile.EU","og_description":"Naturtextilien, Kleidung & Accessoires | Premiumqualit\u00e4t | Geschenkgeeignet | Schneller Versand | Lieferung in ganz Europa","og_url":"https:\/\/ecotextile.eu\/de\/product\/ashi\/","og_site_name":"EcoTextile","article_publisher":"https:\/\/www.facebook.com\/profile.php?id=61560592331035","article_modified_time":"2025-08-12T09:58:37+00:00","og_image":[{"width":1200,"height":1800,"url":"https:\/\/ecotextile.eu\/wp-content\/uploads\/2024\/09\/ASHI1.webp","type":"image\/webp"}],"twitter_card":"summary_large_image","twitter_title":"Bettw\u00e4sche-Set ASHI | Ecotextile.EU","twitter_description":"Naturtextilien, Kleidung & Accessoires | Premiumqualit\u00e4t | Geschenkgeeignet | Schneller Versand | Lieferung in ganz Europa","twitter_misc":{"Gesch\u00e4tzte Lesezeit":"1\u00a0Minute"},"schema":{"@context":"https:\/\/schema.org","@graph":[{"@type":"WebPage","@id":"https:\/\/ecotextile.eu\/de\/product\/ashi\/","url":"https:\/\/ecotextile.eu\/de\/product\/ashi\/","name":"Bettw\u00e4sche-Set ASHI | Ecotextile.EU","isPartOf":{"@id":"https:\/\/ecotextile.eu\/de\/#website"},"primaryImageOfPage":{"@id":"https:\/\/ecotextile.eu\/de\/product\/ashi\/#primaryimage"},"image":{"@id":"https:\/\/ecotextile.eu\/de\/product\/ashi\/#primaryimage"},"thumbnailUrl":"https:\/\/ecotextile.eu\/wp-content\/uploads\/2024\/09\/ASHI1.webp","datePublished":"2024-09-01T15:33:39+00:00","dateModified":"2025-08-12T09:58:37+00:00","description":"Naturtextilien, Kleidung & Accessoires | Premiumqualit\u00e4t | Geschenkgeeignet | Schneller Versand | Lieferung in ganz Europa","breadcrumb":{"@id":"https:\/\/ecotextile.eu\/de\/product\/ashi\/#breadcrumb"},"inLanguage":"de","potentialAction":[{"@type":"ReadAction","target":["https:\/\/ecotextile.eu\/de\/product\/ashi\/"]}]},{"@type":"ImageObject","inLanguage":"de","@id":"https:\/\/ecotextile.eu\/de\/product\/ashi\/#primaryimage","url":"https:\/\/ecotextile.eu\/wp-content\/uploads\/2024\/09\/ASHI1.webp","contentUrl":"https:\/\/ecotextile.eu\/wp-content\/uploads\/2024\/09\/ASHI1.webp","width":1200,"height":1800},{"@type":"BreadcrumbList","@id":"https:\/\/ecotextile.eu\/de\/product\/ashi\/#breadcrumb","itemListElement":[{"@type":"ListItem","position":1,"name":"\u0413\u043b\u0430\u0432\u043d\u0430\u044f \u0441\u0442\u0440\u0430\u043d\u0438\u0446\u0430","item":"https:\/\/ecotextile.eu\/de\/"},{"@type":"ListItem","position":2,"name":"Shop","item":"https:\/\/ecotextile.eu\/de\/shop\/"},{"@type":"ListItem","position":3,"name":"Bettw\u00e4sche-Set ASHI"}]},{"@type":"WebSite","@id":"https:\/\/ecotextile.eu\/de\/#website","url":"https:\/\/ecotextile.eu\/de\/","name":"Ecotextile.EU","description":"","publisher":{"@id":"https:\/\/ecotextile.eu\/de\/#organization"},"alternateName":"Ecotextile.EU","potentialAction":[{"@type":"SearchAction","target":{"@type":"EntryPoint","urlTemplate":"https:\/\/ecotextile.eu\/de\/?s={search_term_string}"},"query-input":{"@type":"PropertyValueSpecification","valueRequired":true,"valueName":"search_term_string"}}],"inLanguage":"de"},{"@type":"Organization","@id":"https:\/\/ecotextile.eu\/de\/#organization","name":"ECOTEXTILE","alternateName":"Ecotextile.EU","url":"https:\/\/ecotextile.eu\/de\/","logo":{"@type":"ImageObject","inLanguage":"de","@id":"https:\/\/ecotextile.eu\/de\/#\/schema\/logo\/image\/","url":"https:\/\/ecotextile.eu\/wp-content\/uploads\/2025\/07\/ecotextile-logo2.png","contentUrl":"https:\/\/ecotextile.eu\/wp-content\/uploads\/2025\/07\/ecotextile-logo2.png","width":512,"height":512,"caption":"ECOTEXTILE"},"image":{"@id":"https:\/\/ecotextile.eu\/de\/#\/schema\/logo\/image\/"},"sameAs":["https:\/\/www.facebook.com\/profile.php?id=61560592331035","https:\/\/www.instagram.com\/ecotextile_elit\/","https:\/\/www.tiktok.com\/@ecotextile.eu","https:\/\/www.youtube.com\/channel\/UC6hBdz6IiDwoOP-n89o4_Rg"],"description":"Online pood EcoTextile pakub voodipesu, r\u00e4tikuid, pleede, hommikumantleid, koduriided ja riided. Tooted on valmistatud orgaanilistest kangastest: puuvill, lina, bambus, satiin ja kanep. Ecotextile'i n\u00e4idistesaal asub Peetris, seda saab k\u00fclastada eelneval kokkuleppel.","email":"info@ecotextile.eu","legalName":"ECOTEXTILE O\u00dc","foundingDate":"2024-01-12","numberOfEmployees":{"@type":"QuantitativeValue","minValue":"1","maxValue":"10"}}]}},"_links":{"self":[{"href":"https:\/\/ecotextile.eu\/de\/wp-json\/wp\/v2\/product\/19808","targetHints":{"allow":["GET"]}}],"collection":[{"href":"https:\/\/ecotextile.eu\/de\/wp-json\/wp\/v2\/product"}],"about":[{"href":"https:\/\/ecotextile.eu\/de\/wp-json\/wp\/v2\/types\/product"}],"replies":[{"embeddable":true,"href":"https:\/\/ecotextile.eu\/de\/wp-json\/wp\/v2\/comments?post=19808"}],"version-history":[{"count":2,"href":"https:\/\/ecotextile.eu\/de\/wp-json\/wp\/v2\/product\/19808\/revisions"}],"predecessor-version":[{"id":21117,"href":"https:\/\/ecotextile.eu\/de\/wp-json\/wp\/v2\/product\/19808\/revisions\/21117"}],"wp:featuredmedia":[{"embeddable":true,"href":"https:\/\/ecotextile.eu\/de\/wp-json\/wp\/v2\/media\/19803"}],"wp:attachment":[{"href":"https:\/\/ecotextile.eu\/de\/wp-json\/wp\/v2\/media?parent=19808"}],"wp:term":[{"taxonomy":"product_brand","embeddable":true,"href":"https:\/\/ecotextile.eu\/de\/wp-json\/wp\/v2\/product_brand?post=19808"},{"taxonomy":"product_cat","embeddable":true,"href":"https:\/\/ecotextile.eu\/de\/wp-json\/wp\/v2\/product_cat?post=19808"},{"taxonomy":"product_tag","embeddable":true,"href":"https:\/\/ecotextile.eu\/de\/wp-json\/wp\/v2\/product_tag?post=19808"}],"curies":[{"name":"wp","href":"https:\/\/api.w.org\/{rel}","templated":true}]}}