{"id":19206,"date":"2024-12-08T20:24:22","date_gmt":"2024-12-08T18:24:22","guid":{"rendered":"https:\/\/ecotextile.eu\/product\/voodilina-ja-padjapuurid-orchid-beige\/"},"modified":"2025-08-12T11:12:23","modified_gmt":"2025-08-12T08:12:23","slug":"voodilina-ja-padjapuurid-orchid-beige","status":"publish","type":"product","link":"https:\/\/ecotextile.eu\/de\/product\/voodilina-ja-padjapuurid-orchid-beige\/","title":{"rendered":"Bettlaken und Kissenbez\u00fcge ORCHID BEIGE (beige)"},"content":{"rendered":"<p>Komplekt ORCHID BEIGE koosneb kummiga voodilina ja kahest padjap\u00fc\u00fcrist. Valmistatud kvaliteetsest 100% puuvillasatiinist.<\/p>\n<p><strong>Komplekti kuulub:<\/strong><\/p>\n<ul>\n<li>1tk : Lina 160&#215;200+35 cm \/ 180&#215;200+35 cm<\/li>\n<li>2tk : Padjap\u00fc\u00fcr 50\u00d770 cm<\/li>\n<\/ul>\n<p>&nbsp;<\/p>\n","protected":false},"excerpt":{"rendered":"<p><strong>100%<\/strong><strong>\u00a0puuvill (satiin).\u00a0<\/strong><\/p>\n<ul>\n<li><strong>Mudel: <\/strong>Voodilina ja padjap\u00fc\u00fcrid ORCHID BEIGE<\/li>\n<li><strong>Suurus:<\/strong> 160&#215;200+35 cm \/ 180&#215;200+35 cm<\/li>\n<li><strong>Koostis:<\/strong> 100% puuvill, satiin<\/li>\n<li><strong>Satiini tihedus:<\/strong> 210TS<\/li>\n<li><strong>V\u00e4rv:<\/strong> bee\u017e<\/li>\n<\/ul>\n","protected":false},"featured_media":19211,"comment_status":"closed","ping_status":"closed","template":"","meta":{"_acf_changed":false,"om_disable_all_campaigns":false,"_monsterinsights_skip_tracking":false,"_monsterinsights_sitenote_active":false,"_monsterinsights_sitenote_note":"","_monsterinsights_sitenote_category":0,"_uf_show_specific_survey":0,"_uf_disable_surveys":false},"product_brand":[],"product_cat":[562,574,585,588,556,555,559,596,579,578,736],"product_tag":[],"class_list":{"0":"post-19206","1":"product","2":"type-product","3":"status-publish","4":"has-post-thumbnail","6":"product_cat-uncategorized-de","7":"product_cat-baumwollbettwaesche","8":"product_cat-bettlaken","9":"product_cat-geschenke","10":"product_cat-geschenke-fuer-frauen","11":"product_cat-geschenke-fuer-maenner","12":"product_cat-hochwertige-bettwaesche","13":"product_cat-neuheiten","14":"product_cat-satin-bettwaesche-set","15":"product_cat-satinbettwaesche","16":"product_cat-spannbettlaken","17":"pa_brand-issimo-de","18":"pa_koostis-baumwolle","19":"pa_koostis-baumwollsatin","20":"pa_suurus-16020035-5070-2-de","21":"pa_suurus-18020035-5070-2-de","22":"pa_tuup-alle-produkte","23":"pa_tuup-naturprodukte","24":"pa_varv-beige-de","26":"first","27":"instock","28":"shipping-taxable","29":"purchasable","30":"product-type-variable"},"acf":[],"yoast_head":"<!-- This site is optimized with the Yoast SEO Premium plugin v24.7 (Yoast SEO v27.2) - https:\/\/yoast.com\/product\/yoast-seo-premium-wordpress\/ -->\n<title>Bettlaken und Kissenbez\u00fcge ORCHID BEIGE (beige) | Ecotextile.EU<\/title>\n<meta name=\"description\" content=\"Naturtextilien, Kleidung &amp; Accessoires | Premiumqualit\u00e4t | Geschenkgeeignet | Schneller Versand | Lieferung in ganz Europa\" \/>\n<meta name=\"robots\" content=\"index, follow, max-snippet:-1, max-image-preview:large, max-video-preview:-1\" \/>\n<link rel=\"canonical\" href=\"https:\/\/ecotextile.eu\/de\/product\/voodilina-ja-padjapuurid-orchid-beige\/\" \/>\n<meta property=\"og:locale\" content=\"de_DE\" \/>\n<meta property=\"og:type\" content=\"article\" \/>\n<meta property=\"og:title\" content=\"Bettlaken und Kissenbez\u00fcge ORCHID BEIGE (beige) | Ecotextile.EU\" \/>\n<meta property=\"og:description\" content=\"Naturtextilien, Kleidung &amp; Accessoires | Premiumqualit\u00e4t | Geschenkgeeignet | Schneller Versand | Lieferung in ganz Europa\" \/>\n<meta property=\"og:url\" content=\"https:\/\/ecotextile.eu\/de\/product\/voodilina-ja-padjapuurid-orchid-beige\/\" \/>\n<meta property=\"og:site_name\" content=\"EcoTextile\" \/>\n<meta property=\"article:publisher\" content=\"https:\/\/www.facebook.com\/profile.php?id=61560592331035\" \/>\n<meta property=\"article:modified_time\" content=\"2025-08-12T08:12:23+00:00\" \/>\n<meta property=\"og:image\" content=\"https:\/\/ecotextile.eu\/wp-content\/uploads\/2024\/12\/ORCHID-BEIGE5.webp\" \/>\n\t<meta property=\"og:image:width\" content=\"1200\" \/>\n\t<meta property=\"og:image:height\" content=\"1800\" \/>\n\t<meta property=\"og:image:type\" content=\"image\/webp\" \/>\n<meta name=\"twitter:card\" content=\"summary_large_image\" \/>\n<meta name=\"twitter:title\" content=\"Bettlaken und Kissenbez\u00fcge ORCHID BEIGE (beige) | Ecotextile.EU\" \/>\n<meta name=\"twitter:description\" content=\"Naturtextilien, Kleidung &amp; Accessoires | Premiumqualit\u00e4t | Geschenkgeeignet | Schneller Versand | Lieferung in ganz Europa\" \/>\n<meta name=\"twitter:label1\" content=\"Gesch\u00e4tzte Lesezeit\" \/>\n\t<meta name=\"twitter:data1\" content=\"1\u00a0Minute\" \/>\n<script type=\"application\/ld+json\" class=\"yoast-schema-graph\">{\"@context\":\"https:\/\/schema.org\",\"@graph\":[{\"@type\":\"WebPage\",\"@id\":\"https:\/\/ecotextile.eu\/de\/product\/voodilina-ja-padjapuurid-orchid-beige\/\",\"url\":\"https:\/\/ecotextile.eu\/de\/product\/voodilina-ja-padjapuurid-orchid-beige\/\",\"name\":\"Bettlaken und Kissenbez\u00fcge ORCHID BEIGE (beige) | Ecotextile.EU\",\"isPartOf\":{\"@id\":\"https:\/\/ecotextile.eu\/de\/#website\"},\"primaryImageOfPage\":{\"@id\":\"https:\/\/ecotextile.eu\/de\/product\/voodilina-ja-padjapuurid-orchid-beige\/#primaryimage\"},\"image\":{\"@id\":\"https:\/\/ecotextile.eu\/de\/product\/voodilina-ja-padjapuurid-orchid-beige\/#primaryimage\"},\"thumbnailUrl\":\"https:\/\/ecotextile.eu\/wp-content\/uploads\/2024\/12\/ORCHID-BEIGE5.webp\",\"datePublished\":\"2024-12-08T18:24:22+00:00\",\"dateModified\":\"2025-08-12T08:12:23+00:00\",\"description\":\"Naturtextilien, Kleidung & Accessoires | Premiumqualit\u00e4t | Geschenkgeeignet | Schneller Versand | Lieferung in ganz Europa\",\"breadcrumb\":{\"@id\":\"https:\/\/ecotextile.eu\/de\/product\/voodilina-ja-padjapuurid-orchid-beige\/#breadcrumb\"},\"inLanguage\":\"de\",\"potentialAction\":[{\"@type\":\"ReadAction\",\"target\":[\"https:\/\/ecotextile.eu\/de\/product\/voodilina-ja-padjapuurid-orchid-beige\/\"]}]},{\"@type\":\"ImageObject\",\"inLanguage\":\"de\",\"@id\":\"https:\/\/ecotextile.eu\/de\/product\/voodilina-ja-padjapuurid-orchid-beige\/#primaryimage\",\"url\":\"https:\/\/ecotextile.eu\/wp-content\/uploads\/2024\/12\/ORCHID-BEIGE5.webp\",\"contentUrl\":\"https:\/\/ecotextile.eu\/wp-content\/uploads\/2024\/12\/ORCHID-BEIGE5.webp\",\"width\":1200,\"height\":1800},{\"@type\":\"BreadcrumbList\",\"@id\":\"https:\/\/ecotextile.eu\/de\/product\/voodilina-ja-padjapuurid-orchid-beige\/#breadcrumb\",\"itemListElement\":[{\"@type\":\"ListItem\",\"position\":1,\"name\":\"\u0413\u043b\u0430\u0432\u043d\u0430\u044f \u0441\u0442\u0440\u0430\u043d\u0438\u0446\u0430\",\"item\":\"https:\/\/ecotextile.eu\/de\/\"},{\"@type\":\"ListItem\",\"position\":2,\"name\":\"Shop\",\"item\":\"https:\/\/ecotextile.eu\/de\/shop\/\"},{\"@type\":\"ListItem\",\"position\":3,\"name\":\"Bettlaken und Kissenbez\u00fcge ORCHID BEIGE (beige)\"}]},{\"@type\":\"WebSite\",\"@id\":\"https:\/\/ecotextile.eu\/de\/#website\",\"url\":\"https:\/\/ecotextile.eu\/de\/\",\"name\":\"Ecotextile.EU\",\"description\":\"\",\"publisher\":{\"@id\":\"https:\/\/ecotextile.eu\/de\/#organization\"},\"alternateName\":\"Ecotextile.EU\",\"potentialAction\":[{\"@type\":\"SearchAction\",\"target\":{\"@type\":\"EntryPoint\",\"urlTemplate\":\"https:\/\/ecotextile.eu\/de\/?s={search_term_string}\"},\"query-input\":{\"@type\":\"PropertyValueSpecification\",\"valueRequired\":true,\"valueName\":\"search_term_string\"}}],\"inLanguage\":\"de\"},{\"@type\":\"Organization\",\"@id\":\"https:\/\/ecotextile.eu\/de\/#organization\",\"name\":\"ECOTEXTILE\",\"alternateName\":\"Ecotextile.EU\",\"url\":\"https:\/\/ecotextile.eu\/de\/\",\"logo\":{\"@type\":\"ImageObject\",\"inLanguage\":\"de\",\"@id\":\"https:\/\/ecotextile.eu\/de\/#\/schema\/logo\/image\/\",\"url\":\"https:\/\/ecotextile.eu\/wp-content\/uploads\/2025\/07\/ecotextile-logo2.png\",\"contentUrl\":\"https:\/\/ecotextile.eu\/wp-content\/uploads\/2025\/07\/ecotextile-logo2.png\",\"width\":512,\"height\":512,\"caption\":\"ECOTEXTILE\"},\"image\":{\"@id\":\"https:\/\/ecotextile.eu\/de\/#\/schema\/logo\/image\/\"},\"sameAs\":[\"https:\/\/www.facebook.com\/profile.php?id=61560592331035\",\"https:\/\/www.instagram.com\/ecotextile_elit\/\",\"https:\/\/www.tiktok.com\/@ecotextile.eu\",\"https:\/\/www.youtube.com\/channel\/UC6hBdz6IiDwoOP-n89o4_Rg\"],\"description\":\"Online pood EcoTextile pakub voodipesu, r\u00e4tikuid, pleede, hommikumantleid, koduriided ja riided. Tooted on valmistatud orgaanilistest kangastest: puuvill, lina, bambus, satiin ja kanep. Ecotextile'i n\u00e4idistesaal asub Peetris, seda saab k\u00fclastada eelneval kokkuleppel.\",\"email\":\"info@ecotextile.eu\",\"legalName\":\"ECOTEXTILE O\u00dc\",\"foundingDate\":\"2024-01-12\",\"numberOfEmployees\":{\"@type\":\"QuantitativeValue\",\"minValue\":\"1\",\"maxValue\":\"10\"}}]}<\/script>\n<!-- \/ Yoast SEO Premium plugin. -->","yoast_head_json":{"title":"Bettlaken und Kissenbez\u00fcge ORCHID BEIGE (beige) | Ecotextile.EU","description":"Naturtextilien, Kleidung & Accessoires | Premiumqualit\u00e4t | Geschenkgeeignet | Schneller Versand | Lieferung in ganz Europa","robots":{"index":"index","follow":"follow","max-snippet":"max-snippet:-1","max-image-preview":"max-image-preview:large","max-video-preview":"max-video-preview:-1"},"canonical":"https:\/\/ecotextile.eu\/de\/product\/voodilina-ja-padjapuurid-orchid-beige\/","og_locale":"de_DE","og_type":"article","og_title":"Bettlaken und Kissenbez\u00fcge ORCHID BEIGE (beige) | Ecotextile.EU","og_description":"Naturtextilien, Kleidung & Accessoires | Premiumqualit\u00e4t | Geschenkgeeignet | Schneller Versand | Lieferung in ganz Europa","og_url":"https:\/\/ecotextile.eu\/de\/product\/voodilina-ja-padjapuurid-orchid-beige\/","og_site_name":"EcoTextile","article_publisher":"https:\/\/www.facebook.com\/profile.php?id=61560592331035","article_modified_time":"2025-08-12T08:12:23+00:00","og_image":[{"width":1200,"height":1800,"url":"https:\/\/ecotextile.eu\/wp-content\/uploads\/2024\/12\/ORCHID-BEIGE5.webp","type":"image\/webp"}],"twitter_card":"summary_large_image","twitter_title":"Bettlaken und Kissenbez\u00fcge ORCHID BEIGE (beige) | Ecotextile.EU","twitter_description":"Naturtextilien, Kleidung & Accessoires | Premiumqualit\u00e4t | Geschenkgeeignet | Schneller Versand | Lieferung in ganz Europa","twitter_misc":{"Gesch\u00e4tzte Lesezeit":"1\u00a0Minute"},"schema":{"@context":"https:\/\/schema.org","@graph":[{"@type":"WebPage","@id":"https:\/\/ecotextile.eu\/de\/product\/voodilina-ja-padjapuurid-orchid-beige\/","url":"https:\/\/ecotextile.eu\/de\/product\/voodilina-ja-padjapuurid-orchid-beige\/","name":"Bettlaken und Kissenbez\u00fcge ORCHID BEIGE (beige) | Ecotextile.EU","isPartOf":{"@id":"https:\/\/ecotextile.eu\/de\/#website"},"primaryImageOfPage":{"@id":"https:\/\/ecotextile.eu\/de\/product\/voodilina-ja-padjapuurid-orchid-beige\/#primaryimage"},"image":{"@id":"https:\/\/ecotextile.eu\/de\/product\/voodilina-ja-padjapuurid-orchid-beige\/#primaryimage"},"thumbnailUrl":"https:\/\/ecotextile.eu\/wp-content\/uploads\/2024\/12\/ORCHID-BEIGE5.webp","datePublished":"2024-12-08T18:24:22+00:00","dateModified":"2025-08-12T08:12:23+00:00","description":"Naturtextilien, Kleidung & Accessoires | Premiumqualit\u00e4t | Geschenkgeeignet | Schneller Versand | Lieferung in ganz Europa","breadcrumb":{"@id":"https:\/\/ecotextile.eu\/de\/product\/voodilina-ja-padjapuurid-orchid-beige\/#breadcrumb"},"inLanguage":"de","potentialAction":[{"@type":"ReadAction","target":["https:\/\/ecotextile.eu\/de\/product\/voodilina-ja-padjapuurid-orchid-beige\/"]}]},{"@type":"ImageObject","inLanguage":"de","@id":"https:\/\/ecotextile.eu\/de\/product\/voodilina-ja-padjapuurid-orchid-beige\/#primaryimage","url":"https:\/\/ecotextile.eu\/wp-content\/uploads\/2024\/12\/ORCHID-BEIGE5.webp","contentUrl":"https:\/\/ecotextile.eu\/wp-content\/uploads\/2024\/12\/ORCHID-BEIGE5.webp","width":1200,"height":1800},{"@type":"BreadcrumbList","@id":"https:\/\/ecotextile.eu\/de\/product\/voodilina-ja-padjapuurid-orchid-beige\/#breadcrumb","itemListElement":[{"@type":"ListItem","position":1,"name":"\u0413\u043b\u0430\u0432\u043d\u0430\u044f \u0441\u0442\u0440\u0430\u043d\u0438\u0446\u0430","item":"https:\/\/ecotextile.eu\/de\/"},{"@type":"ListItem","position":2,"name":"Shop","item":"https:\/\/ecotextile.eu\/de\/shop\/"},{"@type":"ListItem","position":3,"name":"Bettlaken und Kissenbez\u00fcge ORCHID BEIGE (beige)"}]},{"@type":"WebSite","@id":"https:\/\/ecotextile.eu\/de\/#website","url":"https:\/\/ecotextile.eu\/de\/","name":"Ecotextile.EU","description":"","publisher":{"@id":"https:\/\/ecotextile.eu\/de\/#organization"},"alternateName":"Ecotextile.EU","potentialAction":[{"@type":"SearchAction","target":{"@type":"EntryPoint","urlTemplate":"https:\/\/ecotextile.eu\/de\/?s={search_term_string}"},"query-input":{"@type":"PropertyValueSpecification","valueRequired":true,"valueName":"search_term_string"}}],"inLanguage":"de"},{"@type":"Organization","@id":"https:\/\/ecotextile.eu\/de\/#organization","name":"ECOTEXTILE","alternateName":"Ecotextile.EU","url":"https:\/\/ecotextile.eu\/de\/","logo":{"@type":"ImageObject","inLanguage":"de","@id":"https:\/\/ecotextile.eu\/de\/#\/schema\/logo\/image\/","url":"https:\/\/ecotextile.eu\/wp-content\/uploads\/2025\/07\/ecotextile-logo2.png","contentUrl":"https:\/\/ecotextile.eu\/wp-content\/uploads\/2025\/07\/ecotextile-logo2.png","width":512,"height":512,"caption":"ECOTEXTILE"},"image":{"@id":"https:\/\/ecotextile.eu\/de\/#\/schema\/logo\/image\/"},"sameAs":["https:\/\/www.facebook.com\/profile.php?id=61560592331035","https:\/\/www.instagram.com\/ecotextile_elit\/","https:\/\/www.tiktok.com\/@ecotextile.eu","https:\/\/www.youtube.com\/channel\/UC6hBdz6IiDwoOP-n89o4_Rg"],"description":"Online pood EcoTextile pakub voodipesu, r\u00e4tikuid, pleede, hommikumantleid, koduriided ja riided. Tooted on valmistatud orgaanilistest kangastest: puuvill, lina, bambus, satiin ja kanep. Ecotextile'i n\u00e4idistesaal asub Peetris, seda saab k\u00fclastada eelneval kokkuleppel.","email":"info@ecotextile.eu","legalName":"ECOTEXTILE O\u00dc","foundingDate":"2024-01-12","numberOfEmployees":{"@type":"QuantitativeValue","minValue":"1","maxValue":"10"}}]}},"_links":{"self":[{"href":"https:\/\/ecotextile.eu\/de\/wp-json\/wp\/v2\/product\/19206","targetHints":{"allow":["GET"]}}],"collection":[{"href":"https:\/\/ecotextile.eu\/de\/wp-json\/wp\/v2\/product"}],"about":[{"href":"https:\/\/ecotextile.eu\/de\/wp-json\/wp\/v2\/types\/product"}],"replies":[{"embeddable":true,"href":"https:\/\/ecotextile.eu\/de\/wp-json\/wp\/v2\/comments?post=19206"}],"version-history":[{"count":2,"href":"https:\/\/ecotextile.eu\/de\/wp-json\/wp\/v2\/product\/19206\/revisions"}],"predecessor-version":[{"id":21067,"href":"https:\/\/ecotextile.eu\/de\/wp-json\/wp\/v2\/product\/19206\/revisions\/21067"}],"wp:featuredmedia":[{"embeddable":true,"href":"https:\/\/ecotextile.eu\/de\/wp-json\/wp\/v2\/media\/19211"}],"wp:attachment":[{"href":"https:\/\/ecotextile.eu\/de\/wp-json\/wp\/v2\/media?parent=19206"}],"wp:term":[{"taxonomy":"product_brand","embeddable":true,"href":"https:\/\/ecotextile.eu\/de\/wp-json\/wp\/v2\/product_brand?post=19206"},{"taxonomy":"product_cat","embeddable":true,"href":"https:\/\/ecotextile.eu\/de\/wp-json\/wp\/v2\/product_cat?post=19206"},{"taxonomy":"product_tag","embeddable":true,"href":"https:\/\/ecotextile.eu\/de\/wp-json\/wp\/v2\/product_tag?post=19206"}],"curies":[{"name":"wp","href":"https:\/\/api.w.org\/{rel}","templated":true}]}}